{"id":5852,"date":"2021-09-01T20:36:39","date_gmt":"2021-10-02T19:25:48","guid":{"rendered":"https:\/\/beautysba.co.uk\/product\/sviezios-sultys-cukraus-kuno-sveitiklis-pasifloros-ir-makadamija-225-ml\/"},"modified":"2022-02-18T11:05:09","modified_gmt":"2022-02-18T11:05:09","slug":"svieziu-sulciu-cukraus-kuno-sveitiklis-pasifloros-i-m","status":"publish","type":"product","link":"https:\/\/beautysba.co.uk\/lt\/produktas\/svieziu-sulciu-cukraus-kuno-sveitiklis-pasifloros-i-m\/","title":{"rendered":"\u0160vie\u017eios sultys. Cukraus k\u016bno \u0161veitiklis. Pasifloros ir makadamija 225 ml"},"content":{"rendered":"<div class=\"docData;DOCY;v5;4839;BAiAAgAABoQCAAADHREAAAUrEQAAAAAAAAAAAAAAAAAAAAAAAAAAAAAAAAAAAAAAAAAAAAAAAAAAAAAAAAAAAAAAAAAAAAAAAAAAAAAAAAAAAAAAAAAAAAAAAAAAAAAAAAAAAAAAAAAAAAAAAAAAAAAAAAAAAAAAAAAAAAAAAAAAAAAAAAAAAAAAAAAAAAAAAAAAAAAAAAAAAAAAAAAAAAAAAAAAAAAAAAAAAAAAAAAAAAAAAAAAAAAAAAAAAAAAAAAAAAAAAAAAAAAAAAAAAAAAAAAAAAAAAAAAAAAAAAAAAAAAAAAAAAAAAAAAAAAAAAAAAAAAAAAAAAAAAAAAAAAAAAAAAAAAAAAAAAAAAAAAAAAAAAAAAAAAAAAAAAAAAAAAAAAAAAAAAAAAAAAAAAAAAAAAAAAAAAAAAAAAAAAAAAAAAAAAAAAAAAAAAAAAAAAAAAAAAAAAAAAAAAAAAAAAAAAAAAAAAAAAAAAAAAAAAAAAAAAAAAAAAAAAAAAAAAAAAAAAAAAAAAAAAAAAAAAAAAAAAAAAAAAAAAAAAAAAAAAAAAAAAAAAAAAAAAAAAAAAAAAAAAAAAAAAAAAAAAAAAAAAAAAAAAAAAAAAAAAAAAAAAAAAAAAAAAAAAAAAAAAAAAAAAAAAAAAAAAAAAAAAAAAAAAAAAAAAAAAAAAAAAAAAAAAAAAAAAAAAAAAAAAAAAAAAAAAAAAAAAAAAAAAAAAAAAAAAAAAAAAAAAAAAAAAAAAAAAAAAAAAAAAAAAAAAAAAAAAAAAAAAAAAAAAAAAAAAAAAAAAAAAAAAAAAAAAAAAAAAAAAAAAAAAAAAAAAAAAAAAAAAAAAAAAAAAAAAAACVDgAAAMAMAAABIwAAAAEGBgAAAAQFQQ4TAAkGAAAAABoGBQAAAAkDAAAAGwYAAAAAApMMAAAFdwAAAAEOAAAACQMAAAAcBgMAAAABAQ8IXwAAAABaAAAAFQRBBDsEOAQgAEIESwQgAD8EPgQ6BDsEPgQ9BD0EOARGBDAEIABNBDoENwQ+BEIEOARHBDUEQQQ6BDgERQQgADAEQAQ+BDwEMARCBD4EMgQsACAAQgQ+BCAABScAAAABDgAAAAkDAAAAHAYDAAAAAQEPCA8AAAAACgAAAEEEOgRABDAEMQQFHwAAAAEOAAAACQMAAAAcBgMAAAABAQ8IBwAAAAACAAAAIAAFKwAAAAEOAAAACQMAAAAcBgMAAAABAQ8IEwAAAAAOAAAAUABhAHMAcwBpAG8AbgAFHwAAAAEOAAAACQMAAAAcBgMAAAABAQ8IBwAAAAACAAAAIAAFJwAAAAEOAAAACQMAAAAcBgMAAAABAQ8IDwAAAAAKAAAARgByAHUAaQB0AAUjAAAAAQ4AAAAJAwAAABwGAwAAAAEBDwgLAAAAAAYAAAAgACYAIAAFLwAAAAEOAAAACQMAAAAcBgMAAAABAQ8IFwAAAAASAAAATQBhAGMAYQBkAGEAbQBpAGEABTkAAAABDgAAAAkDAAAAHAYDAAAAAQEPCCEAAAAAHAAAACAAQgQ1BDEETwQgAD8EPgQ6BD4EQAQ4BEIEIQAFHwAAAAEOAAAACQMAAAAcBgMAAAABAQ8IBwAAAAACAAAAIAAFOwAAAAEOAAAACQMAAAAcBgMAAAABAQ8IIwAAAAAeAAAAIQQ7BDAENAQ6BDgEOQQgADAEQAQ+BDwEMARCBCAABSsAAAABDgAAAAkDAAAAHAYDAAAAAQEPCBMAAAAADgAAAEEEPwQ1BDsEPgQ5BCAABS0AAAABDgAAAAkDAAAAHAYDAAAAAQEPCBUAAAAAEAAAADwEMARABDAEOgRDBDkEOAQFKQAAAAEOAAAACQMAAAAcBgMAAAABAQ8IEQAAAAAMAAAAIABDBDoEQAQwBEgEBSEAAAABDgAAAAkDAAAAHAYDAAAAAQEPCAkAAAAABAAAADUEPQQFJwAAAAEOAAAACQMAAAAcBgMAAAABAQ8IDwAAAAAKAAAAIABCBD4EPQQ6BAUjAAAAAQ4AAAAJAwAAABwGAwAAAAEBDwgLAAAAAAYAAAA4BDwEOAQFLQAAAAEOAAAACQMAAAAcBgMAAAABAQ8IFQAAAAAQAAAAIABGBDIENQRCBD4ERwQ9BAUjAAAAAQ4AAAAJAwAAABwGAwAAAAEBDwgLAAAAAAYAAABLBDwEOAQFJwAAAAEOAAAACQMAAAAcBgMAAAABAQ8IDwAAAAAKAAAAIAA9BD4EQgQ6BAUjAAAAAQ4AAAAJAwAAABwGAwAAAAEBDwgLAAAAAAYAAAAwBDwEOAQFHwAAAAEOAAAACQMAAAAcBgMAAAABAQ8IBwAAAAACAAAAIAAFLwAAAAEOAAAACQMAAAAcBgMAAAABAQ8IFwAAAAASAAAAPAQwBDoEMAQ0BDAEPAQ4BDgEBSUAAAABDgAAAAkDAAAAHAYDAAAAAQEPCA0AAAAACAAAACwAIAAyBCAABc8AAAABDgAAAAkDAAAAHAYDAAAAAQEPCLcAAAAAsgAAADoEPgRCBD4EQAQ+BDwEIABBBDIENQQ2BDUEQQRCBEwEIAA\/BDUEQAQ1BD8EOwQ1BEIEMARPBEEETAQgAEEEPgQgAEEEOwQwBDQEPgRBBEIETAROBCwAIAA0BDAEQAQ4BEIEIAA9BDUENwQwBDEESwQyBDAENQQ8BD4ENQQgAE0EOgQ3BD4EQgQ4BEcENQRBBDoEPgQ1BCAAQwQ0BD4EMgQ+BDsETARBBEIEMgQ4BDUELgAFMwAAAAEOAAAACQMAAAAcBgMAAAABAQ8IGwAAAAAWAAAAIAAtBDoEQQRCBEAEMAQ6BEIEIABEBAUlAAAAAQ4AAAAJAwAAABwGAwAAAAEBDwgNAAAAAAgAAABABEMEOgRCBAUfAAAAAQ4AAAAJAwAAABwGAwAAAAEBDwgHAAAAAAIAAAAwBAWTAAAAAQ4AAAAJAwAAABwGAwAAAAEBDwh7AAAAAHYAAAAgAEEEQgRABDAEQQRCBDgELAAgADgEPAQ1BD0EPQQ+BCAAQgQwBDoEIAA\/BDUEQAQ1BDIEPgQ0BDgEQgRBBE8EIABBBCAAQgQwBDkEQQQ6BD4EMwQ+BCAATwQ3BEsEOgQwBCAAPQQwBDcEMgQwBD0EOAQ1BCAABS0AAAABDgAAAAkDAAAAHAYDAAAAAQEPCBUAAAAAEAAAADwEMARABDAEOgRDBDkEOAQFIQAAAAEOAAAACQMAAAAcBgMAAAABAQ8ICQAAAAAEAAAALAAgAAUnAQAAAQ4AAAAJAwAAABwGAwAAAAEBDwgPAQAAAAoBAABBBD4ENAQ1BEAENgQ4BEIEIAAxBD4EOwRMBEgEPgQ1BCAAOgQ+BDsEOARHBDUEQQRCBDIEPgQgADIEOARCBDAEPAQ4BD0EPgQyBCAAOAQgAD0ENQQ9BDAEQQRLBEkENQQ9BD0ESwRFBCAANgQ4BEAEPQRLBEUEIAA6BDgEQQQ7BD4EQgQsACAAMQQ7BDAEMwQ+BDQEMARABE8EIABHBDUEPARDBCAAQwQ7BEMERwRIBDAENQRCBEEETwQgADoEQAQ+BDIEPgQ+BDEEQAQwBEkENQQ9BDgENQQgADgEIABDBDsEQwRHBEgEMAQ1BEIEQQRPBCAARgQyBDUEQgQgADoEPgQ2BDgELgAgAAUpAAAAAQ4AAAAJAwAAABwGAwAAAAEBDwgRAAAAAAwAAAAcBDAEQQQ7BD4EIAAFLwAAAAEOAAAACQMAAAAcBgMAAAABAQ8IFwAAAAASAAAAPAQwBDoEMAQ0BDAEPAQ4BDgEBUUAAAABDgAAAAkDAAAAHAYDAAAAAQEPCC0AAAAAKAAAACwAIAAyBEUEPgQ0BE8ESQQ1BDUEIAAyBCAAQQQ+BEEEQgQwBDIEIAAFKQAAAAEOAAAACQMAAAAcBgMAAAABAQ8IEQAAAAAMAAAAQQQ6BEAEMAQxBDAEBU8AAAABDgAAAAkDAAAAHAYDAAAAAQEPCDcAAAAAMgAAACwAIAA8BDMEPQQ+BDIENQQ9BD0EPgQgADIEPwQ4BEIESwQyBDAENQRCBEEETwQsACAABTMAAAABDgAAAAkDAAAAHAYDAAAAAQEPCBsAAAAAFgAAAD4EMQQ1BEEEPwQ1BEcEOAQyBDAETwQFVQAAAAEOAAAACQMAAAAcBgMAAAABAQ8IPQAAAAA4AAAAIAA8BE8EMwQ6BD4EQQRCBEwEIAA4BCAAQwQyBDsEMAQ2BD0ENQQ9BDgENQQgADoEPgQ2BDgELgAF+QAAAAEOAAAACQMAAAAcBgMAAAABAQ8I4QAAAAAoAAAAIAAiBEAEPgRBBEIEPQQ4BDoEPgQyBEsEOQQgAEEEMARFBDAEQAQgABQAAAAAAKoAAAAgAD4EQQQ9BD4EMgQ9BD4EOQQgADoEPgQ8BD8EPgQ9BDUEPQRCBCwAIAA+BDEENQRBBD8ENQRHBDgEMgQwBE4ESQQ4BDkEIAA8BE8EMwQ6BD4ENQQgADgEIAA+BDQEPQQ+BDIEQAQ1BDwENQQ9BD0EPgQgAE0ERAREBDUEOgRCBDgEMgQ9BD4ENQQgAD4ERwQ4BEkENQQ9BDgENQQgADoEPgQ2BDgELgAgAAU3AAAAAQ4AAAAJAwAAABwGAwAAAAEBDwgfAAAAABoAAAAhBDoEQAQwBDEEOARABD4EMgQwBD0EOAQ1BAXVAAAAAQ4AAAAJAwAAABwGAwAAAAEBDwi9AAAAALgAAAAgAD4EPwRCBDgEPAQwBDsETAQ9BD4EIABBBD4ERwQ1BEIEMARCBEwEIABBBCAAOwQ1BDMEOgQ4BDwEIAA8BDAEQQRBBDAENgQ1BDwEIAA0BDsETwQgAD4EMQQ1BEEEPwQ1BEcENQQ9BDgETwQgAD0EMAQ4BDsEQwRHBEgENQQzBD4EIABNBEQERAQ1BDoEQgQwBCAAPgRHBDgESQQ1BD0EOARPBCAAOAQgAEMERQQ+BDQEMAQuACAABR8AAAABDgAAAAkDAAAAHAYDAAAAAQEPCAcAAAAAAgAAACAABUMAAAABDgAAAAkDAAAAHAYDAAAAAQEPCCsAAAAAJgAAABgEQQQ\/BD4EOwRMBDcEPgQyBDAEQgRMBCAAMQAtADIAIABABC4ABTEAAAABDgAAAAkDAAAAHAYDAAAAAQEPCBkAAAAAFAAAACAAMgQgAD0ENQQ0BDUEOwROBC4ABQoAAAABAAAAAAgAAAAABQ8AAAABBQAAAAkDAAAACAAAAAAAywEAAAEjAAAAAQYGAAAABAVBDhMACQYAAAAAGgYFAAAACQMAAAAbBgAAAAACngEAAAVEAAAAAREAAAAAAQEJAwAAABwGAwAAAAEBDwgpAAAAACQAAAAhBD8EPgRBBD4EMQQgAD8EQAQ4BDwENQQ9BDUEPQQ4BE8EOgAFLwAAAAEOAAAACQMAAAAcBgMAAAABAQ8IFwAAAAASAAAAIAA9BDAEPQQ1BEEEQgQ4BCAABScAAAABDgAAAAkDAAAAHAYDAAAAAQEPCA8AAAAACgAAAEEEOgRABDAEMQQFzQAAAAEOAAAACQMAAAAcBgMAAAABAQ8ItQAAAACwAAAAIAA9BDAEIAAyBDsEMAQ2BD0EPgQ1BCAAQgQ1BDsEPgQsACAAOwQ1BDMEOgQ4BDwEOAQgADwEMARBBEEEMAQ2BD0ESwQ8BDgEIAA0BDIEOAQ2BDUEPQQ4BE8EPAQ4BCAAQAQwBEEEPwRABDUENAQ1BDsEOARCBEwEIAA\/BD4EIAAyBEEENQQ8BEMEIABCBDUEOwRDBCwAIABBBDwESwRCBEwEIAAyBD4ENAQ+BDkELgAFCgAAAAEAAAAACAAAAAAFDwAAAAEFAAAACQMAAAAIAAAAAAoAAAAAAAAAABEAAAAAuAEAAADcAAAAAAEAAQYSAAAAAgUAAAAAAwUAAAAABAUAAAAABQEBBgEABwEACAEACQYbAAAACgWLpQEACwEBHAEADAUAAAAAHQEADQVuTgQADgYIAAAAAAEBAQP\/\/\/8ZAQEbBn0AAAAAFAAAAAADAAAAAQUAAAAAAgXmRAAAAwEAARQAAAAAAwAAAAEFAAAAAAIF5kQAAAMBAAIUAAAAAAMAAAABBQAAAAACBeZEAAADAQADFAAAAAADAAAAAQUAAAAAAgXmRAAAAwEACxQAAAAAAwAAAAEFAAAAAAIF5kQAAAMBAAHNAAAAAAEAAQEAAgEAAwEABAYOAAAAQwBhAGwAaQBiAHIAaQAFBg4AAABDAGEAbABpAGIAcgBpAAcGDgAAAEMAYQBsAGkAYgByAGkABgYOAAAAQwBhAGwAaQBiAHIAaQATAQEIBBYAAAAKAQAMAQAOBQAAAAAPAQAQAQARAQASBQAAAAAUAQAVAQAWBBYAAAAXAQAYAQAZBgoAAAByAHUALQBSAFUAGgYKAAAAYQByAC0AUwBBABsGCgAAAGUAbgAtAFUAUwAcBgIAAAAAAB4BAAIAAAAA\">Jei esate egzoti\u0161k\u0173 skoni\u0173 gerb\u0117jas, tada Passion Fruit &amp; Macadamia \u0161veitiklis jus laim\u0117s! Saldus prinokusi\u0173 pasiflor\u0173 aromatas dekoruotas subtiliomis makadamijos g\u0117li\u0173 natomis, kuriose gaivumas persipina su saldumu, suteikdamas nepamir\u0161tam\u0105 egzoti\u0161k\u0105 malonum\u0105. Pasiflor\u0173 vaisi\u0173 ekstraktas, taip pasiflor\u0173 pavadinimas i\u0161verstas i\u0161 taj\u0173 kalbos, jame yra daug vitamin\u0173 ir neso\u010di\u0173j\u0173 riebal\u0173 r\u016bg\u0161\u010di\u0173, kurios gerina kraujotak\u0105 ir gerina odos spalv\u0105. \u0160veitiklyje esantis makadamijos aliejus akimirksniu \u012fsigeria, tod\u0117l oda tampa mink\u0161ta ir dr\u0117kinama. Cukranendri\u0173 cukrus yra pagrindinis komponentas, kuris \u0161velniai ir tuo pa\u010diu efektyviai valo od\u0105. \u0160veitimas yra optimaliai derinamas su lengvu masa\u017eu, kad b\u016bt\u0173 u\u017etikrintas geriausias valymo ir prie\u017ei\u016bros efektas. Naudokite 1-2 p. per savait\u0119.<\/div>\n<div><b>Taikymo b\u016bdas:<\/b> tepkite \u0161veitikl\u012f ant \u0161lapio k\u016bno, lengvais masa\u017eo judesiais paskirstykite j\u012f ant viso k\u016bno, nuplaukite vandeniu.<\/div>\n<div>\n<table class=\"product-features__table\">\n<tbody>\n<tr class=\"product-features__row\">\n<th class=\"product-features__cell product-features__cell--h\">Sud\u0117tis (INCI)<\/th>\n<td class=\"product-features__cell\">Sacharoz\u0117, Helianthus annuus s\u0117kl\u0173 aliejus, silicio dioksidas, Oleth-5, Ceteareth-20, glicerilo stearatas, BHT, Passiflora Edulis vaisi\u0173 ekstraktas, Macadamia Integrifolia s\u0117kl\u0173 aliejus, Butyrospermum Parkii sviestas, parfumatas, propilenglikolis, natrio benzolenas, limonolinas, limonolis , CI 60730, CI 14720.<\/td>\n<\/tr>\n<\/tbody>\n<\/table>\n<\/div>\n","protected":false},"excerpt":{"rendered":"<p>Jei esate egzoti\u0161k\u0173 skoni\u0173 gerb\u0117jas, tada Passion Fruit &amp; Macadamia \u0161veitiklis jus laim\u0117s! Saldus prinokusi\u0173 pasiflor\u0173 aromatas dekoruotas subtiliomis makadamijos g\u0117li\u0173 natomis, kuriose gaivumas persipina su saldumu, suteikdamas nepamir\u0161tam\u0105 egzoti\u0161k\u0105 malonum\u0105. Pasiflor\u0173 vaisi\u0173 ekstraktas, taip pasiflor\u0173 pavadinimas i\u0161verstas i\u0161 taj\u0173 kalbos, jame yra daug vitamin\u0173 ir neso\u010di\u0173j\u0173 riebal\u0173 r\u016bg\u0161\u010di\u0173, kurios gerina kraujotak\u0105 ir gerina odos spalv\u0105. \u0160veitiklyje esantis makadamijos aliejus akimirksniu \u012fsigeria, tod\u0117l oda tampa mink\u0161ta ir dr\u0117kinama. Cukranendri\u0173 cukrus yra pagrindinis komponentas, kuris \u0161velniai ir tuo pa\u010diu efektyviai valo od\u0105. \u0160veitimas yra optimaliai derinamas su lengvu masa\u017eu, kad b\u016bt\u0173 u\u017etikrintas geriausias valymo ir prie\u017ei\u016bros efektas. Naudokite 1-2 p. per savait\u0119.<\/p>\n","protected":false},"featured_media":2989,"comment_status":"open","ping_status":"closed","template":"","meta":[],"product_brand":[],"product_cat":[119,122],"product_tag":[],"class_list":{"0":"post-5852","1":"product","2":"type-product","3":"status-publish","4":"has-post-thumbnail","6":"product_cat-kuno-produktai","7":"product_cat-kuno-sveitikliai","9":"first","10":"outofstock","11":"shipping-taxable","12":"purchasable","13":"product-type-simple"},"_links":{"self":[{"href":"https:\/\/beautysba.co.uk\/lt\/wp-json\/wp\/v2\/product\/5852","targetHints":{"allow":["GET"]}}],"collection":[{"href":"https:\/\/beautysba.co.uk\/lt\/wp-json\/wp\/v2\/product"}],"about":[{"href":"https:\/\/beautysba.co.uk\/lt\/wp-json\/wp\/v2\/types\/product"}],"replies":[{"embeddable":true,"href":"https:\/\/beautysba.co.uk\/lt\/wp-json\/wp\/v2\/comments?post=5852"}],"wp:featuredmedia":[{"embeddable":true,"href":"https:\/\/beautysba.co.uk\/lt\/wp-json\/wp\/v2\/media\/2989"}],"wp:attachment":[{"href":"https:\/\/beautysba.co.uk\/lt\/wp-json\/wp\/v2\/media?parent=5852"}],"wp:term":[{"taxonomy":"product_brand","embeddable":true,"href":"https:\/\/beautysba.co.uk\/lt\/wp-json\/wp\/v2\/product_brand?post=5852"},{"taxonomy":"product_cat","embeddable":true,"href":"https:\/\/beautysba.co.uk\/lt\/wp-json\/wp\/v2\/product_cat?post=5852"},{"taxonomy":"product_tag","embeddable":true,"href":"https:\/\/beautysba.co.uk\/lt\/wp-json\/wp\/v2\/product_tag?post=5852"}],"curies":[{"name":"wp","href":"https:\/\/api.w.org\/{rel}","templated":true}]}}