{"id":5869,"date":"2021-09-01T20:35:27","date_gmt":"2021-10-02T19:26:19","guid":{"rendered":"https:\/\/beautysba.co.uk\/product\/sviezios-sultys-kuno-kremo-sviestas-pasifloros-ir-makadamija-225-ml\/"},"modified":"2021-10-02T19:26:19","modified_gmt":"2021-10-02T19:26:19","slug":"sviezios-sultys-kuno-sviestas-pasifloros-vaisiai-ir-makadamas","status":"publish","type":"product","link":"https:\/\/beautysba.co.uk\/lt\/produktas\/sviezios-sultys-kuno-sviestas-pasifloros-vaisiai-ir-makadamas\/","title":{"rendered":"\u0160vie\u017eios sultys. K\u016bno kremo sviestas. Pasifloros ir makadamija 225 ml"},"content":{"rendered":"<div class=\"docData;DOCY;v5;2943;BAiAAgAABoQCAAADtQkAAAXDCQAAAAAAAAAAAAAAAAAAAAAAAAAAAAAAAAAAAAAAAAAAAAAAAAAAAAAAAAAAAAAAAAAAAAAAAAAAAAAAAAAAAAAAAAAAAAAAAAAAAAAAAAAAAAAAAAAAAAAAAAAAAAAAAAAAAAAAAAAAAAAAAAAAAAAAAAAAAAAAAAAAAAAAAAAAAAAAAAAAAAAAAAAAAAAAAAAAAAAAAAAAAAAAAAAAAAAAAAAAAAAAAAAAAAAAAAAAAAAAAAAAAAAAAAAAAAAAAAAAAAAAAAAAAAAAAAAAAAAAAAAAAAAAAAAAAAAAAAAAAAAAAAAAAAAAAAAAAAAAAAAAAAAAAAAAAAAAAAAAAAAAAAAAAAAAAAAAAAAAAAAAAAAAAAAAAAAAAAAAAAAAAAAAAAAAAAAAAAAAAAAAAAAAAAAAAAAAAAAAAAAAAAAAAAAAAAAAAAAAAAAAAAAAAAAAAAAAAAAAAAAAAAAAAAAAAAAAAAAAAAAAAAAAAAAAAAAAAAAAAAAAAAAAAAAAAAAAAAAAAAAAAAAAAAAAAAAAAAAAAAAAAAAAAAAAAAAAAAAAAAAAAAAAAAAAAAAAAAAAAAAAAAAAAAAAAAAAAAAAAAAAAAAAAAAAAAAAAAAAAAAAAAAAAAAAAAAAAAAAAAAAAAAAAAAAAAAAAAAAAAAAAAAAAAAAAAAAAAAAAAAAAAAAAAAAAAAAAAAAAAAAAAAAAAAAAAAAAAAAAAAAAAAAAAAAAAAAAAAAAAAAAAAAAAAAAAAAAAAAAAAAAAAAAAAAAAAAAAAAAAAAAAAAAAAAAAAAAAAAAAAAAAAAAAAAAAAAAAAAAAAAAAAAAAAAAAAtBwAAAMgFAAABIwAAAAEGBgAAAAQFQQ4TAAkGAAAAABoGBQAAAAkDAAAAGwYAAAAAApsFAAAFQwAAAAEOAAAACQMAAAAcBgMAAAABAQ8IKwAAAAAmAAAALQQ6BDcEPgRCBDgERwQ1BEEEOgQ4BDkEIAAwBEAEPgQ8BDAEQgQFHwAAAAEOAAAACQMAAAAcBgMAAAABAQ8IBwAAAAACAAAAIAAFLQAAAAEOAAAACQMAAAAcBgMAAAABAQ8IFQAAAAAQAAAAPAQwBEAEMAQ6BEMEOQQ4BAV9AAAAAQ4AAAAJAwAAABwGAwAAAAEBDwhlAAAAAGAAAAAgAD8EPgQ6BD4EQARPBDUEQgQgAEEEOwQwBDQEOgQ4BDwEOAQgAD0EPgRCBDoEMAQ8BDgEIAA4BCAANAQwBEAEOARCBCAAPQQ1BDcEMAQxBEsEMgQwBDUEPARLBDUEIAAFNwAAAAEOAAAACQMAAAAcBgMAAAABAQ8IHwAAAAAaAAAATQQ6BDcEPgRCBDgERwQ1BEEEOgQ4BDUEIAAFNwAAAAEOAAAACQMAAAAcBgMAAAABAQ8IHwAAAAAaAAAAMgQ\/BDUERwQwBEIEOwQ1BD0EOARPBC4AIAAFrQAAAAEOAAAACQMAAAAcBgMAAAABAQ8IlQAAAACQAAAAIAQ+BEEEOgQ+BEgEPQRLBDkEIABDBEUEPgQ0BCAANwQwBCAAQgQ1BDsEPgQ8BCwAIAA+BDEENQRBBD8ENQRHBDgEMgQwBE4ESQQ4BDkEIAA9BDUEPgQxBEUEPgQ0BDgEPAQ+BDUEIAA\/BDgEQgQwBD0EOAQ1BCAAOAQgAEMEMgQ7BDAENgQ9BDUEPQQ4BDUEBW0AAAABDgAAAAkDAAAAHAYDAAAAAQEPCFUAAAAAUAAAACAAMQQ7BDAEMwQ+BDQEMARABE8EIAAyBEUEPgQ0BE8ESQQ4BDwEIAAyBCAAQQQ+BEEEQgQwBDIEIABNBDoEQQRCBEAEMAQ6BEIEMAQ8BCAABS0AAAABDgAAAAkDAAAAHAYDAAAAAQEPCBUAAAAAEAAAADwEMARABDAEOgRDBDkEOAQFIwAAAAEOAAAACQMAAAAcBgMAAAABAQ8ICwAAAAAGAAAAIAA4BCAABS8AAAABDgAAAAkDAAAAHAYDAAAAAQEPCBcAAAAAEgAAADwEMAQ6BDAENAQwBDwEOAQ4BAUTAQAAAQ4AAAAJAwAAABwGAwAAAAEBDwj7AAAAAPYAAAAuACAAGwQ1BDMEOgQwBE8EIABCBDUEOgRBBEIEQwRABDAEIABCBDAENQRCBCAAPQQwBCAAOgQ+BDYENQQsACAAPAQzBD0EPgQyBDUEPQQ9BD4EIAAyBD8EOARCBEsEMgQwBE8EQQRMBCwAIAA+BEEEQgQwBDIEOwRPBE8EIAA9BDAEIAA6BD4ENgQ1BCAAOwQ4BEgETAQgAEIEPgQ9BDoEOAQ5BCAASAQ7BDUEOQREBCAAQQQ7BDAENAQ6BD4EMwQ+BCAAOAQgAD4ENAQ9BD4EMgRABDUEPAQ1BD0EPQQ+BCAAQQQyBDUENgQ1BDMEPgQgADAEQAQFbQAAAAEOAAAACQMAAAAcBgMAAAABAQ8IVQAAAABQAAAAPgQ8BDAEQgQwBC4AIAAaBD4ENgQwBCAAQQRCBDAEPQQ+BDIEOARCBEEETwQgADMEOwQwBDQEOgQ+BDkELAAgAEMEPwRABEMEMwQ+BDkEIAAFnwAAAAEOAAAACQMAAAAcBgMAAAABAQ8IhwAAAACCAAAAOAQgAEEEPgQxBDsEMAQ3BD0EOARCBDUEOwRMBD0EPgQ5BC4AIAAjBDQEPgQyBD4EOwRMBEEEQgQyBDgENQQsACAAMgQgADoEPgRCBD4EQAQ+BDwEIABBBDsEPgQ2BD0EPgQgAEEENQQxBDUEIAA+BEIEOgQwBDcEMARCBEwEIQAgAAUKAAAAAQAAAAAIAAAAAAUPAAAAAQUAAAAJAwAAAAgAAAAAAFsBAAABIwAAAAEGBgAAAAQFQQ4TAAkGAAAAABoGBQAAAAkDAAAAGwYAAAAAAi4BAAAFRAAAAAERAAAAAAEBCQMAAAAcBgMAAAABAQ8IKQAAAAAkAAAAIQQ\/BD4EQQQ+BDEEIAA\/BEAEOAQ8BDUEPQQ1BD0EOARPBDoABR8AAAABDgAAAAkDAAAAHAYDAAAAAQEPCAcAAAAAAgAAACAABY8AAAABDgAAAAkDAAAAHAYDAAAAAQEPCHcAAAAAcgAAAD0EMAQ9BDUEQQRCBDgEIAA6BEAENQQ8BC0APAQwBEEEOwQ+BCAAPQQwBCAARwQ4BEEEQgRDBE4EIABBBEMERQRDBE4EIAA6BD4ENgRDBCAAQgQ1BDsEMAQuACAAHQQ1BCAAQQQ8BEsEMgQwBEIETAQuAAUKAAAAAQAAAAAIAAAAAAUKAAAAAQAAAAAIAAAAAAUKAAAACAUAAAANAAAAAAoAAAAAAAAAABEAAAAAuAEAAADcAAAAAAEAAQYSAAAAAgUAAAAAAwUAAAAABAUAAAAABQEBBgEABwEACAEACQYbAAAACgWLpQEACwEBHAEADAUAAAAAHQEADQVuTgQADgYIAAAAAAEBAQP\/\/\/8ZAQEbBn0AAAAAFAAAAAADAAAAAQUAAAAAAgXmRAAAAwEAARQAAAAAAwAAAAEFAAAAAAIF5kQAAAMBAAIUAAAAAAMAAAABBQAAAAACBeZEAAADAQADFAAAAAADAAAAAQUAAAAAAgXmRAAAAwEACxQAAAAAAwAAAAEFAAAAAAIF5kQAAAMBAAHNAAAAAAEAAQEAAgEAAwEABAYOAAAAQwBhAGwAaQBiAHIAaQAFBg4AAABDAGEAbABpAGIAcgBpAAcGDgAAAEMAYQBsAGkAYgByAGkABgYOAAAAQwBhAGwAaQBiAHIAaQATAQEIBBYAAAAKAQAMAQAOBQAAAAAPAQAQAQARAQASBQAAAAAUAQAVAQAWBBYAAAAXAQAYAQAZBgoAAAByAHUALQBSAFUAGgYKAAAAYQByAC0AUwBBABsGCgAAAGUAbgAtAFUAUwAcBgIAAAAAAB4BAAIAAAAA\">Egzoti\u0161kas pasifloros aromatas u\u017ekariauja sald\u017eiomis natomis ir suteikia nepamir\u0161tam\u0173 egzoti\u0161k\u0173 potyri\u0173. Prabangi k\u016bno proced\u016bra, kuri maitina ir dr\u0117kina jums reikaling\u0105 pasifloros ir makadamijos ekstrakt\u0105. Lengva tekst\u016bra tirpsta ant odos, akimirksniu susigeria, palikdama tik subtil\u0173 saldaus ir gaivaus kvapo p\u0117dsak\u0105 ant odos. Oda tampa lygi, stangri ir viliojanti. Malonumas, kurio sunku paneigti!<\/div>\n<div><b>Taikymo b\u016bdas:<\/b> tepkite kremo sviest\u0105 ant \u0161varios, sausos k\u016bno odos. Neplaukite.<\/div>\n<div>\n<table class=\"product-features__table\">\n<tbody>\n<tr class=\"product-features__row\">\n<th class=\"product-features__cell product-features__cell--h\">Sud\u0117tis (INCI)<\/th>\n<td class=\"product-features__cell\">Vanduo, etilheksilo stearatas, glicerinas, butyrospermum parkii sviestas, glicerilo stearatas, Cetearilo alkoholis, Ceteareth-20, izopropilo palmitatas, natrio poliakrilatas, ksantano derva, Passiflora Edulis vaisi\u0173 ekstraktas, Macadamia Integrifolia Seedilene propilenas, , Limonene, Hexyl Cinnamal, Amyl Cinnamal, Citronellol, Citral, CI 60730, CI 14720.<\/td>\n<\/tr>\n<\/tbody>\n<\/table>\n<\/div>\n","protected":false},"excerpt":{"rendered":"<p>Egzoti\u0161kas pasifloros aromatas u\u017ekariauja sald\u017eiomis natomis ir suteikia nepamir\u0161tam\u0173 egzoti\u0161k\u0173 potyri\u0173. Prabangi k\u016bno proced\u016bra, kuri maitina ir dr\u0117kina jums reikaling\u0105 pasifloros ir makadamijos ekstrakt\u0105. Lengva tekst\u016bra tirpsta ant odos, akimirksniu susigeria, palikdama tik subtil\u0173 saldaus ir gaivaus kvapo p\u0117dsak\u0105 ant odos. Oda tampa lygi, stangri ir viliojanti. Malonumas, kurio sunku paneigti!<\/p>\n","protected":false},"featured_media":3001,"comment_status":"open","ping_status":"closed","template":"","meta":[],"product_brand":[],"product_cat":[121,119],"product_tag":[],"class_list":{"0":"post-5869","1":"product","2":"type-product","3":"status-publish","4":"has-post-thumbnail","6":"product_cat-kuno-kremai-aliejai","7":"product_cat-kuno-produktai","9":"first","10":"outofstock","11":"shipping-taxable","12":"purchasable","13":"product-type-simple"},"_links":{"self":[{"href":"https:\/\/beautysba.co.uk\/lt\/wp-json\/wp\/v2\/product\/5869","targetHints":{"allow":["GET"]}}],"collection":[{"href":"https:\/\/beautysba.co.uk\/lt\/wp-json\/wp\/v2\/product"}],"about":[{"href":"https:\/\/beautysba.co.uk\/lt\/wp-json\/wp\/v2\/types\/product"}],"replies":[{"embeddable":true,"href":"https:\/\/beautysba.co.uk\/lt\/wp-json\/wp\/v2\/comments?post=5869"}],"wp:featuredmedia":[{"embeddable":true,"href":"https:\/\/beautysba.co.uk\/lt\/wp-json\/wp\/v2\/media\/3001"}],"wp:attachment":[{"href":"https:\/\/beautysba.co.uk\/lt\/wp-json\/wp\/v2\/media?parent=5869"}],"wp:term":[{"taxonomy":"product_brand","embeddable":true,"href":"https:\/\/beautysba.co.uk\/lt\/wp-json\/wp\/v2\/product_brand?post=5869"},{"taxonomy":"product_cat","embeddable":true,"href":"https:\/\/beautysba.co.uk\/lt\/wp-json\/wp\/v2\/product_cat?post=5869"},{"taxonomy":"product_tag","embeddable":true,"href":"https:\/\/beautysba.co.uk\/lt\/wp-json\/wp\/v2\/product_tag?post=5869"}],"curies":[{"name":"wp","href":"https:\/\/api.w.org\/{rel}","templated":true}]}}