{"id":5874,"date":"2021-09-01T20:40:21","date_gmt":"2021-10-02T19:26:27","guid":{"rendered":"https:\/\/beautysba.co.uk\/product\/sviezios-sultys-cukraus-kuno-sveitiklis-sokoladas-ir-marcipanas-su-taukmedzio-sviestu-225-ml\/"},"modified":"2021-10-02T19:26:27","modified_gmt":"2021-10-02T19:26:27","slug":"svieziu-sulciu-cukraus-kuno-sveitiklis-sokoladas-ir-ma","status":"publish","type":"product","link":"https:\/\/beautysba.co.uk\/lt\/produktas\/svieziu-sulciu-cukraus-kuno-sveitiklis-sokoladas-ir-ma\/","title":{"rendered":"\u0160vie\u017eios sultys. Cukraus k\u016bno \u0161veitiklis. \u0160okoladas ir marcipanas su taukmed\u017eio sviestu 225 ml"},"content":{"rendered":"<div class=\"docData;DOCY;v5;4297;BAiAAgAABoQCAAAD\/w4AAAUNDwAAAAAAAAAAAAAAAAAAAAAAAAAAAAAAAAAAAAAAAAAAAAAAAAAAAAAAAAAAAAAAAAAAAAAAAAAAAAAAAAAAAAAAAAAAAAAAAAAAAAAAAAAAAAAAAAAAAAAAAAAAAAAAAAAAAAAAAAAAAAAAAAAAAAAAAAAAAAAAAAAAAAAAAAAAAAAAAAAAAAAAAAAAAAAAAAAAAAAAAAAAAAAAAAAAAAAAAAAAAAAAAAAAAAAAAAAAAAAAAAAAAAAAAAAAAAAAAAAAAAAAAAAAAAAAAAAAAAAAAAAAAAAAAAAAAAAAAAAAAAAAAAAAAAAAAAAAAAAAAAAAAAAAAAAAAAAAAAAAAAAAAAAAAAAAAAAAAAAAAAAAAAAAAAAAAAAAAAAAAAAAAAAAAAAAAAAAAAAAAAAAAAAAAAAAAAAAAAAAAAAAAAAAAAAAAAAAAAAAAAAAAAAAAAAAAAAAAAAAAAAAAAAAAAAAAAAAAAAAAAAAAAAAAAAAAAAAAAAAAAAAAAAAAAAAAAAAAAAAAAAAAAAAAAAAAAAAAAAAAAAAAAAAAAAAAAAAAAAAAAAAAAAAAAAAAAAAAAAAAAAAAAAAAAAAAAAAAAAAAAAAAAAAAAAAAAAAAAAAAAAAAAAAAAAAAAAAAAAAAAAAAAAAAAAAAAAAAAAAAAAAAAAAAAAAAAAAAAAAAAAAAAAAAAAAAAAAAAAAAAAAAAAAAAAAAAAAAAAAAAAAAAAAAAAAAAAAAAAAAAAAAAAAAAAAAAAAAAAAAAAAAAAAAAAAAAAAAAAAAAAAAAAAAAAAAAAAAAAAAAAAAAAAAAAAAAAAAAAAAAAAAAAAAAAAAAB3DAAAAA4LAAABIwAAAAEGBgAAAAQFQQ4TAAkGAAAAABoGBQAAAAkDAAAAGwYAAAAAAuEKAAAFgwAAAAEOAAAACQMAAAAcBgMAAAABAQ8IawAAAABmAAAAHQQwBEEEQgQ+BE8ESQQ1BDUEIAAxBDsEMAQ2BDUEPQRBBEIEMgQ+BCAAMQQ7BDAEMwQ+BDQEMARABE8EIABBBDIEPgQ1BDwEQwQgAD8EPgRCBEAETwRBBDAETgRJBDUEPARDBCAABTUAAAABDgAAAAkDAAAAHAYDAAAAAQEPCB0AAAAAGAAAAEgEPgQ6BD4EOwQwBDQEPQQ+BDwEQwQgAAVLAAAAAQ4AAAAJAwAAABwGAwAAAAEBDwgzAAAAAC4AAAAwBEAEPgQ8BDAEQgRDBCAANAQwBEAEOARCBCAAQQQwBEUEMARABD0ESwQ5BCAABScAAAABDgAAAAkDAAAAHAYDAAAAAQEPCA8AAAAACgAAAEEEOgRABDAEMQQFLwAAAAEOAAAACQMAAAAcBgMAAAABAQ8IFwAAAAASAAAAIAA0BDsETwQgAEIENQQ7BDAEBR8AAAABDgAAAAkDAAAAHAYDAAAAAQEPCAcAAAAAAgAAACAABS8AAAABDgAAAAkDAAAAHAYDAAAAAQEPCBcAAAAAEgAAAEMAaABvAGMAbwBsAGEAdABlAAUjAAAAAQ4AAAAJAwAAABwGAwAAAAEBDwgLAAAAAAYAAAAgACYAIAAFLQAAAAEOAAAACQMAAAAcBgMAAAABAQ8IFQAAAAAQAAAAHARhAHIAegBpAHAAYQBuAAUfAAAAAQ4AAAAJAwAAABwGAwAAAAEBDwgHAAAAAAIAAAAuAAUfAAAAAQ4AAAAJAwAAABwGAwAAAAEBDwgHAAAAAAIAAAAgAAUnAAAAAQ4AAAAJAwAAABwGAwAAAAEBDwgPAAAAAAoAAAAhBDoEQAQwBDEEBZ8AAAABDgAAAAkDAAAAHAYDAAAAAQEPCIcAAAAAggAAACAAPQQwBCAANQA1ACUAIABBBD4EQQRCBD4EOARCBCAAOAQ3BCAAOgRABDgEQQRCBDAEOwQ7BD4EMgQgAD0EMARCBEMEQAQwBDsETAQ9BD4EMwQ+BCAAQgRABD4EQQRCBD0EOAQ6BD4EMgQ+BDMEPgQgAEEEMARFBDAEQAQwBCwAIAAFpQAAAAEOAAAACQMAAAAcBgMAAAABAQ8IjQAAAACIAAAAOgQ+BEIEPgRABEsENQQgADQENQQ7BDgEOgQwBEIEPQQ+BCAAPgRHBDgESQQwBE4EQgQgADIENQRABEUEPQQ4BDkEIABBBDsEPgQ5BCAAPgRCBCAAPgRABD4EMwQ+BDIENQQyBEgEOARFBCAARwQwBEEEQgQ4BEYELAAgADQENQQ7BDAETwQgAAVdAAAAAQ4AAAAJAwAAABwGAwAAAAEBDwhFAAAAAEAAAAA6BD4ENgRDBCAAQAQ+BDIEPQQ+BDkELAAgADMEOwQwBDQEOgQ+BDkEIAA4BCAAQwQ\/BEAEQwQzBD4EOQQuACAABVMAAAABDgAAAAkDAAAAHAYDAAAAAQEPCDsAAAAANgAAABwEMARBBDsEPgQgACgEOAQsACAAMgRFBD4ENARPBEkENQQ1BCAAMgQgAEEEPgRBBEIEMAQyBAUfAAAAAQ4AAAAJAwAAABwGAwAAAAEBDwgHAAAAAAIAAAAgAAUpAAAAAQ4AAAAJAwAAABwGAwAAAAEBDwgRAAAAAAwAAABBBDoEQAQwBDEEMAQFPQAAAAEOAAAACQMAAAAcBgMAAAABAQ8IJQAAAAAgAAAALAAgAD0EMARBBEsESQQwBDUEQgQgADoEPgQ2BEMEIAAFNQAAAAEOAAAACQMAAAAcBgMAAAABAQ8IHQAAAAAYAAAAPwQ4BEIEMARCBDUEOwRMBD0ESwQ8BDgEBTcAAAABDgAAAAkDAAAAHAYDAAAAAQEPCB8AAAAAGgAAACAAMgQ1BEkENQRBBEIEMgQwBDwEOAQsACAABX8AAAABDgAAAAkDAAAAHAYDAAAAAQEPCGcAAAAAYgAAAD4EMQQ1BEEEPwQ1BEcEOAQyBDAETwQgAEMEMgQ7BDAENgQ9BDUEPQQ4BDUELAAgAD8EOARCBDAEPQQ4BDUEIAA4BCAAMgQ+BEEEQQRCBDAEPQQ+BDIEOwQ1BD0EOAQ1BC4ABccAAAABDgAAAAkDAAAAHAYDAAAAAQEPCK8AAAAAqgAAACAAHwQ4BEIEMARCBDUEOwRMBD0ESwQ1BCAAPAQwBEEEOwQwBCAAOAQgAE0EOgRBBEIEQAQwBDoEQgRLBCAAPwRABD4EPQQ4BDoEMAROBEIEIAAyBCAAOgQ+BDYEQwQgADIEPgQgADIEQAQ1BDwETwQgADsENQQzBDoEPgQzBD4EIAA8BDAEQQRBBDAENgQwBC4AIAASBCAAPwRABD4ERgQ1BEEEQQQ1BCAABTcAAAABDgAAAAkDAAAAHAYDAAAAAQEPCB8AAAAAGgAAAEEEOgRABDAEMQQ4BEAEPgQyBDAEPQQ4BE8EBYEAAAABDgAAAAkDAAAAHAYDAAAAAQEPCGkAAAAAZAAAACAAQwQ7BEMERwRIBDAENQRCBEEETwQgADoEQAQ+BDIEPgQ+BDEEQAQwBEkENQQ9BDgENQQgADgEIAA\/BD4EMgRLBEgEMAQ1BEIEQQRPBCAAQgQ+BD0EQwRBBCAAOgQ+BDYEOAQFIQAAAAEOAAAACQMAAAAcBgMAAAABAQ8ICQAAAAAEAAAALgAgAAVZAAAAAQ4AAAAJAwAAABwGAwAAAAEBDwhBAAAAADwAAAAdBDAEIAA\/BEAEPgRCBE8ENgQ1BD0EOAQ4BCAANAQ+BDsEMwQ+BDMEPgQgADIEQAQ1BDwENQQ9BDgEIAAFHwAAAAEOAAAACQMAAAAcBgMAAAABAQ8IBwAAAAACAAAAOgQFUwAAAAEOAAAACQMAAAAcBgMAAAABAQ8IOwAAAAA2AAAAPgQ2BDAEIAAxBEMENAQ1BEIEIABBBD4ERQRABDAEPQRPBEIETAQgADsENQQzBDoEOAQ5BCAABSkAAAABDgAAAAkDAAAAHAYDAAAAAQEPCBEAAAAADAAAADAEQAQ+BDwEMARCBAUfAAAAAQ4AAAAJAwAAABwGAwAAAAEBDwgHAAAAAAIAAAAgAAUtAAAAAQ4AAAAJAwAAABwGAwAAAAEBDwgVAAAAABAAAABIBD4EOgQ+BDsEMAQ0BDAEBR8AAAABDgAAAAkDAAAAHAYDAAAAAQEPCAcAAAAAAgAAAC4ABXsAAAABDgAAAAkDAAAAHAYDAAAAAQEPCGMAAAAAXgAAACAAFAQ7BE8EIAA6BD4EPAQ\/BDsENQQ6BEEEPQQ+BDMEPgQgAEMERQQ+BDQEMAQgADgEIAA+BDEEPQQ+BDIEOwQ1BD0EOARPBCAAOgQ+BDYEOAQgAD4EPwRCBDgEPAQFPwAAAAEOAAAACQMAAAAcBgMAAAABAQ8IJwAAAAAiAAAAMAQ7BEwEPQQ+BCAAPwRABDgEPAQ1BD0ENQQ9BDgENQQgAAUpAAAAAQ4AAAAJAwAAABwGAwAAAAEBDwgRAAAAAAwAAABBBDoEQAQwBDEEMAQFKwAAAAEOAAAACQMAAAAcBgMAAAABAQ8IEwAAAAAOAAAAIAAxAC0AMgAgAEAELgAFMwAAAAEOAAAACQMAAAAcBgMAAAABAQ8IGwAAAAAWAAAAIAAyBCAAPQQ1BDQENQQ7BE4ELgAgAAUKAAAAAQAAAAAIAAAAAAUPAAAAAQUAAAAJAwAAAAgAAAAAAF8BAAABIwAAAAEGBgAAAAQFQQ4TAAkGAAAAABoGBQAAAAkDAAAAGwYAAAAAAjIBAAAFRAAAAAERAAAAAAEBCQMAAAAcBgMAAAABAQ8IKQAAAAAkAAAAIQQ\/BD4EQQQ+BDEEIAA\/BEAEOAQ8BDUEPQQ1BD0EOARPBDoABcEAAAABDgAAAAkDAAAAHAYDAAAAAQEPCKkAAAAApAAAACAAOwQ1BDMEOgQ4BDwEOAQgADwEMARBBEEEMAQ2BD0ESwQ8BDgEIAA0BDIEOAQ2BDUEPQQ4BE8EPAQ4BCAAPQQwBD0ENQRBBEIEOAQgAD0EMAQgADIEOwQwBDYEPQRDBE4EIAA6BD4ENgRDBCAAPwQ+BCAAMgRBBDUEPARDBCAAQgQ1BDsEQwQsACAAQQQ8BEsEQgRMBCAAMgQ+BDQEPgQ5BC4ABQoAAAABAAAAAAgAAAAABQ8AAAABBQAAAAkDAAAACAAAAAAKAAAAAAAAAAARAAAAALgBAAAA3AAAAAABAAEGEgAAAAIFAAAAAAMFAAAAAAQFAAAAAAUBAQYBAAcBAAgBAAkGGwAAAAoFi6UBAAsBARwBAAwFAAAAAB0BAA0Fbk4EAA4GCAAAAAABAQED\/\/\/\/GQEBGwZ9AAAAABQAAAAAAwAAAAEFAAAAAAIF5kQAAAMBAAEUAAAAAAMAAAABBQAAAAACBeZEAAADAQACFAAAAAADAAAAAQUAAAAAAgXmRAAAAwEAAxQAAAAAAwAAAAEFAAAAAAIF5kQAAAMBAAsUAAAAAAMAAAABBQAAAAACBeZEAAADAQABzQAAAAABAAEBAAIBAAMBAAQGDgAAAEMAYQBsAGkAYgByAGkABQYOAAAAQwBhAGwAaQBiAHIAaQAHBg4AAABDAGEAbABpAGIAcgBpAAYGDgAAAEMAYQBsAGkAYgByAGkAEwEBCAQWAAAACgEADAEADgUAAAAADwEAEAEAEQEAEgUAAAAAFAEAFQEAFgQWAAAAFwEAGAEAGQYKAAAAcgB1AC0AUgBVABoGCgAAAGEAcgAtAFMAQQAbBgoAAABlAG4ALQBVAFMAHAYCAAAAAAAeAQACAAAAAA==\">Tikroji palaima d\u0117l nuostabaus \u0161okolado aromato kyla i\u0161 \u0161okolado ir marcipano cukraus k\u016bno \u0161veitiklio. \u0160veitikl\u012f 55% sudaro nat\u016bral\u016bs cukranendri\u0173 cukraus kristalai, kurie \u0161velniai valo vir\u0161utin\u012f sluoksn\u012f nuo keratinizuot\u0173 daleli\u0173, tod\u0117l oda tampa lygi, lygi ir elastinga. \u0160veitiklyje esantis taukmed\u017eio sviestas maitina od\u0105, kad u\u017etikrint\u0173 dr\u0117kinim\u0105, mityb\u0105 ir atsigavim\u0105. Maitinantys aliejai ir ekstraktai prasiskverbia pro od\u0105 lengvo masa\u017eo metu. \u0160veitimo procesas pagerina kraujotak\u0105 ir odos tonus\u0105. Ilg\u0105 laik\u0105 oda i\u0161laikys lengv\u0105 \u0161okolado aromat\u0105. Kompleksinei prie\u017ei\u016brai ir odos atnaujinimui optimaliausia naudoti \u0161veitikl\u012f 1-2 r. per savait\u0119.<\/div>\n<div><b>Taikymo b\u016bdas:<\/b> Lengvais masa\u017eo judesiais tepkite dr\u0117gn\u0105 viso k\u016bno od\u0105, nuplaukite vandeniu.<\/div>\n<div>\n<table class=\"product-features__table\">\n<tbody>\n<tr class=\"product-features__row\">\n<th class=\"product-features__cell product-features__cell--h\">Sud\u0117tis (INCI)<\/th>\n<td class=\"product-features__cell\">Sacharoz\u0117, Helianthus annuus s\u0117kl\u0173 aliejus, silicio dioksidas, Oleth-5, Ceteareth-20, glicerilo stearatas, BHT, Prunus Amygdalus Dulcis aliejus, Theobroma Cacao s\u0117kl\u0173 sviestas, Butyrospermum Parkii sviestas, Theobroma Cacao s\u0117kl\u0173 ekstraktas, natrio natrio 440 CI 14720.<\/td>\n<\/tr>\n<\/tbody>\n<\/table>\n<\/div>\n","protected":false},"excerpt":{"rendered":"<p>Tikroji palaima d\u0117l nuostabaus \u0161okolado aromato kyla i\u0161 \u0161okolado ir marcipano cukraus k\u016bno \u0161veitiklio. \u0160veitikl\u012f 55% sudaro nat\u016bral\u016bs cukranendri\u0173 cukraus kristalai, kurie \u0161velniai valo vir\u0161utin\u012f sluoksn\u012f nuo keratinizuot\u0173 daleli\u0173, tod\u0117l oda tampa lygi, lygi ir elastinga. \u0160veitiklyje esantis taukmed\u017eio sviestas maitina od\u0105, kad u\u017etikrint\u0173 dr\u0117kinim\u0105, mityb\u0105 ir atsigavim\u0105. Maitinantys aliejai ir ekstraktai prasiskverbia pro od\u0105 lengvo masa\u017eo metu. \u0160veitimo procesas pagerina kraujotak\u0105 ir odos tonus\u0105. Ilg\u0105 laik\u0105 oda i\u0161laikys lengv\u0105 \u0161okolado aromat\u0105. Kompleksinei prie\u017ei\u016brai ir odos atnaujinimui optimaliausia naudoti \u0161veitikl\u012f 1-2 r. per savait\u0119.<\/p>\n","protected":false},"featured_media":2995,"comment_status":"open","ping_status":"closed","template":"","meta":[],"product_brand":[],"product_cat":[119,122],"product_tag":[],"class_list":{"0":"post-5874","1":"product","2":"type-product","3":"status-publish","4":"has-post-thumbnail","6":"product_cat-kuno-produktai","7":"product_cat-kuno-sveitikliai","9":"first","10":"outofstock","11":"shipping-taxable","12":"purchasable","13":"product-type-simple"},"_links":{"self":[{"href":"https:\/\/beautysba.co.uk\/lt\/wp-json\/wp\/v2\/product\/5874","targetHints":{"allow":["GET"]}}],"collection":[{"href":"https:\/\/beautysba.co.uk\/lt\/wp-json\/wp\/v2\/product"}],"about":[{"href":"https:\/\/beautysba.co.uk\/lt\/wp-json\/wp\/v2\/types\/product"}],"replies":[{"embeddable":true,"href":"https:\/\/beautysba.co.uk\/lt\/wp-json\/wp\/v2\/comments?post=5874"}],"wp:featuredmedia":[{"embeddable":true,"href":"https:\/\/beautysba.co.uk\/lt\/wp-json\/wp\/v2\/media\/2995"}],"wp:attachment":[{"href":"https:\/\/beautysba.co.uk\/lt\/wp-json\/wp\/v2\/media?parent=5874"}],"wp:term":[{"taxonomy":"product_brand","embeddable":true,"href":"https:\/\/beautysba.co.uk\/lt\/wp-json\/wp\/v2\/product_brand?post=5874"},{"taxonomy":"product_cat","embeddable":true,"href":"https:\/\/beautysba.co.uk\/lt\/wp-json\/wp\/v2\/product_cat?post=5874"},{"taxonomy":"product_tag","embeddable":true,"href":"https:\/\/beautysba.co.uk\/lt\/wp-json\/wp\/v2\/product_tag?post=5874"}],"curies":[{"name":"wp","href":"https:\/\/api.w.org\/{rel}","templated":true}]}}