{"id":5885,"date":"2021-09-01T12:48:39","date_gmt":"2021-10-02T19:32:46","guid":{"rendered":"https:\/\/beautysba.co.uk\/product\/namu-gydytojas-glicerino-ranku-kremas-42-ml\/"},"modified":"2022-01-29T19:44:25","modified_gmt":"2022-01-29T19:44:25","slug":"namai-gydytojas-ranku-kremas-glicerinas","status":"publish","type":"product","link":"https:\/\/beautysba.co.uk\/lt\/produktas\/namai-gydytojas-ranku-kremas-glicerinas\/","title":{"rendered":"Nam\u0173 gydytojas. Glicerino rank\u0173 kremas 42 ml"},"content":{"rendered":"<table class=\"product-features__table\">\n<tbody>\n<tr class=\"product-features__row\">\n<th class=\"product-features__cell product-features__cell--h\">Sud\u0117tis (INCI)<\/th>\n<td class=\"product-features__cell\">Sud\u0117tis (INCI): vanduo, glicerinas, parafino skystis, stearino r\u016bg\u0161tis, glicerilo stearatas, cetearilo alkoholis, Hippophae Rhamnoides aliejus, Rosa Canina vaisi\u0173 ekstraktas, natrio hidroksidas, parfumas, fenoksietanolis, metilparabenas, etilparabenas, propilbenil -alfanolis , Benzilo salicilatas, citronelolis, hidroksicitronellalas.<\/td>\n<\/tr>\n<\/tbody>\n<\/table>\n","protected":false},"excerpt":{"rendered":"<p>Sud\u0117tis (INCI) Sud\u0117tis (INCI): vanduo, glicerinas, parafino skystis, stearino r\u016bg\u0161tis, glicerilo stearatas, cetearilo alkoholis, Hippophae Rhamnoides aliejus, Rosa Canina vaisi\u0173 ekstraktas, natrio hidroksidas, parfumas, fenoksietanolis, metilparabenas, etilparabenas, propilbenil -alfanolis , Benzilo salicilatas, citronelolis, hidroksicitronellalas.<\/p>\n","protected":false},"featured_media":2953,"comment_status":"open","ping_status":"closed","template":"","meta":[],"product_brand":[],"product_cat":[119,124],"product_tag":[],"class_list":{"0":"post-5885","1":"product","2":"type-product","3":"status-publish","4":"has-post-thumbnail","6":"product_cat-kuno-produktai","7":"product_cat-ranku-prieziura","9":"first","10":"instock","11":"shipping-taxable","12":"purchasable","13":"product-type-simple"},"_links":{"self":[{"href":"https:\/\/beautysba.co.uk\/lt\/wp-json\/wp\/v2\/product\/5885","targetHints":{"allow":["GET"]}}],"collection":[{"href":"https:\/\/beautysba.co.uk\/lt\/wp-json\/wp\/v2\/product"}],"about":[{"href":"https:\/\/beautysba.co.uk\/lt\/wp-json\/wp\/v2\/types\/product"}],"replies":[{"embeddable":true,"href":"https:\/\/beautysba.co.uk\/lt\/wp-json\/wp\/v2\/comments?post=5885"}],"wp:featuredmedia":[{"embeddable":true,"href":"https:\/\/beautysba.co.uk\/lt\/wp-json\/wp\/v2\/media\/2953"}],"wp:attachment":[{"href":"https:\/\/beautysba.co.uk\/lt\/wp-json\/wp\/v2\/media?parent=5885"}],"wp:term":[{"taxonomy":"product_brand","embeddable":true,"href":"https:\/\/beautysba.co.uk\/lt\/wp-json\/wp\/v2\/product_brand?post=5885"},{"taxonomy":"product_cat","embeddable":true,"href":"https:\/\/beautysba.co.uk\/lt\/wp-json\/wp\/v2\/product_cat?post=5885"},{"taxonomy":"product_tag","embeddable":true,"href":"https:\/\/beautysba.co.uk\/lt\/wp-json\/wp\/v2\/product_tag?post=5885"}],"curies":[{"name":"wp","href":"https:\/\/api.w.org\/{rel}","templated":true}]}}