{"id":5891,"date":"2021-09-01T13:20:22","date_gmt":"2021-10-02T19:32:48","guid":{"rendered":"https:\/\/beautysba.co.uk\/product\/namu-gydytojas-arkliu-kastonu-ir-asiukliu-pedu-kremas-250-ml\/"},"modified":"2024-05-19T10:28:58","modified_gmt":"2024-05-19T10:28:58","slug":"arkliu-kastonu-ir-asiukliu-pedu-kremas-namuose","status":"publish","type":"product","link":"https:\/\/beautysba.co.uk\/lt\/produktas\/arkliu-kastonu-ir-asiukliu-pedu-kremas-namuose\/","title":{"rendered":"Nam\u0173 gydytojas arkli\u0173 ka\u0161ton\u0173 ir asi\u016bkli\u0173 p\u0117d\u0173 kremas, 250 ml"},"content":{"rendered":"<p>Arkli\u0173 ka\u0161tonas &#8211; ven\u0173 varikoz\u0117s prevencija<br \/>\nKompozicija praturtinta arkli\u0173 ka\u0161ton\u0173 ir asi\u016bklio ekstraktais. Kremas mink\u0161tina, maitina, apsaugo od\u0105 nuo i\u0161saus\u0117jimo, ma\u017eina nuovargio ir sunkumo jausm\u0105 kojose. Arkli\u0173 ka\u0161ton\u0173 ekstraktas yra veiksmingas \u201evenotonikas\u201c, sukurtas pa\u010dios gamtos, asi\u016bklio ekstraktas turi raminan\u010di\u0173 savybi\u0173. Reguliarus kremo naudojimas \u017eymiai pagerina pavargusi\u0173 koj\u0173 b\u016bkl\u0119 ir gr\u0105\u017eina ilgalaik\u012f komforto jausm\u0105.<\/p>\n<p><strong>Taikymo b\u016bdas<\/strong> : Tepkite ant \u0161varios, sausos p\u0117d\u0173 odos.<\/p>\n<p><strong>Sud\u0117tis<\/strong> (INCI): vanduo, kokos\u0173 nucifera aliejus, parafino skystis, glicerilo stearatas, stearino r\u016bg\u0161tis, Equisetum Arvense lap\u0173 ekstraktas, Aesculus Hippocastanum s\u0117kl\u0173 ekstraktas, mentolis, kamparas, ketarilo alkoholis, akrilatai \/ C10-30 alkilo akrilato kry\u017eminis hidropolimeras, Akrilato kry\u017eminis hidropolimeras, propilenglikolis, natrio benzoatas, fenoksietanolis, metilparabenas, etilparabenas, propilparabenas, butilparabenas ..<br \/>\nT\u016bris 250 ml<\/p>\n","protected":false},"excerpt":{"rendered":"<p>\u201eNam\u0173 gydytojas\u201c &#8211; vaista\u017eol\u0117mis pagr\u012fstos priemon\u0117s, pri\u017ei\u016brin\u010dios plaukus, veido od\u0105, rankas ir k\u016bn\u0105, u\u017etikrinan\u010dios profilaktin\u012f poveik\u012f<\/p>\n","protected":false},"featured_media":2969,"comment_status":"open","ping_status":"closed","template":"","meta":[],"product_brand":[],"product_cat":[219,217],"product_tag":[],"class_list":{"0":"post-5891","1":"product","2":"type-product","3":"status-publish","4":"has-post-thumbnail","6":"product_cat-pedu-prieziura-lt","7":"product_cat-sveikatos-prieziura","9":"first","10":"outofstock","11":"shipping-taxable","12":"purchasable","13":"product-type-simple"},"_links":{"self":[{"href":"https:\/\/beautysba.co.uk\/lt\/wp-json\/wp\/v2\/product\/5891","targetHints":{"allow":["GET"]}}],"collection":[{"href":"https:\/\/beautysba.co.uk\/lt\/wp-json\/wp\/v2\/product"}],"about":[{"href":"https:\/\/beautysba.co.uk\/lt\/wp-json\/wp\/v2\/types\/product"}],"replies":[{"embeddable":true,"href":"https:\/\/beautysba.co.uk\/lt\/wp-json\/wp\/v2\/comments?post=5891"}],"wp:featuredmedia":[{"embeddable":true,"href":"https:\/\/beautysba.co.uk\/lt\/wp-json\/wp\/v2\/media\/2969"}],"wp:attachment":[{"href":"https:\/\/beautysba.co.uk\/lt\/wp-json\/wp\/v2\/media?parent=5891"}],"wp:term":[{"taxonomy":"product_brand","embeddable":true,"href":"https:\/\/beautysba.co.uk\/lt\/wp-json\/wp\/v2\/product_brand?post=5891"},{"taxonomy":"product_cat","embeddable":true,"href":"https:\/\/beautysba.co.uk\/lt\/wp-json\/wp\/v2\/product_cat?post=5891"},{"taxonomy":"product_tag","embeddable":true,"href":"https:\/\/beautysba.co.uk\/lt\/wp-json\/wp\/v2\/product_tag?post=5891"}],"curies":[{"name":"wp","href":"https:\/\/api.w.org\/{rel}","templated":true}]}}