{"id":5895,"date":"2021-09-01T13:37:36","date_gmt":"2021-10-02T19:32:52","guid":{"rendered":"https:\/\/beautysba.co.uk\/product\/namu-gydytojas-drekinamasis-aloe-vera-veido-kremas-42-ml\/"},"modified":"2022-05-08T14:50:06","modified_gmt":"2022-05-08T14:50:06","slug":"home-doctor-face-cream-with-aloe-ve","status":"publish","type":"product","link":"https:\/\/beautysba.co.uk\/lt\/produktas\/home-doctor-face-cream-with-aloe-ve\/","title":{"rendered":"Nam\u0173 gydytojas. Dr\u0117kinamasis Aloe Vera veido kremas 42 ml"},"content":{"rendered":"<table class=\"product-features__table\">\n<tbody>\n<tr class=\"product-features__row\">\n<th class=\"product-features__cell product-features__cell--h\">Sud\u0117tis (INCI)<\/th>\n<td class=\"product-features__cell\">Sud\u0117tis (INCI): vanduo, kokos\u0173 nucifera aliejus, parafino skystis, glicerilo stearatas, stearino r\u016bg\u0161tis, glicerinas, cetearilo alkoholis, alavijo Barbadensis lap\u0173 ekstraktas, amorfofalio konjako \u0161aknies ekstraktas, Arnica Montana g\u0117li\u0173 vanduo, Hamamelis Virginiana vanduo, ananasas , Retinilo acetatas, Retinilo palmitatas, Arachis Hypogaea aliejus, Helianthus Annuus s\u0117kl\u0173 aliejus, Biotinas, Pantolaktonas, Tokoferolis, PEG-40 hidrintas ricinos aliejus, akrilatai \/ C10-30 alkilo akrilato kry\u017epolimeras, alkoholiofaktatas, natrio benzoatas, natrio hidroksidas, Fenoksietanolis, metilparabenas, etilparabenas, propilparabenas, butilparabenas, linalolis, citronelolis, butilfenilmetilpropionas, citralas, hidroksiizoheksil-3-ciklohekseno karboksaldeksidas.<\/td>\n<\/tr>\n<\/tbody>\n<\/table>\n","protected":false},"excerpt":{"rendered":"<p>Sud\u0117tis (INCI) Sud\u0117tis (INCI): vanduo, kokos\u0173 nucifera aliejus, parafino skystis, glicerilo stearatas, stearino r\u016bg\u0161tis, glicerinas, cetearilo alkoholis, alavijo Barbadensis lap\u0173 ekstraktas, amorfofalio konjako \u0161aknies ekstraktas, Arnica Montana g\u0117li\u0173 vanduo, Hamamelis Virginiana vanduo, ananasas , Retinilo acetatas, Retinilo palmitatas, Arachis Hypogaea aliejus, Helianthus Annuus s\u0117kl\u0173 aliejus, Biotinas, Pantolaktonas, Tokoferolis, PEG-40 hidrintas ricinos aliejus, akrilatai \/ C10-30 [&hellip;]<\/p>\n","protected":false},"featured_media":2881,"comment_status":"open","ping_status":"closed","template":"","meta":[],"product_brand":[],"product_cat":[133,127],"product_tag":[],"class_list":{"0":"post-5895","1":"product","2":"type-product","3":"status-publish","4":"has-post-thumbnail","6":"product_cat-dienos-kremai","7":"product_cat-veidas","9":"first","10":"instock","11":"shipping-taxable","12":"purchasable","13":"product-type-simple"},"_links":{"self":[{"href":"https:\/\/beautysba.co.uk\/lt\/wp-json\/wp\/v2\/product\/5895","targetHints":{"allow":["GET"]}}],"collection":[{"href":"https:\/\/beautysba.co.uk\/lt\/wp-json\/wp\/v2\/product"}],"about":[{"href":"https:\/\/beautysba.co.uk\/lt\/wp-json\/wp\/v2\/types\/product"}],"replies":[{"embeddable":true,"href":"https:\/\/beautysba.co.uk\/lt\/wp-json\/wp\/v2\/comments?post=5895"}],"wp:featuredmedia":[{"embeddable":true,"href":"https:\/\/beautysba.co.uk\/lt\/wp-json\/wp\/v2\/media\/2881"}],"wp:attachment":[{"href":"https:\/\/beautysba.co.uk\/lt\/wp-json\/wp\/v2\/media?parent=5895"}],"wp:term":[{"taxonomy":"product_brand","embeddable":true,"href":"https:\/\/beautysba.co.uk\/lt\/wp-json\/wp\/v2\/product_brand?post=5895"},{"taxonomy":"product_cat","embeddable":true,"href":"https:\/\/beautysba.co.uk\/lt\/wp-json\/wp\/v2\/product_cat?post=5895"},{"taxonomy":"product_tag","embeddable":true,"href":"https:\/\/beautysba.co.uk\/lt\/wp-json\/wp\/v2\/product_tag?post=5895"}],"curies":[{"name":"wp","href":"https:\/\/api.w.org\/{rel}","templated":true}]}}