{"id":5897,"date":"2021-09-01T13:45:31","date_gmt":"2021-09-01T13:45:31","guid":{"rendered":"https:\/\/beautysba.co.uk\/product\/namu-gydytojas-veido-kremas-su-kalendra-officinalis-maitinantis-42-ml\/"},"modified":"2026-04-24T09:18:15","modified_gmt":"2026-04-24T09:18:15","slug":"namai-gydytojas-veido-kremas-su-kalendoriais","status":"publish","type":"product","link":"https:\/\/beautysba.co.uk\/lt\/produktas\/namai-gydytojas-veido-kremas-su-kalendoriais\/","title":{"rendered":"Nam\u0173 gydytojas. Veido kremas su kalendra officinalis, maitinantis 42 ml"},"content":{"rendered":"<table class=\"product-features__table\">\n<tbody>\n<tr class=\"product-features__row\">\n<th class=\"product-features__cell product-features__cell--h\">Sudedamosios dalys (INCI).<\/th>\n<td class=\"product-features__cell\">Sud\u0117tis (INCI): Glicerinas, glicerilo stearatas, stearino r\u016bg\u0161tis, cetiarilo alkoholis, glicerinas, medetk\u0173 (Calendula Officinalis) \u017eied\u0173 ekstraktas, Chondrus Crispus, hidrolizuotas elastinas, Olea Europaea vaisi\u0173 aliejus, linolo r\u016bg\u0161tis, linoleno r\u016bg\u0161tis, Akrilat\u0173\/C10-30 alkilo akrilato kry\u017epolimeras, chlorfenezinas, natrio dehidroacetatas, parfumas, propilenglikolis, natrio benzoatas, natrio hidroksidas, citrin\u0173 r\u016bg\u0161tis, fenoksietanolis, metilparabenas, etilparabenas, propilparabenas, butilparabenas, linaloolis, geraniolis, limonenas.<\/td>\n<\/tr>\n<\/tbody>\n<\/table>\n","protected":false},"excerpt":{"rendered":"<p>Sudedamosios dalys (INCI). Sud\u0117tis (INCI): Glicerinas, glicerilo stearatas, stearino r\u016bg\u0161tis, cetiarilo alkoholis, glicerinas, medetk\u0173 (Calendula Officinalis) \u017eied\u0173 ekstraktas, Chondrus Crispus, hidrolizuotas elastinas, Olea Europaea vaisi\u0173 aliejus, linolo r\u016bg\u0161tis, linoleno r\u016bg\u0161tis, Akrilat\u0173\/C10-30 alkilo akrilato kry\u017epolimeras, chlorfenezinas, natrio dehidroacetatas, parfumas, propilenglikolis, natrio benzoatas, natrio hidroksidas, citrin\u0173 r\u016bg\u0161tis, fenoksietanolis, metilparabenas, etilparabenas, propilparabenas, butilparabenas, linaloolis, geraniolis, limonenas.<\/p>\n","protected":false},"featured_media":2883,"comment_status":"open","ping_status":"closed","template":"","meta":[],"product_brand":[],"product_cat":[133,127],"product_tag":[],"class_list":{"0":"post-5897","1":"product","2":"type-product","3":"status-publish","4":"has-post-thumbnail","6":"product_cat-dienos-kremai","7":"product_cat-veidas","9":"first","10":"instock","11":"shipping-taxable","12":"purchasable","13":"product-type-simple"},"_links":{"self":[{"href":"https:\/\/beautysba.co.uk\/lt\/wp-json\/wp\/v2\/product\/5897","targetHints":{"allow":["GET"]}}],"collection":[{"href":"https:\/\/beautysba.co.uk\/lt\/wp-json\/wp\/v2\/product"}],"about":[{"href":"https:\/\/beautysba.co.uk\/lt\/wp-json\/wp\/v2\/types\/product"}],"replies":[{"embeddable":true,"href":"https:\/\/beautysba.co.uk\/lt\/wp-json\/wp\/v2\/comments?post=5897"}],"wp:featuredmedia":[{"embeddable":true,"href":"https:\/\/beautysba.co.uk\/lt\/wp-json\/wp\/v2\/media\/2883"}],"wp:attachment":[{"href":"https:\/\/beautysba.co.uk\/lt\/wp-json\/wp\/v2\/media?parent=5897"}],"wp:term":[{"taxonomy":"product_brand","embeddable":true,"href":"https:\/\/beautysba.co.uk\/lt\/wp-json\/wp\/v2\/product_brand?post=5897"},{"taxonomy":"product_cat","embeddable":true,"href":"https:\/\/beautysba.co.uk\/lt\/wp-json\/wp\/v2\/product_cat?post=5897"},{"taxonomy":"product_tag","embeddable":true,"href":"https:\/\/beautysba.co.uk\/lt\/wp-json\/wp\/v2\/product_tag?post=5897"}],"curies":[{"name":"wp","href":"https:\/\/api.w.org\/{rel}","templated":true}]}}