{"id":5917,"date":"2021-09-01T21:06:30","date_gmt":"2021-10-02T19:33:03","guid":{"rendered":"https:\/\/beautysba.co.uk\/product\/aktyvusis-varnalesu-ir-pipiru-aliejus-varnalesa-100ml-formula-82\/"},"modified":"2023-08-29T06:52:27","modified_gmt":"2023-08-29T06:52:27","slug":"aktyvus-varnalesu-pipiru-aliejus-repas","status":"publish","type":"product","link":"https:\/\/beautysba.co.uk\/lt\/produktas\/aktyvus-varnalesu-pipiru-aliejus-repas\/","title":{"rendered":"Aktyvusis varnal\u0117\u0161\u0173 ir pipir\u0173 aliejus &#8220;Varnal\u0117\u0161a&#8221;, 100ml Formula 82"},"content":{"rendered":"<p>Varnal\u0117\u0161\u0173 pipir\u0173 aliejus yra galinga, laiko patikrinta priemon\u0117 nuo nuplikimo nuo \u012fvairi\u0173 plauk\u0173 slinkimo prie\u017eas\u010di\u0173. Veikliosios varnal\u0117\u0161\u0173 ir pipir\u0173 aliejaus sudedamosios dalys yra \u012ftrauktos \u012f odos strukt\u016br\u0105, stiprina ir maitina plauk\u0173 \u0161aknis. Tinka nuo vidutinio ir gausaus plauk\u0173 slinkimo, taip pat kaip profilaktin\u0117 priemon\u0117. Tai ypa\u010d veiksminga kartu su \u0161amp\u016bnu ir kitais \u201eBurdock\u201c serijos produktais. Naudojant, galite pajusti nedidel\u012f deginimo poj\u016bt\u012f, kuris i\u0161nyksta nuplovus aliej\u0173.<\/p>\n<p><strong>Taikymo b\u016bdas:<\/strong> tolygiai tepkite aliej\u0173 ant galvos odos; kad sustiprintum\u0117te produkto poveik\u012f, galv\u0105 galite u\u017edengti pl\u0117vele ir apvynioti \u0161iltu rank\u0161luos\u010diu. Palikite 15-20 minu\u010di\u0173, tada nuplaukite varnal\u0117\u0161\u0173 \u0161amp\u016bnu. Vengti patekimo \u012f akis.<\/p>\n<p>&nbsp;<\/p>\n<p><strong>Sud\u0117tis:<\/strong> Glicino sojos aliejus, Arctium Majus ekstraktas, Capsicum Annuum ekstraktas, kvepalai, tokoferilacetatas, Abies Sibirica adat\u0173 ekstraktas.<\/p>\n","protected":false},"excerpt":{"rendered":"<p>Varnal\u0117\u0161\u0173 pipir\u0173 aliejus yra galinga, laiko patikrinta priemon\u0117 nuo nuplikimo nuo \u012fvairi\u0173 plauk\u0173 slinkimo prie\u017eas\u010di\u0173. Veikliosios varnal\u0117\u0161\u0173 ir pipir\u0173 aliejaus sudedamosios dalys yra \u012ftrauktos \u012f odos strukt\u016br\u0105, stiprina ir maitina plauk\u0173 \u0161aknis. Tinka nuo vidutinio ir gausaus plauk\u0173 slinkimo, taip pat kaip profilaktin\u0117 priemon\u0117. Tai ypa\u010d veiksminga kartu su \u0161amp\u016bnu ir kitais \u201eBurdock\u201c serijos produktais. Naudojant, galite pajusti nedidel\u012f deginimo poj\u016bt\u012f, kuris i\u0161nyksta nuplovus aliej\u0173.<\/p>\n","protected":false},"featured_media":3019,"comment_status":"open","ping_status":"closed","template":"","meta":[],"product_brand":[],"product_cat":[215,211],"product_tag":[],"class_list":{"0":"post-5917","1":"product","2":"type-product","3":"status-publish","4":"has-post-thumbnail","6":"product_cat-aliejai-serumai","7":"product_cat-hair-lt","9":"first","10":"outofstock","11":"shipping-taxable","12":"purchasable","13":"product-type-simple"},"_links":{"self":[{"href":"https:\/\/beautysba.co.uk\/lt\/wp-json\/wp\/v2\/product\/5917","targetHints":{"allow":["GET"]}}],"collection":[{"href":"https:\/\/beautysba.co.uk\/lt\/wp-json\/wp\/v2\/product"}],"about":[{"href":"https:\/\/beautysba.co.uk\/lt\/wp-json\/wp\/v2\/types\/product"}],"replies":[{"embeddable":true,"href":"https:\/\/beautysba.co.uk\/lt\/wp-json\/wp\/v2\/comments?post=5917"}],"wp:featuredmedia":[{"embeddable":true,"href":"https:\/\/beautysba.co.uk\/lt\/wp-json\/wp\/v2\/media\/3019"}],"wp:attachment":[{"href":"https:\/\/beautysba.co.uk\/lt\/wp-json\/wp\/v2\/media?parent=5917"}],"wp:term":[{"taxonomy":"product_brand","embeddable":true,"href":"https:\/\/beautysba.co.uk\/lt\/wp-json\/wp\/v2\/product_brand?post=5917"},{"taxonomy":"product_cat","embeddable":true,"href":"https:\/\/beautysba.co.uk\/lt\/wp-json\/wp\/v2\/product_cat?post=5917"},{"taxonomy":"product_tag","embeddable":true,"href":"https:\/\/beautysba.co.uk\/lt\/wp-json\/wp\/v2\/product_tag?post=5917"}],"curies":[{"name":"wp","href":"https:\/\/api.w.org\/{rel}","templated":true}]}}