{"id":6018,"date":"2021-08-29T21:28:33","date_gmt":"2021-08-29T21:28:33","guid":{"rendered":"https:\/\/beautysba.co.uk\/product\/vietnam-golden-star-balzamas-golden-star-3g\/"},"modified":"2026-04-24T09:51:16","modified_gmt":"2026-04-24T09:51:16","slug":"vietnamieciu-balzamas-auksinis-zvaigzde-balzamas-auksines-zvaigzdes","status":"publish","type":"product","link":"https:\/\/beautysba.co.uk\/lt\/produktas\/vietnamieciu-balzamas-auksinis-zvaigzde-balzamas-auksines-zvaigzdes\/","title":{"rendered":"VIETNAMIE\u010cI\u0172 BALZAMAS GOLDEN STAR BALZAMAS GOLDEN STAR, 4G"},"content":{"rendered":"<p>Taikymas:<\/p>\n<ul>\n<li>Gripas.<\/li>\n<li>Galvos skausmas.<\/li>\n<li>Per\u0161alimas.<\/li>\n<li>B\u0117ganti nosis.<\/li>\n<li>Kai \u012fkando vabzd\u017eiai.<\/li>\n<\/ul>\n<p>Kompozicijoje esan\u010di\u0173 komponent\u0173 d\u0117ka gaunama veiksminga kompleksin\u0117 priemon\u0117 kovojant su virusais ir per\u0161alimu.<\/p>\n<p>Veikliosios med\u017eiagos: gvazdik\u0173 g\u0117li\u0173 aliejus + kamparo + pipirm\u0117\u010di\u0173 lap\u0173 aliejus + eukalipto lap\u0173 aliejus<\/p>\n<p>Taikymo b\u016bdas: nedidelis vaisto kiekis tepamas ant atskir\u0173 sri\u010di\u0173 ir \u012ftrinamas \u012f od\u0105: esant galvos skausmui &#8211; \u0161ventykl\u0173 srityje ir pakau\u0161yje; su sloga &#8211; po \u0161nerv\u0117mis; sergant per\u0161alimo ligomis &#8211; kr\u016btin\u0117je, nugaroje, pilve; \u012fkandus vabzd\u017eiams &#8211; \u012f \u012fkandimo viet\u0105.<\/p>\n","protected":false},"excerpt":{"rendered":"<p>Taikymas:<\/p>\n<ul>\n<li>Gripas.<\/li>\n<li>Galvos skausmas.<\/li>\n<li>Per\u0161alimas.<\/li>\n<li>B\u0117ganti nosis.<\/li>\n<li>Kai \u012fkando vabzd\u017eiai.<\/li>\n<\/ul>\n","protected":false},"featured_media":2781,"comment_status":"open","ping_status":"closed","template":"","meta":[],"product_brand":[],"product_cat":[218,201,217],"product_tag":[],"class_list":{"0":"post-6018","1":"product","2":"type-product","3":"status-publish","4":"has-post-thumbnail","6":"product_cat-kuno-prieziura","7":"product_cat-skausmo-malsinimas","8":"product_cat-sveikatos-prieziura","10":"first","11":"instock","12":"shipping-taxable","13":"purchasable","14":"product-type-simple"},"_links":{"self":[{"href":"https:\/\/beautysba.co.uk\/lt\/wp-json\/wp\/v2\/product\/6018","targetHints":{"allow":["GET"]}}],"collection":[{"href":"https:\/\/beautysba.co.uk\/lt\/wp-json\/wp\/v2\/product"}],"about":[{"href":"https:\/\/beautysba.co.uk\/lt\/wp-json\/wp\/v2\/types\/product"}],"replies":[{"embeddable":true,"href":"https:\/\/beautysba.co.uk\/lt\/wp-json\/wp\/v2\/comments?post=6018"}],"wp:featuredmedia":[{"embeddable":true,"href":"https:\/\/beautysba.co.uk\/lt\/wp-json\/wp\/v2\/media\/2781"}],"wp:attachment":[{"href":"https:\/\/beautysba.co.uk\/lt\/wp-json\/wp\/v2\/media?parent=6018"}],"wp:term":[{"taxonomy":"product_brand","embeddable":true,"href":"https:\/\/beautysba.co.uk\/lt\/wp-json\/wp\/v2\/product_brand?post=6018"},{"taxonomy":"product_cat","embeddable":true,"href":"https:\/\/beautysba.co.uk\/lt\/wp-json\/wp\/v2\/product_cat?post=6018"},{"taxonomy":"product_tag","embeddable":true,"href":"https:\/\/beautysba.co.uk\/lt\/wp-json\/wp\/v2\/product_tag?post=6018"}],"curies":[{"name":"wp","href":"https:\/\/api.w.org\/{rel}","templated":true}]}}