{"id":6038,"date":"2021-08-31T14:29:04","date_gmt":"2021-08-31T14:29:04","guid":{"rendered":"https:\/\/beautysba.co.uk\/product\/vishnevsky-tepalas\/"},"modified":"2026-04-24T09:51:15","modified_gmt":"2026-04-24T09:51:15","slug":"vishnevsky-tepalas","status":"publish","type":"product","link":"https:\/\/beautysba.co.uk\/lt\/produktas\/vishnevsky-tepalas\/","title":{"rendered":"Vi\u0161nevskio tepalas 30g"},"content":{"rendered":"<p>Linimentas pasi\u017eymi antiseptiniu, prie\u0161u\u017edegiminiu, baktericidiniu ir imunomoduliuojan\u010diu vietiniu poveikiu. Be to, yra dirginantis vietinis poveikis audini\u0173 receptoriams, o tai galiausiai prisideda prie kraujotakos mikrocirkuliacijos aktyvinimo. D\u0117l to pagreit\u0117ja audini\u0173 regeneracijos procesas.<span id=\"ctrlcopy\"><\/span><\/p>\n<p>&nbsp;<\/p>\n<h2 id=\"h2_5\">Vartojimo indikacijos<\/h2>\n<p>Pasak Vishnevskio, balzamiko linimentas turi \u0161ias naudojimo indikacijas:<\/p>\n<ul>\n<li><a title=\"\u041b\u0438\u043c\u0444\u0430\u0434\u0435\u043d\u0438\u0442\" href=\"https:\/\/medside.ru\/limfadenit\"><em><strong>limfadenitas<\/strong><\/em><\/a> ,<em><strong> limfangitas<\/strong><\/em> ,<em><strong> mink\u0161t\u0173j\u0173 audini\u0173 flegmona<\/strong><\/em> ;<\/li>\n<li><a title=\"\u041a\u0430\u0440\u0431\u0443\u043d\u043a\u0443\u043b\" href=\"https:\/\/medside.ru\/karbunkul\"><em><strong>karbunkulas<\/strong><\/em><\/a> ,<em><strong> odos p\u016blinys<\/strong><\/em> ,<em><strong> furunkulas<\/strong><\/em> ;<\/li>\n<li><em><strong>pragulos<\/strong><\/em> ;<\/li>\n<li><em><strong>empiema<\/strong><\/em> , kuriame yra sepsis;<\/li>\n<li><em><strong>nudegimai<\/strong><\/em> skirtingi laipsniai;<\/li>\n<li><em><strong>nu\u0161alimas<\/strong><\/em> ;<\/li>\n<li><a title=\"\u0422\u0440\u043e\u043c\u0431\u043e\u0444\u043b\u0435\u0431\u0438\u0442\" href=\"https:\/\/medside.ru\/tromboflebit\"><em><strong>tromboflebitas<\/strong><\/em><\/a> ,<em><strong> varikozin\u0117 opa<\/strong><\/em> ;<\/li>\n<li><em><strong>osteomelitas<\/strong><\/em> ;<\/li>\n<li><em><strong>opos po gimdymo<\/strong><\/em> ;<\/li>\n<li><em><strong>naikinanti<\/strong><\/em><em><strong> endarteritas<\/strong><\/em> ;<\/li>\n<li><em><strong>cefalosporoz\u0117<\/strong><\/em> &#8230;<\/li>\n<\/ul>\n<p>Be to, gydymo procese naudojamas Vishnevsky balzamiko linimentinis tepalas<a title=\"\u0413\u0435\u043c\u043e\u0440\u0440\u043e\u0439\" href=\"https:\/\/medside.ru\/gemorroy\"><em><strong> hemorojus<\/strong><\/em><\/a> , nespecifin\u0117s moter\u0173 lytini\u0173 organ\u0173 ligos. Su \u012fvairi\u0173 form\u0173 radikulitu jis naudojamas kaip papildomas gydymas. Vaistas naudojamas kaip priemon\u0117 nuo spuog\u0173. Kod\u0117l Vishnevsky balzaminis linimentas taip pat naudojamas, galite su\u017einoti i\u0161samiau i\u0161 savo gydytojo.<\/p>\n<h2 id=\"h2_8\">Vishnevsky tepalo naudojimo instrukcijos (b\u016bdas ir dozavimas)<\/h2>\n<p>Vishnevskio tepalas naudojamas i\u0161ori\u0161kai &#8211; tvars\u010di\u0173, tampon\u0173, kompres\u0173 pavidalu. Vishnevskio tepalo instrukcija yra tokia: balzaminis linimentas yra taikomas du ar tris kartus per dien\u0105 pa\u017eeidimo vietoje plonu sluoksniu. Pra\u0161ymas d\u0117l<em><strong> verda<\/strong><\/em> ir kiti odos pa\u017eeidimai taip pat numato gaminti ir u\u017ed\u0117ti 5\u20136 sluoksni\u0173 marl\u0117s tvarst\u012f, kuris yra i\u0161 anksto \u012fmirkytas priemone. Tvarstis yra fiksuotas.<\/p>\n<p>Taip pat galima tepti vaistus ant \u017eaizdos naudojant servet\u0117l\u0119, \u012fmirkyt\u0105 agente. Jis turi b\u016bti tepamas taip, kad tepalas visi\u0161kai u\u017epildyt\u0173 \u017eaizd\u0105. Tvarstis turi b\u016bti atliekamas tol, kol \u017eaizda bus \u0161vari.<\/p>\n<p>Vishnevskio tepalas nuo spuog\u0173 naudojamas vietoje, kur atsirado, tvars\u010dius arba pleistr\u0105 su tepalu<em><strong> b\u0117rimas<\/strong><\/em> &#8230; Jei jums reikia naudoti priemon\u0119 nuo spuog\u0173, plonu sluoksniu tepkite spuogel\u012f po oda. Naudojant vaistus nuo spuog\u0173, pastebimas teigiamas poveikis. Ap\u017evalgos rodo, kad tinkamai naudojant produkt\u0105, spuogai taip pat ma\u017e\u0117ja.<\/p>\n<p>Pana\u0161iai vaistas vartojamas nuo<em><strong> verda<\/strong><\/em> &#8230; Virim\u0105 reikia gydyti Vishnevsky tepalu, kol jie visi\u0161kai i\u0161nyks.<\/p>\n<p>Vishnevskio tepalas ginekologijoje naudojamas dubens organ\u0173 u\u017edegiminiams procesams gydyti. Vishnevskio tepalas ginekologijoje naudojamas naudojant tamponus, \u012fmirkytus agente. Tepalo tamponai \u012fki\u0161ami \u012f mak\u0161t\u012f. Ta\u010diau tokia proced\u016bra gali b\u016bti atliekama tik gydytojo rekomendacija ir tuo pat metu turite ai\u0161kiai laikytis jo nurodym\u0173.<\/p>\n<p>B\u016btent specialistas duoda ai\u0161kias instrukcijas, kaip gaminti tamponus su Vi\u0161nevskio tepalu. Ginekologijoje naudojami tamponai, kuri\u0173 impregnavimui naudojama ne daugiau kaip 15 g produkto. Gydymo kursas trunka ma\u017eiausiai savait\u0119.<\/p>\n<p>Vishnevsky tepalas su<em><strong> hemorojus<\/strong><\/em> taikomas i\u0161ori\u0161kai. Tepalas nuo hemorojaus tepamas ant keli\u0173 sluoksni\u0173 sulankstytos marl\u0117s juostel\u0117s ir tepamas toje vietoje, kur jie yra<em><strong> hemorojus<\/strong><\/em> &#8230; \u0160\u012f kompres\u0105 reikia keisti kas 12 valand\u0173. Kai u\u017edegiminis procesas palaipsniui ma\u017e\u0117ja, hemorojaus gydymas tepalu t\u0119siamas dar kelias dienas, ta\u010diau kompresus reikia daryti nakt\u012f. Atsiliepimai apie hemorojus apie tok\u012f gydym\u0105 paprastai yra teigiami.<\/p>\n<p>Nepaisant to, prie\u0161 prad\u0117dami vartoti Vishnevsky tepal\u0105, b\u016btinai tur\u0117tum\u0117te pasikonsultuoti su specialistu ir elgtis pagal jo rekomendacijas. Nesant teigiam\u0173 gydymo rezultat\u0173 arba pablog\u0117jus situacijai, nedelsdami kreipkit\u0117s \u012f gydytoj\u0105.<span id=\"ctrlcopy\"><br \/>\nSud\u0117tis: <em><strong>derva<\/strong><\/em> (3 dalys), <a title=\"\u041a\u0441\u0435\u0440\u043e\u0444\u043e\u0440\u043c\" href=\"https:\/\/medside.ru\/kseroform\"><em><strong>kseroformas<\/strong><\/em><\/a> (3 dalys), <em><strong>ricinos aliejus<\/strong><\/em> (94 dalys).<\/span><\/p>\n<p>&nbsp;<\/p>\n<p><span id=\"ctrlcopy\"> <\/span><\/p>\n<p><span id=\"ctrlcopy\"> <\/span><\/p>\n","protected":false},"excerpt":{"rendered":"<p>Linimentas pasi\u017eymi antiseptiniu, prie\u0161u\u017edegiminiu, baktericidiniu ir imunomoduliuojan\u010diu vietiniu poveikiu. Be to, yra dirginantis vietinis poveikis audini\u0173 receptoriams, o tai galiausiai prisideda prie kraujotakos mikrocirkuliacijos aktyvinimo. D\u0117l to pagreit\u0117ja audini\u0173 regeneracijos procesas.<\/p>\n","protected":false},"featured_media":13758,"comment_status":"open","ping_status":"closed","template":"","meta":[],"product_brand":[],"product_cat":[218,217],"product_tag":[],"class_list":{"0":"post-6038","1":"product","2":"type-product","3":"status-publish","4":"has-post-thumbnail","6":"product_cat-kuno-prieziura","7":"product_cat-sveikatos-prieziura","9":"first","10":"outofstock","11":"shipping-taxable","12":"purchasable","13":"product-type-simple"},"_links":{"self":[{"href":"https:\/\/beautysba.co.uk\/lt\/wp-json\/wp\/v2\/product\/6038","targetHints":{"allow":["GET"]}}],"collection":[{"href":"https:\/\/beautysba.co.uk\/lt\/wp-json\/wp\/v2\/product"}],"about":[{"href":"https:\/\/beautysba.co.uk\/lt\/wp-json\/wp\/v2\/types\/product"}],"replies":[{"embeddable":true,"href":"https:\/\/beautysba.co.uk\/lt\/wp-json\/wp\/v2\/comments?post=6038"}],"wp:featuredmedia":[{"embeddable":true,"href":"https:\/\/beautysba.co.uk\/lt\/wp-json\/wp\/v2\/media\/13758"}],"wp:attachment":[{"href":"https:\/\/beautysba.co.uk\/lt\/wp-json\/wp\/v2\/media?parent=6038"}],"wp:term":[{"taxonomy":"product_brand","embeddable":true,"href":"https:\/\/beautysba.co.uk\/lt\/wp-json\/wp\/v2\/product_brand?post=6038"},{"taxonomy":"product_cat","embeddable":true,"href":"https:\/\/beautysba.co.uk\/lt\/wp-json\/wp\/v2\/product_cat?post=6038"},{"taxonomy":"product_tag","embeddable":true,"href":"https:\/\/beautysba.co.uk\/lt\/wp-json\/wp\/v2\/product_tag?post=6038"}],"curies":[{"name":"wp","href":"https:\/\/api.w.org\/{rel}","templated":true}]}}