{"id":6044,"date":"2021-08-31T14:34:26","date_gmt":"2021-10-09T22:54:06","guid":{"rendered":"https:\/\/beautysba.co.uk\/product\/fermentinis-micelinis-vanduo-holivudo-prabangus-odos-efektas-bio-cosmetolog-professional-series\/"},"modified":"2022-05-08T14:50:06","modified_gmt":"2022-05-08T14:50:06","slug":"fermentas-micelinis-vanduo-holivudas","status":"publish","type":"product","link":"https:\/\/beautysba.co.uk\/lt\/produktas\/fermentas-micelinis-vanduo-holivudas\/","title":{"rendered":"Fermentinis micelinis vanduo Holivudo prabangus odos efektas Bio Cosmetolog Professional Series"},"content":{"rendered":"<p>Fermentinis micelinis vanduo puikiai pa\u0161alina makia\u017e\u0105 ir u\u017etikrina neprilygstam\u0105 valym\u0105. Kasdienis micelinio vandens naudojimas pakei\u010dia regeneracin\u012f ferment\u0173 terapij\u0105.<\/p>\n<p>260 ml<\/p>\n<p>Sudr\u0117kinkite vatos diskel\u012f miceliniu vandeniu ir nuvalykite veid\u0105 pagal masa\u017eo linijas. Nor\u0117dami pa\u0161alinti aki\u0173 makia\u017e\u0105, kelet\u0105 sekund\u017ei\u0173 u\u017ed\u0117kite sudr\u0117kint\u0105 vatos diskel\u012f ant blakstien\u0173, u\u017emerkdami akis, tada nuimkite makia\u017e\u0105.<\/p>\n<p>Vanduo, terminis vanduo, glicerinas, Jasminum Officinale g\u0117li\u0173 ekstraktas, Camellia Sinensis lap\u0173 ekstraktas, natrio kokamfoacetatas, lipaz\u0117, papainas, glikolio r\u016bg\u0161tis, tioktin\u0117 r\u016bg\u0161tis, kolagenas, PEG-7 glicerilo kokatas, natrio benzoatas, kalio sorbatas, sorbo r\u016bg\u0161tis.<\/p>\n","protected":false},"excerpt":{"rendered":"<p>Fermentinis micelinis vanduo puikiai pa\u0161alina makia\u017e\u0105 ir u\u017etikrina neprilygstam\u0105 valym\u0105. Kasdienis micelinio vandens naudojimas pakei\u010dia regeneracin\u012f ferment\u0173 terapij\u0105.<\/p>\n<p>260 ml<\/p>\n","protected":false},"featured_media":2811,"comment_status":"open","ping_status":"closed","template":"","meta":[],"product_brand":[],"product_cat":[208,127],"product_tag":[],"class_list":{"0":"post-6044","1":"product","2":"type-product","3":"status-publish","4":"has-post-thumbnail","6":"product_cat-micelinis-vanduo","7":"product_cat-veidas","9":"first","10":"outofstock","11":"shipping-taxable","12":"purchasable","13":"product-type-simple"},"_links":{"self":[{"href":"https:\/\/beautysba.co.uk\/lt\/wp-json\/wp\/v2\/product\/6044","targetHints":{"allow":["GET"]}}],"collection":[{"href":"https:\/\/beautysba.co.uk\/lt\/wp-json\/wp\/v2\/product"}],"about":[{"href":"https:\/\/beautysba.co.uk\/lt\/wp-json\/wp\/v2\/types\/product"}],"replies":[{"embeddable":true,"href":"https:\/\/beautysba.co.uk\/lt\/wp-json\/wp\/v2\/comments?post=6044"}],"wp:featuredmedia":[{"embeddable":true,"href":"https:\/\/beautysba.co.uk\/lt\/wp-json\/wp\/v2\/media\/2811"}],"wp:attachment":[{"href":"https:\/\/beautysba.co.uk\/lt\/wp-json\/wp\/v2\/media?parent=6044"}],"wp:term":[{"taxonomy":"product_brand","embeddable":true,"href":"https:\/\/beautysba.co.uk\/lt\/wp-json\/wp\/v2\/product_brand?post=6044"},{"taxonomy":"product_cat","embeddable":true,"href":"https:\/\/beautysba.co.uk\/lt\/wp-json\/wp\/v2\/product_cat?post=6044"},{"taxonomy":"product_tag","embeddable":true,"href":"https:\/\/beautysba.co.uk\/lt\/wp-json\/wp\/v2\/product_tag?post=6044"}],"curies":[{"name":"wp","href":"https:\/\/api.w.org\/{rel}","templated":true}]}}