{"id":6053,"date":"2021-08-31T14:40:45","date_gmt":"2021-10-09T22:56:05","guid":{"rendered":"https:\/\/beautysba.co.uk\/product\/bio-cosmetolog-professional-maitinamasis-gelio-aliejus-skirtas-plauti-ir-makiazo-valikliui\/"},"modified":"2022-03-04T14:28:01","modified_gmt":"2022-03-04T14:28:01","slug":"papildomas-maistinis-gelis-aliejus-protui","status":"publish","type":"product","link":"https:\/\/beautysba.co.uk\/lt\/produktas\/papildomas-maistinis-gelis-aliejus-protui\/","title":{"rendered":"Bio Cosmetolog Professional maitinamasis gelio aliejus, skirtas plauti ir makia\u017eo valikliui"},"content":{"rendered":"<p>Ypa\u010d maitinantis gelis-aliejus veido plovimui ir makia\u017eo valikliui efektyviai pa\u0161alina makia\u017e\u0105, nedirgindamas jautrios odos. Aliejus yra praturtintas i\u0161skirtin\u0117mis veikliosiomis med\u017eiagomis, kurios i\u0161lygina mezo kokteilius.<\/p>\n<p>Nedidel\u012f kiek\u012f gelio aliejaus \u0161velniais masa\u017eo judesiais tepkite ant dr\u0117gnos odos, tada nuplaukite vandeniu.<\/p>\n<p>260 ml<\/p>\n<p>Vanduo, Persea Gratissima aliejus, Olea Europaea vaisi\u0173 aliejus, Argania Spinosa lap\u0173 l\u0105steli\u0173 ekstraktas, natrio kokamfoacetatas, kokamidopropilbetainas, decilgliukozidas, hidrolizuotas elastinas, kolagenas, lecitinas, ksantano derva, glicerinas, NanoLipidesra Acetatas, niacinamidas, linoleno r\u016bg\u0161tis, linolo r\u016bg\u0161tis, palmitoilo tripeptidas-5, tripeptidas-10 citrulinas, kvepalai, citrinos r\u016bg\u0161tis, natrio benzoatas, kalio sorbatas, sorbo r\u016bg\u0161tis, CI 19140<\/p>\n","protected":false},"excerpt":{"rendered":"<p>Ypa\u010d maitinantis gelis-aliejus veido plovimui ir makia\u017eo valikliui efektyviai pa\u0161alina makia\u017e\u0105, nedirgindamas jautrios odos. Aliejus yra praturtintas i\u0161skirtin\u0117mis veikliosiomis med\u017eiagomis, kurios i\u0161lygina mezo kokteilius.<\/p>\n","protected":false},"featured_media":2821,"comment_status":"open","ping_status":"closed","template":"","meta":[],"product_brand":[],"product_cat":[132,129,127],"product_tag":[],"class_list":{"0":"post-6053","1":"product","2":"type-product","3":"status-publish","4":"has-post-thumbnail","6":"product_cat-valomieji-aliejai","7":"product_cat-valomieji-geliai","8":"product_cat-veidas","10":"first","11":"outofstock","12":"shipping-taxable","13":"purchasable","14":"product-type-simple"},"_links":{"self":[{"href":"https:\/\/beautysba.co.uk\/lt\/wp-json\/wp\/v2\/product\/6053","targetHints":{"allow":["GET"]}}],"collection":[{"href":"https:\/\/beautysba.co.uk\/lt\/wp-json\/wp\/v2\/product"}],"about":[{"href":"https:\/\/beautysba.co.uk\/lt\/wp-json\/wp\/v2\/types\/product"}],"replies":[{"embeddable":true,"href":"https:\/\/beautysba.co.uk\/lt\/wp-json\/wp\/v2\/comments?post=6053"}],"wp:featuredmedia":[{"embeddable":true,"href":"https:\/\/beautysba.co.uk\/lt\/wp-json\/wp\/v2\/media\/2821"}],"wp:attachment":[{"href":"https:\/\/beautysba.co.uk\/lt\/wp-json\/wp\/v2\/media?parent=6053"}],"wp:term":[{"taxonomy":"product_brand","embeddable":true,"href":"https:\/\/beautysba.co.uk\/lt\/wp-json\/wp\/v2\/product_brand?post=6053"},{"taxonomy":"product_cat","embeddable":true,"href":"https:\/\/beautysba.co.uk\/lt\/wp-json\/wp\/v2\/product_cat?post=6053"},{"taxonomy":"product_tag","embeddable":true,"href":"https:\/\/beautysba.co.uk\/lt\/wp-json\/wp\/v2\/product_tag?post=6053"}],"curies":[{"name":"wp","href":"https:\/\/api.w.org\/{rel}","templated":true}]}}