{"id":6071,"date":"2021-08-31T14:50:02","date_gmt":"2021-10-09T23:06:41","guid":{"rendered":"https:\/\/beautysba.co.uk\/product\/naktinis-kremas-nuo-spuogu-absolute-purity-acne-control-professional\/"},"modified":"2022-09-05T03:35:24","modified_gmt":"2022-09-05T03:35:24","slug":"veido-kremas-naktinis-anti-spuogai-abs","status":"publish","type":"product","link":"https:\/\/beautysba.co.uk\/lt\/produktas\/veido-kremas-naktinis-anti-spuogai-abs\/","title":{"rendered":"Naktinis kremas nuo spuog\u0173 \u201eAbsolute Purity Acne Control Professional\u201c"},"content":{"rendered":"<p>Naktinis veido kremas greitai ir efektyviai pa\u0161alina spuogus, ink\u0161tirus, suma\u017eina riebal\u0173 gamyb\u0105, i\u0161lygina od\u0105 ir pa\u0161alina spuog\u0173 \u017eymes. Naujovi\u0161kas ACNE CONTROL COMPLEXTM akimirksniu pa\u0161alina spuogus, sutraukia poras, u\u017epildo odos l\u0105steles vertingais vitaminais, mineralais ir mikroelementais, padidina apsaugines savybes ir skatina odos atjaun\u0117jim\u0105. Kremo salicilo ir glikolio r\u016bg\u0161\u010di\u0173 derinys padeda pasiekti auk\u0161tos kokyb\u0117s spuog\u0173 gydymo rezultat\u0173. Cinkas turi d\u017eiovinimo efekt\u0105, ma\u017eina paraudim\u0105 ir nie\u017e\u0117jim\u0105. Nat\u016bralus \u0161alavij\u0173 ekstraktas dezinfekuoja od\u0105, dr\u0117kina, maitina, tonizuoja, skatina odos l\u0105steli\u0173 atsinaujinim\u0105, i\u0161lygina veido strukt\u016br\u0105 ir ton\u0105<\/p>\n<p>45 ml<\/p>\n<p>Prie\u0161 eidami miegoti, nedidel\u012f kiek\u012f kremo tepkite ant anks\u010diau nuvalytos sausos veido ir kaklo odos, palikite, kol visi\u0161kai susigers.<\/p>\n<p>Aqua, Rosa Canina vaisi\u0173 ekstraktas, Salvia Officinalis lap\u0173 ekstraktas, Olea Europaea vaisi\u0173 aliejus, spuog\u0173 kontrol\u0117s kompleksas (glicerinas, salicilo r\u016bg\u0161tis, glikolio r\u016bg\u0161tis, pieno r\u016bg\u0161tis) r\u016bg\u0161tis, papainas, citrinos r\u016bg\u0161tis, hidrolizuota hialurono r\u016bg\u0161tis, retinolis, alantoinas, niacinamidas, pantolinas (Pantenolis)), salicilo r\u016bg\u0161tis, kaprilo \/ kaprio trigliceridai, glicerinas, akrilatai \/ vinilo izodekanoato kry\u017eminis polimeras, natrio hialuronatas, glikolio r\u016bg\u0161tis, cinko oksidas, dehidrobino r\u016bg\u0161tis, benzilo alkoholis, Ci 75170.<\/p>\n","protected":false},"excerpt":{"rendered":"<p>Naktinis veido kremas greitai ir efektyviai pa\u0161alina spuogus, ink\u0161tirus, suma\u017eina riebal\u0173 gamyb\u0105, i\u0161lygina od\u0105 ir pa\u0161alina spuog\u0173 \u017eymes. Naujovi\u0161kas ACNE CONTROL COMPLEXTM akimirksniu pa\u0161alina spuogus, sutraukia poras, u\u017epildo odos l\u0105steles vertingais vitaminais, mineralais ir mikroelementais, padidina apsaugines savybes ir skatina odos atjaun\u0117jim\u0105. Kremo salicilo ir glikolio r\u016bg\u0161\u010di\u0173 derinys padeda pasiekti auk\u0161tos kokyb\u0117s spuog\u0173 gydymo rezultat\u0173. Cinkas turi d\u017eiovinimo efekt\u0105, ma\u017eina paraudim\u0105 ir nie\u017e\u0117jim\u0105. Nat\u016bralus \u0161alavij\u0173 ekstraktas dezinfekuoja od\u0105, dr\u0117kina, maitina, tonizuoja, skatina odos l\u0105steli\u0173 atsinaujinim\u0105, i\u0161lygina veido strukt\u016br\u0105 ir ton\u0105<\/p>\n","protected":false},"featured_media":2835,"comment_status":"open","ping_status":"closed","template":"","meta":[],"product_brand":[],"product_cat":[209,128,127],"product_tag":[],"class_list":{"0":"post-6071","1":"product","2":"type-product","3":"status-publish","4":"has-post-thumbnail","6":"product_cat-naktiniai-kremai","7":"product_cat-spuogu-demiu-gydymas","8":"product_cat-veidas","10":"first","11":"outofstock","12":"shipping-taxable","13":"purchasable","14":"product-type-simple"},"_links":{"self":[{"href":"https:\/\/beautysba.co.uk\/lt\/wp-json\/wp\/v2\/product\/6071","targetHints":{"allow":["GET"]}}],"collection":[{"href":"https:\/\/beautysba.co.uk\/lt\/wp-json\/wp\/v2\/product"}],"about":[{"href":"https:\/\/beautysba.co.uk\/lt\/wp-json\/wp\/v2\/types\/product"}],"replies":[{"embeddable":true,"href":"https:\/\/beautysba.co.uk\/lt\/wp-json\/wp\/v2\/comments?post=6071"}],"wp:featuredmedia":[{"embeddable":true,"href":"https:\/\/beautysba.co.uk\/lt\/wp-json\/wp\/v2\/media\/2835"}],"wp:attachment":[{"href":"https:\/\/beautysba.co.uk\/lt\/wp-json\/wp\/v2\/media?parent=6071"}],"wp:term":[{"taxonomy":"product_brand","embeddable":true,"href":"https:\/\/beautysba.co.uk\/lt\/wp-json\/wp\/v2\/product_brand?post=6071"},{"taxonomy":"product_cat","embeddable":true,"href":"https:\/\/beautysba.co.uk\/lt\/wp-json\/wp\/v2\/product_cat?post=6071"},{"taxonomy":"product_tag","embeddable":true,"href":"https:\/\/beautysba.co.uk\/lt\/wp-json\/wp\/v2\/product_tag?post=6071"}],"curies":[{"name":"wp","href":"https:\/\/api.w.org\/{rel}","templated":true}]}}