{"id":6088,"date":"2021-08-31T20:32:17","date_gmt":"2021-08-31T20:32:17","guid":{"rendered":"https:\/\/beautysba.co.uk\/product\/home-doctor-kremas-greito-veikimo-antiseptikas-visoms-progoms-30ml\/"},"modified":"2023-09-03T14:25:48","modified_gmt":"2023-09-03T14:25:48","slug":"kremas-namai-gydytojas-greitai","status":"publish","type":"product","link":"https:\/\/beautysba.co.uk\/lt\/produktas\/kremas-namai-gydytojas-greitai\/","title":{"rendered":"Home Doctor kremas greito veikimo antiseptikas Visoms progoms, 30ml"},"content":{"rendered":"<p>Ar vis dar ie\u0161kote kremo, kuris gydo \u012ftr\u016bkusias l\u016bpas, ma\u017eina odos sausum\u0105, ma\u017eina dirginim\u0105 po vabzd\u017ei\u0173 \u012fkandim\u0173 ar ilgo buvimo saul\u0117je? Greitai veikiantis antiseptinis kremas i\u0161 bendrov\u0117s \u201eDomashny Doctor\u201c leis pamir\u0161ti apie nepagr\u012fst\u0105 pinig\u0173 \u0161vaistym\u0105 did\u017eiul\u0117ms l\u0117\u0161oms. Demonstruodamas plat\u0173 taikymo spektr\u0105, kremas gali pakeisti daugyb\u0119 kosmetikos gamini\u0173, skirt\u0173 \u012fvairioms problemoms spr\u0119sti. Greito veikimo kremas gydo sauskelni\u0173 b\u0117rim\u0105, \u012ftr\u016bkusius kulnus, \u0161iurk\u0161\u010di\u0105 alk\u016bni\u0173 od\u0105 ir efektyviai atkuria dermos elastingum\u0105 po sunkaus darbo, nu\u0161alimo, nudegim\u0173, \u012fpjovim\u0173, \u012fbr\u0117\u017eim\u0173 ir kt.<\/p>\n<p>Kosmetologai kaip pagrindin\u0119 veikli\u0105j\u0105 med\u017eiag\u0105 naudojo kokos\u0173 aliej\u0173. D\u0117l \u0161io naudingo komponento produktas \u012fgijo fenomenali\u0173 dr\u0117kinam\u0173j\u0173 ir antibakterini\u0173 savybi\u0173, taip pat gal\u0117jo veiksmingai u\u017ekirsti keli\u0105 odos sen\u0117jimui. Greitai veikiantis kremas skatina l\u0105steles atsinaujinti, u\u017ekertant keli\u0105 atvirk\u0161tiniams procesams.<\/p>\n<p>Naudodami kosmetikos gamin\u012f, netrinkite jo intensyviai. \u0160veln\u016bs masa\u017eo judesiai leis pasiekti geriausi\u0105 efekt\u0105. Tepkite krem\u0105 tik ant \u0161varios, sausos odos.<\/p>\n<p>Preki\u0173 sud\u0117tis Cream Home Doctor greito veikimo antiseptikas Visoms progoms, 30ml<br \/>\nKokos\u0173 nucifera aliejus, vazelinas, lanolinas, parafinas, cinko oksidas, Cera Alba, Hippophae Rhamnoides aliejus, Cetearilo alkoholis, Ceteareth-20, Vetiveria Zizanoides \u0161akn\u0173 aliejus, Eukalipto globul\u0173 lap\u0173 aliejus, Zingiberio lap\u0173 \u0161aknies aliejus, Melaleunus Aliejus, \u201eSantalum Album\u201c medienos aliejus, mentolis, kamparas.<\/p>\n<p>\u0160altinis: https:\/\/eva.ua\/pr15483\/<\/p>\n","protected":false},"excerpt":{"rendered":"<p>Ar vis dar ie\u0161kote kremo, kuris i\u0161gydyt\u0173 \u012ftr\u016bkusias l\u016bpas, palengvint\u0173 saus\u0105 od\u0105, palengvint\u0173 dirginim\u0105 po vabzd\u017ei\u0173 \u012fkandim\u0173 ar ilgo buvimo saul\u0117je? Greitai veikiantis antiseptinis kremas i\u0161 bendrov\u0117s \u201eDomashny Doctor\u201c leis pamir\u0161ti apie nepagr\u012fst\u0105 pinig\u0173 \u0161vaistym\u0105 did\u017eiul\u0117ms l\u0117\u0161oms. Demonstruodamas plat\u0173 taikymo spektr\u0105, kremas gali pakeisti daugyb\u0119 kosmetikos gamini\u0173, skirt\u0173 \u012fvairioms problemoms spr\u0119sti. Greito veikimo kremas gydo sauskelni\u0173 b\u0117rim\u0105, \u012ftr\u016bkusius kulnus, \u0161iurk\u0161\u010di\u0105 alk\u016bni\u0173 od\u0105 ir efektyviai atkuria dermos elastingum\u0105 po sunkaus darbo, nu\u0161alimo, nudegim\u0173, \u012fpjovim\u0173, \u012fbr\u0117\u017eim\u0173 ir kt.<\/p>\n","protected":false},"featured_media":2859,"comment_status":"open","ping_status":"closed","template":"","meta":[],"product_brand":[],"product_cat":[218,217],"product_tag":[],"class_list":{"0":"post-6088","1":"product","2":"type-product","3":"status-publish","4":"has-post-thumbnail","6":"product_cat-kuno-prieziura","7":"product_cat-sveikatos-prieziura","9":"first","10":"instock","11":"shipping-taxable","12":"purchasable","13":"product-type-simple"},"_links":{"self":[{"href":"https:\/\/beautysba.co.uk\/lt\/wp-json\/wp\/v2\/product\/6088","targetHints":{"allow":["GET"]}}],"collection":[{"href":"https:\/\/beautysba.co.uk\/lt\/wp-json\/wp\/v2\/product"}],"about":[{"href":"https:\/\/beautysba.co.uk\/lt\/wp-json\/wp\/v2\/types\/product"}],"replies":[{"embeddable":true,"href":"https:\/\/beautysba.co.uk\/lt\/wp-json\/wp\/v2\/comments?post=6088"}],"wp:featuredmedia":[{"embeddable":true,"href":"https:\/\/beautysba.co.uk\/lt\/wp-json\/wp\/v2\/media\/2859"}],"wp:attachment":[{"href":"https:\/\/beautysba.co.uk\/lt\/wp-json\/wp\/v2\/media?parent=6088"}],"wp:term":[{"taxonomy":"product_brand","embeddable":true,"href":"https:\/\/beautysba.co.uk\/lt\/wp-json\/wp\/v2\/product_brand?post=6088"},{"taxonomy":"product_cat","embeddable":true,"href":"https:\/\/beautysba.co.uk\/lt\/wp-json\/wp\/v2\/product_cat?post=6088"},{"taxonomy":"product_tag","embeddable":true,"href":"https:\/\/beautysba.co.uk\/lt\/wp-json\/wp\/v2\/product_tag?post=6088"}],"curies":[{"name":"wp","href":"https:\/\/api.w.org\/{rel}","templated":true}]}}