{"id":6131,"date":"2021-08-26T07:35:23","date_gmt":"2021-10-11T19:07:45","guid":{"rendered":"https:\/\/beautysba.co.uk\/product\/lengvas-drekinamasis-ir-matinis-veido-kremas-su-sebuma-reguliuojanciu-poveikiu\/"},"modified":"2022-06-02T19:09:43","modified_gmt":"2022-06-02T19:09:43","slug":"lengvas-veido-kremas-drekinantis-ir-matinis","status":"publish","type":"product","link":"https:\/\/beautysba.co.uk\/lt\/produktas\/lengvas-veido-kremas-drekinantis-ir-matinis\/","title":{"rendered":"Lengvas dr\u0117kinamasis ir matinis veido kremas su sebum\u0105 reguliuojan\u010diu poveikiu"},"content":{"rendered":"<p>&#8211; akimirksniu dr\u0117kina ir pa\u0161alina rieb\u0173 blizges\u012f<\/p>\n<p>&#8211; normalizuoja riebalini\u0173 liauk\u0173 darb\u0105<\/p>\n<p>&#8211; i\u0161lygina ir u\u017emaskuoja poras<\/p>\n<p>Daugiafunkcinio kremo veikliosios med\u017eiagos u\u017etikrina kompleksin\u0119 problemin\u0117s odos prie\u017ei\u016br\u0105: intensyviai dr\u0117kina ir palaiko optimal\u0173 dr\u0117gm\u0117s balans\u0105 24 valandas, ramina, reguliuoja riebal\u0173 gamyb\u0105, didina odos atsparum\u0105 kenksmingoms bakterijoms, sutraukia ir u\u017emaskuoja poras, matizuoja, lygina. i\u0161ry\u0161kina odos ton\u0105 ir pavir\u0161i\u0173. Kremas greitai \u012fsigeria ir nepalieka lipnios pl\u0117vel\u0117s.<\/p>\n<p>Veikliosios med\u017eiagos: antibakterinis Normo-Sebum kompleksas, azelaino r\u016bg\u0161tis, dr\u0117kinamasis kompleksas.<\/p>\n<p>T\u016bris: 40 ml<\/p>\n<p>Taikymas:<\/p>\n<p>Ryte ir (arba) vakare lengvais glostomaisiais judesiais tepkite krem\u0105 ant nuvalyto veido. Kremas gali b\u016bti naudojamas kaip makia\u017eo pagrindas.<\/p>\n<p>Sudedamosios dalys: vanduo, cetearilo alkoholis, polisorbatas-60, PEG-100 stearatas, cetearetas-25, propilenglikolis, hidrintas polidecenas, dimetikonas, etilheksilizononatoatas, metilpropandiolis, betainas, glicerinas, azelaino r\u016bg\u0161tis, dihidroksimetikonas ir paroksido propildimetilo paraparatai, , hidratuotas silicio dioksidas, polisorbatas 80, leptoospermonas, salicilo r\u016bg\u0161tis, izleptospermonas, flavesonas, Salix Alba (gluosnio) \u017eiev\u0117s ekstraktas, natrio hidroksidas, 2-bromo-2-nitropropan-1,3-diolis, citronelolis, linalolis<\/p>\n","protected":false},"excerpt":{"rendered":"<p>&#8211; akimirksniu dr\u0117kina ir pa\u0161alina rieb\u0173 blizges\u012f<\/p>\n<p>&#8211; normalizuoja riebalini\u0173 liauk\u0173 darb\u0105<\/p>\n<p>&#8211; i\u0161lygina ir u\u017emaskuoja poras<\/p>\n","protected":false},"featured_media":2373,"comment_status":"open","ping_status":"closed","template":"","meta":[],"product_brand":[],"product_cat":[133,127],"product_tag":[],"class_list":{"0":"post-6131","1":"product","2":"type-product","3":"status-publish","4":"has-post-thumbnail","6":"product_cat-dienos-kremai","7":"product_cat-veidas","9":"first","10":"outofstock","11":"shipping-taxable","12":"purchasable","13":"product-type-simple"},"_links":{"self":[{"href":"https:\/\/beautysba.co.uk\/lt\/wp-json\/wp\/v2\/product\/6131","targetHints":{"allow":["GET"]}}],"collection":[{"href":"https:\/\/beautysba.co.uk\/lt\/wp-json\/wp\/v2\/product"}],"about":[{"href":"https:\/\/beautysba.co.uk\/lt\/wp-json\/wp\/v2\/types\/product"}],"replies":[{"embeddable":true,"href":"https:\/\/beautysba.co.uk\/lt\/wp-json\/wp\/v2\/comments?post=6131"}],"wp:featuredmedia":[{"embeddable":true,"href":"https:\/\/beautysba.co.uk\/lt\/wp-json\/wp\/v2\/media\/2373"}],"wp:attachment":[{"href":"https:\/\/beautysba.co.uk\/lt\/wp-json\/wp\/v2\/media?parent=6131"}],"wp:term":[{"taxonomy":"product_brand","embeddable":true,"href":"https:\/\/beautysba.co.uk\/lt\/wp-json\/wp\/v2\/product_brand?post=6131"},{"taxonomy":"product_cat","embeddable":true,"href":"https:\/\/beautysba.co.uk\/lt\/wp-json\/wp\/v2\/product_cat?post=6131"},{"taxonomy":"product_tag","embeddable":true,"href":"https:\/\/beautysba.co.uk\/lt\/wp-json\/wp\/v2\/product_tag?post=6131"}],"curies":[{"name":"wp","href":"https:\/\/api.w.org\/{rel}","templated":true}]}}