{"id":6136,"date":"2021-08-26T21:28:13","date_gmt":"2021-10-11T19:08:10","guid":{"rendered":"https:\/\/beautysba.co.uk\/product\/apsaugine-nuo-luzimo-balzamo-kauke-skirta-retinti-ir-skilineti-galiukus\/"},"modified":"2024-07-18T13:24:00","modified_gmt":"2024-07-18T13:24:00","slug":"balzamas-kauke-nuo-trapumo-rytams-2","status":"publish","type":"product","link":"https:\/\/beautysba.co.uk\/lt\/produktas\/balzamas-kauke-nuo-trapumo-rytams-2\/","title":{"rendered":"Apsaugin\u0117 nuo l\u016b\u017eimo balzamo kauk\u0117, skirta retinti ir skilin\u0117ti galiukus"},"content":{"rendered":"","protected":false},"excerpt":{"rendered":"","protected":false},"featured_media":2383,"comment_status":"open","ping_status":"closed","template":"","meta":[],"product_brand":[],"product_cat":[211,212,214],"product_tag":[],"class_list":{"0":"post-6136","1":"product","2":"type-product","3":"status-publish","4":"has-post-thumbnail","6":"product_cat-hair-lt","7":"product_cat-kondicionieriai-balzamai","8":"product_cat-plauku-kaukes","10":"first","11":"outofstock","12":"shipping-taxable","13":"purchasable","14":"product-type-simple"},"_links":{"self":[{"href":"https:\/\/beautysba.co.uk\/lt\/wp-json\/wp\/v2\/product\/6136","targetHints":{"allow":["GET"]}}],"collection":[{"href":"https:\/\/beautysba.co.uk\/lt\/wp-json\/wp\/v2\/product"}],"about":[{"href":"https:\/\/beautysba.co.uk\/lt\/wp-json\/wp\/v2\/types\/product"}],"replies":[{"embeddable":true,"href":"https:\/\/beautysba.co.uk\/lt\/wp-json\/wp\/v2\/comments?post=6136"}],"wp:featuredmedia":[{"embeddable":true,"href":"https:\/\/beautysba.co.uk\/lt\/wp-json\/wp\/v2\/media\/2383"}],"wp:attachment":[{"href":"https:\/\/beautysba.co.uk\/lt\/wp-json\/wp\/v2\/media?parent=6136"}],"wp:term":[{"taxonomy":"product_brand","embeddable":true,"href":"https:\/\/beautysba.co.uk\/lt\/wp-json\/wp\/v2\/product_brand?post=6136"},{"taxonomy":"product_cat","embeddable":true,"href":"https:\/\/beautysba.co.uk\/lt\/wp-json\/wp\/v2\/product_cat?post=6136"},{"taxonomy":"product_tag","embeddable":true,"href":"https:\/\/beautysba.co.uk\/lt\/wp-json\/wp\/v2\/product_tag?post=6136"}],"curies":[{"name":"wp","href":"https:\/\/api.w.org\/{rel}","templated":true}]}}