{"id":6156,"date":"2021-08-27T21:09:22","date_gmt":"2021-10-11T20:07:13","guid":{"rendered":"https:\/\/beautysba.co.uk\/product\/hialuron-active-paakiu-kremas-40-nuo-rauksliu-itin-drekinantis\/"},"modified":"2021-10-11T20:07:13","modified_gmt":"2021-10-11T20:07:13","slug":"hialuronas-aktyvus-akiu-kremas-40-super-drekinantis-prote","status":"publish","type":"product","link":"https:\/\/beautysba.co.uk\/lt\/produktas\/hialuronas-aktyvus-akiu-kremas-40-super-drekinantis-prote\/","title":{"rendered":"Hialuron Active paaki\u0173 kremas 40+ nuo rauk\u0161li\u0173 itin dr\u0117kinantis"},"content":{"rendered":"<p>Dviej\u0173 tip\u0173 hialurono r\u016bg\u0161tis kreme suteikia \u0161velniai vok\u0173 odai ilgalaik\u012f dr\u0117kinim\u0105. Primalhyal 20 &#8211; hidrolizuota hialurono r\u016bg\u0161tis &#8211; aktyvina l\u0105steli\u0173 atsinaujinim\u0105, padeda atkurti tarpl\u0105stelin\u0119 matric\u0105 ir apsaugo nuo odos sen\u0117jimo, atkuria jos gyvybingum\u0105 ir spindes\u012f.<\/p>\n<p>Crystalhyal &#8211; didel\u0117s molekulin\u0117s mas\u0117s hialurono r\u016bg\u0161tis &#8211; atkuria nat\u016bral\u0173 vir\u0161utini\u0173 odos sluoksni\u0173 dr\u0117gm\u0117s lyg\u012f, akimirksniu pa\u0161alina tempimo jausm\u0105, pa\u0161alina sudirginim\u0105. Tuo pat metu \u017eymiai padid\u0117ja odos elastingumas, atkuriamas tonusas, i\u0161lyginamos rauk\u0161l\u0117s aplink akis, \u201ei\u0161trinami\u201c nuovargio ir streso p\u0117dsakai.<\/p>\n<p>\u201eSesaflash\u201c kompleksas, kurio pagrind\u0105 sudaro sezamo ekstraktas, suteikia papildom\u0105 momentinio pak\u0117limo efekt\u0105: atgaivina, akivaizd\u017eiai i\u0161lygina rauk\u0161les, oda tampa \u0161velni ir \u0161ilkin\u0117.<\/p>\n<p>15 g<\/p>\n<p>Vanduo, glicerinas, butyrospermum parkii sviestas, etilheksilo palmitatas, glicerilo stearatas SE, cetearilo alkoholis, dikaprilyilo eteris, hidrolizuota hialurono r\u016bg\u0161tis, natrio hialuronatas, arganijos spinozo branduolio aliejus, tokoferilo acetatas, polimerolimolimer\u0173 polimerolimolimer\u0173 polimerolimolimer\u0173 polimerolimer\u0173 \/ Vinilo dimetikono kry\u017eminis polimeras, dimetikonas, cetearilo metikonas, Steareth-21, Steareth-2, PEG-40 stereo, propilenglikolparapara, parfumas, natrio benzoatas, diazolidinilbenzoatas, metzolidinilbenzoato citrin\u0173 r\u016bg\u0161tis, dinatrio EDTA, BHT<\/p>\n","protected":false},"excerpt":{"rendered":"<p>Dviej\u0173 tip\u0173 hialurono r\u016bg\u0161tis kreme suteikia \u0161velniai vok\u0173 odai ilgalaik\u012f dr\u0117kinim\u0105. Primalhyal 20 &#8211; hidrolizuota hialurono r\u016bg\u0161tis &#8211; aktyvina l\u0105steli\u0173 atsinaujinim\u0105, padeda atkurti tarpl\u0105stelin\u0119 matric\u0105 ir apsaugo nuo odos sen\u0117jimo, atkuria jos gyvybingum\u0105 ir spindes\u012f.<\/p>\n","protected":false},"featured_media":2517,"comment_status":"open","ping_status":"closed","template":"","meta":[],"product_brand":[],"product_cat":[202,127],"product_tag":[],"class_list":{"0":"post-6156","1":"product","2":"type-product","3":"status-publish","4":"has-post-thumbnail","6":"product_cat-akiu-kremai","7":"product_cat-veidas","9":"first","10":"outofstock","11":"shipping-taxable","12":"purchasable","13":"product-type-simple"},"_links":{"self":[{"href":"https:\/\/beautysba.co.uk\/lt\/wp-json\/wp\/v2\/product\/6156","targetHints":{"allow":["GET"]}}],"collection":[{"href":"https:\/\/beautysba.co.uk\/lt\/wp-json\/wp\/v2\/product"}],"about":[{"href":"https:\/\/beautysba.co.uk\/lt\/wp-json\/wp\/v2\/types\/product"}],"replies":[{"embeddable":true,"href":"https:\/\/beautysba.co.uk\/lt\/wp-json\/wp\/v2\/comments?post=6156"}],"wp:featuredmedia":[{"embeddable":true,"href":"https:\/\/beautysba.co.uk\/lt\/wp-json\/wp\/v2\/media\/2517"}],"wp:attachment":[{"href":"https:\/\/beautysba.co.uk\/lt\/wp-json\/wp\/v2\/media?parent=6156"}],"wp:term":[{"taxonomy":"product_brand","embeddable":true,"href":"https:\/\/beautysba.co.uk\/lt\/wp-json\/wp\/v2\/product_brand?post=6156"},{"taxonomy":"product_cat","embeddable":true,"href":"https:\/\/beautysba.co.uk\/lt\/wp-json\/wp\/v2\/product_cat?post=6156"},{"taxonomy":"product_tag","embeddable":true,"href":"https:\/\/beautysba.co.uk\/lt\/wp-json\/wp\/v2\/product_tag?post=6156"}],"curies":[{"name":"wp","href":"https:\/\/api.w.org\/{rel}","templated":true}]}}