{"id":6169,"date":"2021-08-27T21:34:46","date_gmt":"2021-10-11T20:19:24","guid":{"rendered":"https:\/\/beautysba.co.uk\/product\/varnalesu-aliejus-su-raudonaisiais-pipirais-100-ml\/"},"modified":"2026-02-09T15:34:47","modified_gmt":"2026-02-09T15:34:47","slug":"varnalesu-aliejus-su-raudonaisiais-pipirais-100-ml","status":"publish","type":"product","link":"https:\/\/beautysba.co.uk\/lt\/produktas\/varnalesu-aliejus-su-raudonaisiais-pipirais-100-ml\/","title":{"rendered":"Varnal\u0117\u0161\u0173 aliejus su raudonaisiais pipirais 100 ml"},"content":{"rendered":"<div>\n<p>Varnal\u0117\u0161\u0173 aliejus su raudonaisiais pipirais yra labai veiksminga kosmetikos priemon\u0117, stiprinanti plaukus ir spartinanti j\u0173 augim\u0105. Pagrindin\u0117 veiklioji med\u017eiaga yra varnal\u0117\u0161\u0173 aliejus, \u017einomas d\u0117l didelio inulino, eterini\u0173 ir riebi\u0173j\u0173 aliej\u0173, stearino ir palmitino r\u016bg\u0161\u010di\u0173, baltym\u0173, mineralini\u0173 drusk\u0173, tanin\u0173 ir vitamin\u0173 kiekio. Vis\u0173 \u0161i\u0173 med\u017eiag\u0173 d\u0117ka produktas turi gydom\u0105j\u012f poveik\u012f galvos odai ir skatina plauk\u0173 augim\u0105, apr\u016bpina reikiama mityba, pa\u0161alina pleiskanas, nie\u017eul\u012f ir sausum\u0105.<\/p>\n<p>Kartu su raudonaisiais pipirais varnal\u0117\u0161\u0173 aliejus gali atkurti visavert\u0119 med\u017eiag\u0173 apykait\u0105, pagerinti kraujo mikrocirkuliacij\u0105, u\u017etikrindamas greit\u0105 nauding\u0173 varnal\u0117\u0161\u0173 komponent\u0173 patekim\u0105 \u012f plauk\u0173 folikulus. D\u0117l to plauk\u0173 velenai \u017eymiai sustipr\u0117ja, o nat\u016bralus sveik\u0173 garban\u0173 augimas paspart\u0117ja.<\/p>\n<p>Reguliariai naudojant, plaukai intensyviai auga, tampa storesni, stipresni ir \u012fgauna gra\u017e\u0173 nat\u016bral\u0173 blizges\u012f.<\/p>\n<\/div>\n<div class=\"extra\">\n<p>Taikymo b\u016bdas<\/p>\n<div>\n<p>plauk\u0173 \u0161aknis patepkite varnal\u0117\u0161\u0173 aliejumi (\u0161iltu), u\u017esid\u0117kite gumin\u012f dangtel\u012f, po 20-30 minu\u010di\u0173 plaukus i\u0161skalaukite \u0161amp\u016bnu. Kartokite proced\u016br\u0105 1-2 kartus per savait\u0119.<\/p>\n<\/div>\n<\/div>\n<div class=\"extra\">\n<p>Sud\u0117tis<\/p>\n<div>\n<p>Helianthus annuus s\u0117kl\u0173 aliejus, SC -C02 &#8211; Arctium Lappa ekstraktas, Capsicum Annuum derva, BHT<\/p>\n<\/div>\n<\/div>\n","protected":false},"excerpt":{"rendered":"<p>Varnal\u0117\u0161\u0173 aliejus su raudonaisiais pipirais yra labai veiksminga kosmetikos priemon\u0117, stiprinanti plaukus ir spartinanti j\u0173 augim\u0105. Pagrindin\u0117 veiklioji med\u017eiaga yra varnal\u0117\u0161\u0173 aliejus, \u017einomas d\u0117l didelio inulino, eterini\u0173 ir riebi\u0173j\u0173 aliej\u0173, stearino ir palmitino r\u016bg\u0161\u010di\u0173, baltym\u0173, mineralini\u0173 drusk\u0173, tanin\u0173 ir vitamin\u0173 kiekio. Vis\u0173 \u0161i\u0173 med\u017eiag\u0173 d\u0117ka produktas turi gydom\u0105j\u012f poveik\u012f galvos odai ir skatina plauk\u0173 augim\u0105, apr\u016bpina reikiama mityba, pa\u0161alina pleiskanas, nie\u017eul\u012f ir sausum\u0105.<\/p>\n","protected":false},"featured_media":2539,"comment_status":"open","ping_status":"closed","template":"","meta":[],"product_brand":[],"product_cat":[215,211],"product_tag":[],"class_list":{"0":"post-6169","1":"product","2":"type-product","3":"status-publish","4":"has-post-thumbnail","6":"product_cat-aliejai-serumai","7":"product_cat-hair-lt","9":"first","10":"instock","11":"shipping-taxable","12":"purchasable","13":"product-type-simple"},"_links":{"self":[{"href":"https:\/\/beautysba.co.uk\/lt\/wp-json\/wp\/v2\/product\/6169","targetHints":{"allow":["GET"]}}],"collection":[{"href":"https:\/\/beautysba.co.uk\/lt\/wp-json\/wp\/v2\/product"}],"about":[{"href":"https:\/\/beautysba.co.uk\/lt\/wp-json\/wp\/v2\/types\/product"}],"replies":[{"embeddable":true,"href":"https:\/\/beautysba.co.uk\/lt\/wp-json\/wp\/v2\/comments?post=6169"}],"wp:featuredmedia":[{"embeddable":true,"href":"https:\/\/beautysba.co.uk\/lt\/wp-json\/wp\/v2\/media\/2539"}],"wp:attachment":[{"href":"https:\/\/beautysba.co.uk\/lt\/wp-json\/wp\/v2\/media?parent=6169"}],"wp:term":[{"taxonomy":"product_brand","embeddable":true,"href":"https:\/\/beautysba.co.uk\/lt\/wp-json\/wp\/v2\/product_brand?post=6169"},{"taxonomy":"product_cat","embeddable":true,"href":"https:\/\/beautysba.co.uk\/lt\/wp-json\/wp\/v2\/product_cat?post=6169"},{"taxonomy":"product_tag","embeddable":true,"href":"https:\/\/beautysba.co.uk\/lt\/wp-json\/wp\/v2\/product_tag?post=6169"}],"curies":[{"name":"wp","href":"https:\/\/api.w.org\/{rel}","templated":true}]}}