{"id":6171,"date":"2021-08-27T21:32:24","date_gmt":"2021-08-27T21:32:24","guid":{"rendered":"https:\/\/beautysba.co.uk\/product\/varnalesu-aliejus-namu-gydytojas-nuo-plauku-slinkimo-100-ml\/"},"modified":"2026-04-24T09:48:41","modified_gmt":"2026-04-24T09:48:41","slug":"varnalesu-aliejus-namai-gydytojas-anti","status":"publish","type":"product","link":"https:\/\/beautysba.co.uk\/lt\/produktas\/varnalesu-aliejus-namai-gydytojas-anti\/","title":{"rendered":"Nam\u0173 gydytojas. Aliejus nuo plauk\u0173 slinkimo, 100 ml"},"content":{"rendered":"<p>Plaukus sunku formuoti, jie i\u0161siskiria \u012fvairiomis kryptimis, ar atrodo nuobod\u016bs? Arba dar blogiau &#8211; i\u0161kristi, l\u016b\u017eti ir skilti? Yra i\u0161\u0117jimas! Ukrainos prek\u0117s \u017eenklo \u201eHome Doctor\u201c \u201evarnal\u0117\u0161\u0173 aliejus nuo plauk\u0173 slinkimo\u201c situacij\u0105 i\u0161taisys, ir j\u016bs v\u0117l m\u0117gausit\u0117s atspind\u017eiu veidrodyje.<\/p>\n<p>Varnal\u0117\u0161\u0173 aliejus yra plaukams nauding\u0173 med\u017eiag\u0173 sand\u0117lis. Kompozicijoje yra inulino, riebal\u0173 r\u016bg\u0161\u010di\u0173, baltym\u0173, mineralini\u0173 drusk\u0173, palmitino r\u016bg\u0161ties. Aliejus maitina galvos od\u0105, pagreitina med\u017eiag\u0173 apykaitos procesus l\u0105stel\u0117se, pagreitina kraujotak\u0105 ir stimuliuoja plauk\u0173 folikul\u0173 darb\u0105. Vos po keli\u0173 proced\u016br\u0173 pamir\u0161ite galvos odos sausumo ir pleiskan\u0173 problemas. Plaukai prad\u0117s augti stori ir stipr\u016bs, \u017evilgantys ir sveiki, o svarbiausia, kad \u0161is procesas paspart\u0117s.<\/p>\n<p>Priemon\u0117, galinti atgaivinti i\u0161sekusias garbanas po pirmojo naudojimo. Varnal\u0117\u0161\u0173 aliejus neturi kontraindikacij\u0173 ir tinka absoliu\u010diai visiems. Aliejuje esantys eteriniai aliejai turi prie\u0161u\u017edegimin\u012f ir antibakterin\u012f poveik\u012f. Plaukai ne tik atrodys stori, gra\u017e\u016bs ir gerai pri\u017ei\u016brimi, bet ir taps tikrai sveiki.<\/p>\n<h2 id=\"using\" class=\"data item title\">Kaip naudoti<span class=\"product-name\"> Varnal\u0117\u0161\u0173 aliejus Nam\u0173 gydytojas nuo plauk\u0173 slinkimo, 100 ml<\/span><\/h2>\n<h2 id=\"composition\" class=\"data item title\"><span style=\"font-size: 16px;\">Plauk\u0173 \u0161aknis patepkite varnal\u0117\u0161\u0173 aliejumi (\u0161iltu), u\u017ed\u0117kite gumin\u012f dangtel\u012f, po 20-30 minu\u010di\u0173 nuplaukite vandeniu. Kartokite proced\u016br\u0105 1-2 kartus per savait\u0119.<\/span><\/h2>\n<h2 class=\"data item title\">Preki\u0173 sud\u0117tis<span class=\"product-name\"> Varnal\u0117\u0161\u0173 aliejus Nam\u0173 gydytojas nuo plauk\u0173 slinkimo, 100 ml<\/span><\/h2>\n<div id=\"tab-content-product.attributes.composition\" class=\"data item content\">\n<p>Augalinis aliejus, SC-CO2 ekstraktas Arctium Lappa (varnal\u0117\u0161a), BHT.<\/p>\n<\/div>\n","protected":false},"excerpt":{"rendered":"<p>Varnal\u0117\u0161\u0173 aliejus yra plaukams nauding\u0173 med\u017eiag\u0173 sand\u0117lis. Kompozicijoje yra inulino, riebal\u0173 r\u016bg\u0161\u010di\u0173, baltym\u0173, mineralini\u0173 drusk\u0173, palmitino r\u016bg\u0161ties. Aliejus maitina galvos od\u0105, pagreitina med\u017eiag\u0173 apykaitos procesus l\u0105stel\u0117se, pagreitina kraujotak\u0105 ir stimuliuoja plauk\u0173 folikul\u0173 darb\u0105. Vos po keli\u0173 proced\u016br\u0173 pamir\u0161ite galvos odos sausumo ir pleiskan\u0173 problemas. Plaukai prad\u0117s augti stori ir stipr\u016bs, \u017evilgantys ir sveiki, o svarbiausia, kad \u0161is procesas paspart\u0117s.<\/p>\n","protected":false},"featured_media":2537,"comment_status":"open","ping_status":"closed","template":"","meta":[],"product_brand":[],"product_cat":[215,211],"product_tag":[],"class_list":{"0":"post-6171","1":"product","2":"type-product","3":"status-publish","4":"has-post-thumbnail","6":"product_cat-aliejai-serumai","7":"product_cat-hair-lt","9":"first","10":"instock","11":"shipping-taxable","12":"purchasable","13":"product-type-simple"},"_links":{"self":[{"href":"https:\/\/beautysba.co.uk\/lt\/wp-json\/wp\/v2\/product\/6171","targetHints":{"allow":["GET"]}}],"collection":[{"href":"https:\/\/beautysba.co.uk\/lt\/wp-json\/wp\/v2\/product"}],"about":[{"href":"https:\/\/beautysba.co.uk\/lt\/wp-json\/wp\/v2\/types\/product"}],"replies":[{"embeddable":true,"href":"https:\/\/beautysba.co.uk\/lt\/wp-json\/wp\/v2\/comments?post=6171"}],"wp:featuredmedia":[{"embeddable":true,"href":"https:\/\/beautysba.co.uk\/lt\/wp-json\/wp\/v2\/media\/2537"}],"wp:attachment":[{"href":"https:\/\/beautysba.co.uk\/lt\/wp-json\/wp\/v2\/media?parent=6171"}],"wp:term":[{"taxonomy":"product_brand","embeddable":true,"href":"https:\/\/beautysba.co.uk\/lt\/wp-json\/wp\/v2\/product_brand?post=6171"},{"taxonomy":"product_cat","embeddable":true,"href":"https:\/\/beautysba.co.uk\/lt\/wp-json\/wp\/v2\/product_cat?post=6171"},{"taxonomy":"product_tag","embeddable":true,"href":"https:\/\/beautysba.co.uk\/lt\/wp-json\/wp\/v2\/product_tag?post=6171"}],"curies":[{"name":"wp","href":"https:\/\/api.w.org\/{rel}","templated":true}]}}