{"id":6176,"date":"2021-08-27T21:35:53","date_gmt":"2021-10-11T20:20:03","guid":{"rendered":"https:\/\/beautysba.co.uk\/product\/varnalesu-aliejus-nuo-pleiskanu-100-ml\/"},"modified":"2022-02-12T10:30:20","modified_gmt":"2022-02-12T10:30:20","slug":"varnalesu-aliejus-nuo-pleiskanu-100ml","status":"publish","type":"product","link":"https:\/\/beautysba.co.uk\/lt\/produktas\/varnalesu-aliejus-nuo-pleiskanu-100ml\/","title":{"rendered":"Varnal\u0117\u0161\u0173 aliejus nuo pleiskan\u0173 100 ml"},"content":{"rendered":"<div>\n<p>Varnal\u0117\u0161\u0173 aliejaus poveikis skirtas pa\u0161alinti pleiskanas, taip pat kompleksin\u012f gijim\u0105 ir plauk\u0173 atk\u016brim\u0105. Taikymo metu aliejus giliai \u012fsiskverbia \u012f od\u0105, padeda suma\u017einti riebal\u0173 gamyb\u0105, taip pat padeda atkurti apsaugin\u012f lipid\u0173 barjer\u0105 ant galvos odos ir normalizuoja riebalini\u0173 liauk\u0173 veikl\u0105. Varnal\u0117\u0161\u0173 aliejus padeda pa\u0161alinti pleiskanas, pa\u0161alinti nie\u017eul\u012f, pleiskanojim\u0105 ir kitus nemalonius poj\u016b\u010dius. Naudojant \u0161\u012f produkt\u0105, galvos oda gydoma ir atkuriama, ji taip pat prisotinta med\u017eiag\u0173, b\u016btin\u0173 sveikiems plaukams palaikyti.<\/p>\n<p>\u0160iame produkte esantys rozmarin\u0173 ir arbatmed\u017eio eteriniai aliejai padeda \u017eymiai pagerinti galvos odos b\u016bkl\u0119, taip pat paspartinti sveik\u0173, stipri\u0173 plauk\u0173 augim\u0105. Tai taip pat padeda pa\u0161alinti plauk\u0173 slinkimo problem\u0105 ir gr\u0105\u017eina garbanoms puiki\u0105 i\u0161vaizd\u0105 ir sveik\u0105 blizges\u012f. Naudojant \u0161\u012f produkt\u0105, susilpn\u0117j\u0119, nuobod\u016bs ir trap\u016bs plaukai prisotinami nauding\u0173 element\u0173 ir vitamin\u0173 bei \u012fgauna gyvybingumo ir gro\u017eio.<\/p>\n<\/div>\n<div class=\"extra\">\n<p>Taikymo b\u016bdas<\/p>\n<div>\n<p>plauk\u0173 \u0161aknis patepkite varnal\u0117\u0161\u0173 aliejumi (\u0161iltu), po 20-30 minu\u010di\u0173 plaukus i\u0161skalaukite \u0161amp\u016bnu. Kartokite proced\u016br\u0105 1-2 kartus per savait\u0119. Vengti patekimo \u012f akis. Patekus \u012f akis, plauti dideliu kiekiu vandens.<\/p>\n<\/div>\n<\/div>\n<div class=\"extra\">\n<p>Sud\u0117tis<\/p>\n<div>\n<p>Helianthus annuus s\u0117kl\u0173 aliejus, SC-C02 ekstraktas Arctium Lappa (varnal\u0117\u0161a), Melaleuca Alternifolia lap\u0173 aliejus, Rosmarinus Officinalis lap\u0173 aliejus, BHT<\/p>\n<\/div>\n<\/div>\n","protected":false},"excerpt":{"rendered":"<p>Varnal\u0117\u0161\u0173 aliejaus poveikis skirtas pa\u0161alinti pleiskanas, taip pat kompleksin\u012f gijim\u0105 ir plauk\u0173 atk\u016brim\u0105. Taikymo metu aliejus giliai \u012fsiskverbia \u012f od\u0105, padeda suma\u017einti riebal\u0173 gamyb\u0105, taip pat padeda atkurti apsaugin\u012f lipid\u0173 barjer\u0105 ant galvos odos ir normalizuoja riebalini\u0173 liauk\u0173 veikl\u0105. Varnal\u0117\u0161\u0173 aliejus padeda pa\u0161alinti pleiskanas, pa\u0161alinti nie\u017eul\u012f, pleiskanojim\u0105 ir kitus nemalonius poj\u016b\u010dius. Naudojant \u0161\u012f produkt\u0105, galvos oda gydoma ir atkuriama, ji taip pat prisotinta med\u017eiag\u0173, b\u016btin\u0173 sveikiems plaukams palaikyti.<\/p>\n","protected":false},"featured_media":2541,"comment_status":"open","ping_status":"closed","template":"","meta":[],"product_brand":[],"product_cat":[215,211],"product_tag":[],"class_list":{"0":"post-6176","1":"product","2":"type-product","3":"status-publish","4":"has-post-thumbnail","6":"product_cat-aliejai-serumai","7":"product_cat-hair-lt","9":"first","10":"instock","11":"shipping-taxable","12":"purchasable","13":"product-type-simple"},"_links":{"self":[{"href":"https:\/\/beautysba.co.uk\/lt\/wp-json\/wp\/v2\/product\/6176","targetHints":{"allow":["GET"]}}],"collection":[{"href":"https:\/\/beautysba.co.uk\/lt\/wp-json\/wp\/v2\/product"}],"about":[{"href":"https:\/\/beautysba.co.uk\/lt\/wp-json\/wp\/v2\/types\/product"}],"replies":[{"embeddable":true,"href":"https:\/\/beautysba.co.uk\/lt\/wp-json\/wp\/v2\/comments?post=6176"}],"wp:featuredmedia":[{"embeddable":true,"href":"https:\/\/beautysba.co.uk\/lt\/wp-json\/wp\/v2\/media\/2541"}],"wp:attachment":[{"href":"https:\/\/beautysba.co.uk\/lt\/wp-json\/wp\/v2\/media?parent=6176"}],"wp:term":[{"taxonomy":"product_brand","embeddable":true,"href":"https:\/\/beautysba.co.uk\/lt\/wp-json\/wp\/v2\/product_brand?post=6176"},{"taxonomy":"product_cat","embeddable":true,"href":"https:\/\/beautysba.co.uk\/lt\/wp-json\/wp\/v2\/product_cat?post=6176"},{"taxonomy":"product_tag","embeddable":true,"href":"https:\/\/beautysba.co.uk\/lt\/wp-json\/wp\/v2\/product_tag?post=6176"}],"curies":[{"name":"wp","href":"https:\/\/api.w.org\/{rel}","templated":true}]}}