{"id":6180,"date":"2021-08-28T14:54:24","date_gmt":"2021-08-28T14:54:24","guid":{"rendered":"https:\/\/beautysba.co.uk\/product\/mukaltin-10-vnt\/"},"modified":"2026-04-24T08:52:24","modified_gmt":"2026-04-24T08:52:24","slug":"mukaltin-10-vnt","status":"publish","type":"product","link":"https:\/\/beautysba.co.uk\/lt\/produktas\/mukaltin-10-vnt\/","title":{"rendered":"Mucaltin, N10."},"content":{"rendered":"<h3 class=\"offer-instruction__item-title\">farmakologinis poveikis<\/h3>\n<div class=\"offer-instruction__item-text\">\n<p>Vaista\u017eoli\u0173 preparatas.<\/p>\n<p>Zefyro \u0161aknyje yra augal\u0173 gleivi\u0173 (iki 35%), asparagino, betaino, pektino, krakmolo.<\/p>\n<p>Jis turi apgaubiant\u012f, mink\u0161tinant\u012f, atsikos\u0117jim\u0105 skatinant\u012f, prie\u0161u\u017edegimin\u012f poveik\u012f.<\/p>\n<p>Augal\u0173 gleiv\u0117s padengia gleivin\u0119 plonu sluoksniu, kuris ilgai i\u0161lieka pavir\u0161iuje ir apsaugo jas nuo dirginimo.<\/p>\n<p>D\u0117l to suma\u017e\u0117ja u\u017edegiminis procesas ir palengv\u0117ja savaiminis audini\u0173 atsinaujinimas.<\/p>\n<p>Patekus \u012f skrand\u017eio gleivin\u0119, pl\u0117vel\u0117s apsauginis poveikis nuo augal\u0173 gleivi\u0173 yra ilgesnis ir efektyvesnis, tuo didesnis skrand\u017eio sul\u010di\u0173 r\u016bg\u0161tingumas (augalo gleivi\u0173 klampumas padid\u0117ja, kai jos lie\u010diasi su druskos r\u016bg\u0161timi).<\/p>\n<div id=\"instruction_DIRECTIONS\" class=\"offer-instruction__item clearfix\" data-role=\"product-property\" data-source=\"\">\n<h3 class=\"offer-instruction__item-title\">Indikacijos<\/h3>\n<div class=\"offer-instruction__item-text\">\n<p>Kv\u0117pavimo tak\u0173 ligos (\u012fskaitant laringit\u0105, tracheit\u0105, bronchit\u0105, bronchin\u0119 astm\u0105), gastritas, skrand\u017eio opa ir dvylikapir\u0161t\u0117s \u017earnos opa.<\/p>\n<\/div>\n<\/div>\n<div id=\"instruction_CONTRAINDICATIONS\" class=\"offer-instruction__item clearfix active\" data-role=\"product-property\" data-source=\"\">\n<h3 class=\"offer-instruction__item-title\">Kontraindikacijos<\/h3>\n<div class=\"offer-instruction__item-text\">Padid\u0117j\u0119s jautrumas vaisto komponentams, skrand\u017eio opa ir dvylikapir\u0161t\u0117s \u017earnos opa, vaikai iki 12 met\u0173.<\/div>\n<\/div>\n<div id=\"instruction_SIDE_EFFECTS\" class=\"offer-instruction__item clearfix active\" data-role=\"product-property\" data-source=\"\">\n<h3 class=\"offer-instruction__item-title\">\u0160alutiniai poveikiai<\/h3>\n<div class=\"offer-instruction__item-text\">\n<p>Galimos alergin\u0117s reakcijos.<\/p>\n<\/div>\n<\/div>\n<div id=\"instruction_INTERACTION\" class=\"offer-instruction__item clearfix active\" data-role=\"product-property\" data-source=\"\">\n<h3 class=\"offer-instruction__item-title\">S\u0105veika<\/h3>\n<div class=\"offer-instruction__item-text\">\n<p>Mukaltin galima vartoti kartu su kitais vaistais, naudojamais bronchopulmonin\u0117ms ligoms gydyti.<\/p>\n<p>Mukaltin negalima vartoti kartu su vaistais, kuriuose yra kodeino ir kit\u0173 vaist\u0173 nuo kosulio, nes tai apsunkina suskystint\u0173 skrepli\u0173 kosul\u012f.<\/p>\n<\/div>\n<\/div>\n<div id=\"instruction_DOSING\" class=\"offer-instruction__item clearfix active\" data-role=\"product-property\" data-source=\"\">\n<h3 class=\"offer-instruction__item-title\">Kaip vartoti, kursas ir dozavimas<\/h3>\n<div class=\"offer-instruction__item-text\">\n<p>Viduje 1-2 tablet\u0117s prie\u0161 valg\u012f 3 kartus per dien\u0105.<\/p>\n<p>Gydymo kursas yra vidutini\u0161kai 7-14 dien\u0173.<\/p>\n<p>Vaikai gali i\u0161tirpinti tablet\u0119 1\/3 puodelio \u0161ilto vandens.<\/p>\n<\/div>\n<\/div>\n<div id=\"instruction_drug_form\" class=\"offer-instruction__item clearfix active\" data-role=\"product-property\" data-source=\"\">\n<div class=\"offer-instruction__item-text\"><\/div>\n<\/div>\n<div id=\"instruction_appointment\" class=\"offer-instruction__item clearfix active\" data-role=\"product-property\" data-source=\"\">\n<h3 class=\"offer-instruction__item-title\">Paskyrimas<\/h3>\n<div class=\"offer-instruction__item-text\"><a href=\"https:\/\/www.eapteka.ru\/goods\/drugs\/respiratory\/expectoration\/?appointment=dlya_beremennykh\">N\u0117\u0161\u010dioms<\/a> ,<a href=\"https:\/\/www.eapteka.ru\/goods\/drugs\/respiratory\/expectoration\/?appointment=dlya_vzroslykh\"> Suaugusiems<\/a> ,<a href=\"https:\/\/www.eapteka.ru\/goods\/drugs\/respiratory\/expectoration\/?appointment=detyam_starshe_3_let\"> Vaikai, vyresni nei 3 met\u0173<\/a> ,<a href=\"https:\/\/www.eapteka.ru\/goods\/drugs\/respiratory\/expectoration\/?appointment=kormyashchim_mamam_po_naznacheniyu_vracha\"> Maitinan\u010dios motinos, kaip nurod\u0117 gydytojas<\/a><\/div>\n<\/div>\n<h3 class=\"offer-instruction__item-title\">Sud\u0117tis<\/h3>\n<div class=\"offer-instruction__item-text\">\n<p><i>Vienos tablet\u0117s sud\u0117tis:<\/i><\/p>\n<ul>\n<li>aktyvus ingredientas:<\/li>\n<li>zefyro \u017eoleli\u0173 ekstraktas (mukaltinas) &#8211; 50,0 mg;<\/li>\n<li>Pagalbin\u0117s med\u017eiagos:<\/li>\n<li> vyno r\u016bg\u0161tis &#8211; 43,25 mg,<\/li>\n<li>2 -pakeistas bevandenis kalcio fosfatas (bevandenis kalcio vandenilio fosfatas) &#8211; 179,75 mg,<\/li>\n<li> krospovidonas (krospovidonas CL -M) &#8211; 21,0 mg,<\/li>\n<li>povidonas (ma\u017eos molekulin\u0117s mas\u0117s medicininis polivinilpirolidonas, povidonas K 17) &#8211; 3,0 mg,<\/li>\n<li>kalcio stearatas &#8211; 3,0 mg.<\/li>\n<\/ul>\n<\/div>\n<\/div>\n","protected":false},"excerpt":{"rendered":"<p>Vaista\u017eoli\u0173 preparatas.<\/p>\n<p>Zefyro \u0161aknyje yra augal\u0173 gleivi\u0173 (iki 35%), asparagino, betaino, pektino, krakmolo.<\/p>\n<p>Jis turi apgaubiant\u012f, mink\u0161tinant\u012f, atsikos\u0117jim\u0105 skatinant\u012f, prie\u0161u\u017edegimin\u012f poveik\u012f.<\/p>\n<p>Augal\u0173 gleiv\u0117s padengia gleivin\u0119 plonu sluoksniu, kuris ilgai i\u0161lieka pavir\u0161iuje ir apsaugo jas nuo dirginimo.<\/p>\n<p>D\u0117l to suma\u017e\u0117ja u\u017edegiminis procesas ir palengv\u0117ja savaiminis audini\u0173 atsinaujinimas.<\/p>\n<p>Patekus \u012f skrand\u017eio gleivin\u0119, pl\u0117vel\u0117s apsauginis poveikis nuo augal\u0173 gleivi\u0173 yra ilgesnis ir efektyvesnis, tuo didesnis skrand\u017eio sul\u010di\u0173 r\u016bg\u0161tingumas (augalo gleivi\u0173 klampumas padid\u0117ja, kai jos lie\u010diasi su druskos r\u016bg\u0161timi).<\/p>\n","protected":false},"featured_media":2585,"comment_status":"open","ping_status":"closed","template":"","meta":[],"product_brand":[],"product_cat":[333,217,220],"product_tag":[],"class_list":{"0":"post-6180","1":"product","2":"type-product","3":"status-publish","4":"has-post-thumbnail","6":"product_cat-persalimo-ligoms-ir-psichinei-sveikatai","7":"product_cat-sveikatos-prieziura","8":"product_cat-zarnyno-sveikata","10":"first","11":"instock","12":"shipping-taxable","13":"purchasable","14":"product-type-simple"},"_links":{"self":[{"href":"https:\/\/beautysba.co.uk\/lt\/wp-json\/wp\/v2\/product\/6180","targetHints":{"allow":["GET"]}}],"collection":[{"href":"https:\/\/beautysba.co.uk\/lt\/wp-json\/wp\/v2\/product"}],"about":[{"href":"https:\/\/beautysba.co.uk\/lt\/wp-json\/wp\/v2\/types\/product"}],"replies":[{"embeddable":true,"href":"https:\/\/beautysba.co.uk\/lt\/wp-json\/wp\/v2\/comments?post=6180"}],"wp:featuredmedia":[{"embeddable":true,"href":"https:\/\/beautysba.co.uk\/lt\/wp-json\/wp\/v2\/media\/2585"}],"wp:attachment":[{"href":"https:\/\/beautysba.co.uk\/lt\/wp-json\/wp\/v2\/media?parent=6180"}],"wp:term":[{"taxonomy":"product_brand","embeddable":true,"href":"https:\/\/beautysba.co.uk\/lt\/wp-json\/wp\/v2\/product_brand?post=6180"},{"taxonomy":"product_cat","embeddable":true,"href":"https:\/\/beautysba.co.uk\/lt\/wp-json\/wp\/v2\/product_cat?post=6180"},{"taxonomy":"product_tag","embeddable":true,"href":"https:\/\/beautysba.co.uk\/lt\/wp-json\/wp\/v2\/product_tag?post=6180"}],"curies":[{"name":"wp","href":"https:\/\/api.w.org\/{rel}","templated":true}]}}