{"id":6202,"date":"2021-08-28T21:03:43","date_gmt":"2021-10-11T20:56:46","guid":{"rendered":"https:\/\/beautysba.co.uk\/product\/vaiku-plauku-sampunas-adventure-quack-quack\/"},"modified":"2022-10-16T02:18:23","modified_gmt":"2022-10-16T02:18:23","slug":"sampunas-plaukams-vaikams-nuotykis-kvailys","status":"publish","type":"product","link":"https:\/\/beautysba.co.uk\/lt\/produktas\/sampunas-plaukams-vaikams-nuotykis-kvailys\/","title":{"rendered":"Vaik\u0173 plauk\u0173 \u0161amp\u016bnas &#8220;Adventure. Quack-Quack&#8221;"},"content":{"rendered":"<div>\n<p>Vaikai m\u0117gsta \u017eaisti! Su \u0161ia \u017einia buvo sukurtas \u201eTHS Cosmetics Adventure.Krya-Krya\u201c \u0161amp\u016bnas. Aktyvi kosmetikos produkto formul\u0117 sukurta remiantis nat\u016bralios kilm\u0117s ingredientais, \u012fskaitant augalinius aliejus, ekstraktus, vitaminus. Priemon\u0117 \u0161velniai pa\u0161alina susikaupusius ne\u0161varumus ir riebalines i\u0161skyras nuo galvos odos ir garbanos per vis\u0105 ilg\u012f, suteikdama mink\u0161tumo, glotnumo, \u0161ilkinumo ir nat\u016bralaus blizgesio.<\/p>\n<p><strong>\u201eTHS Cosmetics\u201c prek\u0117s \u017eenklo k\u016bdiki\u0173 \u0161amp\u016bno savyb\u0117s:<\/strong><\/p>\n<p><em>&#8211; nesukelia aki\u0173 gleivin\u0117s sudirginimo;<\/em><br \/>\n<em>&#8211; subtili formul\u0117 \u0161velniai pa\u0161alina ne\u0161varumus ir riebalus;<\/em><br \/>\n<em>&#8211; yra vitamino F;<\/em><br \/>\n<em>&#8211; palaiko plauk\u0173 dr\u0117gm\u0117s lyg\u012f;<\/em><br \/>\n<em>&#8211; suteikia garbanoms gra\u017e\u0173 \u0161vyt\u0117jim\u0105;<\/em><br \/>\n<em>&#8211; nepa\u017eeid\u017eia jautrios k\u016bdikio galvos odos;<\/em><br \/>\n<em>&#8211; turi malon\u0173 aromat\u0105 &#8211; tutti frutti, bra\u0161ki\u0173 ir apelsin\u0173. <\/em><\/p>\n<\/div>\n<div class=\"extra\">\n<p>Taikymo b\u016bdas<\/p>\n<div>\n<p>\u0160amp\u016bn\u0105 tepkite ant dr\u0117gn\u0173 plauk\u0173, masa\u017euokite, kol suputos, ir nuplaukite \u0161iltu vandeniu. Jei reikia, pakartokite proced\u016br\u0105.<\/p>\n<h3 class=\"offer-instruction__item-title\">Sud\u0117tis<\/h3>\n<div class=\"offer-instruction__item-text\">Vanduo, alavijo ekstraktas (alavijo ekstraktas), ramun\u0117li\u0173 (Matricaria recutita) ekstraktas (ramun\u0117li\u0173 ekstraktas), kokamidopropilo betainas, natrio laureto-5 karboksilatas, PEG-4 rapsidamidas, kokogliukozidas, glicerilo oleatas, glicerinas, pantenolis) (Pantenolis) Dod.<\/div>\n<\/div>\n<\/div>\n","protected":false},"excerpt":{"rendered":"<p>Vaikai m\u0117gsta \u017eaisti! Su \u0161ia \u017einia buvo sukurtas \u201eTHS Cosmetics Adventure.Krya-Krya\u201c \u0161amp\u016bnas. Aktyvi kosmetikos produkto formul\u0117 sukurta remiantis nat\u016bralios kilm\u0117s ingredientais, \u012fskaitant augalinius aliejus, ekstraktus, vitaminus. Priemon\u0117 \u0161velniai pa\u0161alina susikaupusius ne\u0161varumus ir riebalines i\u0161skyras nuo galvos odos ir garbanos per vis\u0105 ilg\u012f, suteikdama mink\u0161tumo, glotnumo, \u0161ilkinumo ir nat\u016bralaus blizgesio. \u201eTHS Cosmetics\u201c prek\u0117s \u017eenklo k\u016bdiki\u0173 \u0161amp\u016bno [&hellip;]<\/p>\n","protected":false},"featured_media":2613,"comment_status":"open","ping_status":"closed","template":"","meta":[],"product_brand":[],"product_cat":[117,114],"product_tag":[],"class_list":{"0":"post-6202","1":"product","2":"type-product","3":"status-publish","4":"has-post-thumbnail","6":"product_cat-plaukai","7":"product_cat-vaikiska-kosmetika","9":"first","10":"instock","11":"shipping-taxable","12":"purchasable","13":"product-type-simple"},"_links":{"self":[{"href":"https:\/\/beautysba.co.uk\/lt\/wp-json\/wp\/v2\/product\/6202","targetHints":{"allow":["GET"]}}],"collection":[{"href":"https:\/\/beautysba.co.uk\/lt\/wp-json\/wp\/v2\/product"}],"about":[{"href":"https:\/\/beautysba.co.uk\/lt\/wp-json\/wp\/v2\/types\/product"}],"replies":[{"embeddable":true,"href":"https:\/\/beautysba.co.uk\/lt\/wp-json\/wp\/v2\/comments?post=6202"}],"wp:featuredmedia":[{"embeddable":true,"href":"https:\/\/beautysba.co.uk\/lt\/wp-json\/wp\/v2\/media\/2613"}],"wp:attachment":[{"href":"https:\/\/beautysba.co.uk\/lt\/wp-json\/wp\/v2\/media?parent=6202"}],"wp:term":[{"taxonomy":"product_brand","embeddable":true,"href":"https:\/\/beautysba.co.uk\/lt\/wp-json\/wp\/v2\/product_brand?post=6202"},{"taxonomy":"product_cat","embeddable":true,"href":"https:\/\/beautysba.co.uk\/lt\/wp-json\/wp\/v2\/product_cat?post=6202"},{"taxonomy":"product_tag","embeddable":true,"href":"https:\/\/beautysba.co.uk\/lt\/wp-json\/wp\/v2\/product_tag?post=6202"}],"curies":[{"name":"wp","href":"https:\/\/api.w.org\/{rel}","templated":true}]}}