{"id":6248,"date":"2021-08-29T12:50:13","date_gmt":"2021-10-11T22:22:41","guid":{"rendered":"https:\/\/beautysba.co.uk\/product\/energizer-valomasis-gelis-c-citrus-spindinciai-odai-su-atjauninanciu-efektu\/"},"modified":"2023-03-03T06:17:23","modified_gmt":"2023-03-03T06:17:23","slug":"gelis-energizatorius-valymas-citrusai-spindesiui-odai","status":"publish","type":"product","link":"https:\/\/beautysba.co.uk\/lt\/produktas\/gelis-energizatorius-valymas-citrusai-spindesiui-odai\/","title":{"rendered":"\u201eEnergizer\u201c valomasis gelis \u201eC + Citrus\u201c spindin\u010diai odai su atjauninan\u010diu efektu"},"content":{"rendered":"<p>ENERGIZER WASH GEL giliai valo od\u0105 ir pa\u0161alina makia\u017e\u0105, kiekvien\u0105 kart\u0105 kei\u010diant od\u0105. Nuostabi vaisi\u0173 galia ir \u201eAntiAgenz\u201c kompleksas suteikia odai b\u016btin\u0105 vitamin\u0173 kr\u016bv\u012f ir jaunyst\u0117s spindes\u012f!<br \/>\nSustiprinto C + citrusini\u0173 kokteilio receptas:<br \/>\n* Apelsin\u0173 vaisi\u0173 r\u016bg\u0161tys giliai ir \u0161velniai valo od\u0105, atveria prieig\u0105 prie mitybos ir deguonies main\u0173, pagerina veido spalv\u0105.<br \/>\n* Citrin\u0173 s\u0117kl\u0173 aliejus maitina od\u0105 plaunant, mink\u0161tina vanden\u012f ir suteikia odai jaukumo bei glotnumo.<br \/>\n* Dviguba vitamino C dalis &#8211; galingas antioksidantas, kovojantis su neigiamu aplinkos odos ir laisv\u0173j\u0173 radikal\u0173 poveikiu, stimuliuoja kolageno gamyb\u0105 ir apsaugo nuo ankstyvo sen\u0117jimo.<br \/>\n* Kompleksas AntiegEnz su papainu suteikia odai elastingumo ir atgaivina jaunatvi\u0161kus i\u0161teklius l\u0105stel\u0117se.<br \/>\nTaikymo b\u016bdas<br \/>\nLengvais masa\u017eo judesiais tepkite ant kruop\u0161\u010diai nuvalytos odos. Nematomas ant odos ir malonus naudoti.<\/p>\n","protected":false},"excerpt":{"rendered":"<p>ENERGIZER WASH GEL giliai valo od\u0105 ir pa\u0161alina makia\u017e\u0105, kiekvien\u0105 kart\u0105 kei\u010diant od\u0105. Nuostabi vaisi\u0173 galia ir \u201eAntiAgenz\u201c kompleksas suteikia odai b\u016btin\u0105 vitamin\u0173 kr\u016bv\u012f ir jaunyst\u0117s spindes\u012f!<\/p>\n","protected":false},"featured_media":2673,"comment_status":"open","ping_status":"closed","template":"","meta":[],"product_brand":[],"product_cat":[129,127],"product_tag":[],"class_list":{"0":"post-6248","1":"product","2":"type-product","3":"status-publish","4":"has-post-thumbnail","6":"product_cat-valomieji-geliai","7":"product_cat-veidas","9":"first","10":"outofstock","11":"shipping-taxable","12":"purchasable","13":"product-type-simple"},"_links":{"self":[{"href":"https:\/\/beautysba.co.uk\/lt\/wp-json\/wp\/v2\/product\/6248","targetHints":{"allow":["GET"]}}],"collection":[{"href":"https:\/\/beautysba.co.uk\/lt\/wp-json\/wp\/v2\/product"}],"about":[{"href":"https:\/\/beautysba.co.uk\/lt\/wp-json\/wp\/v2\/types\/product"}],"replies":[{"embeddable":true,"href":"https:\/\/beautysba.co.uk\/lt\/wp-json\/wp\/v2\/comments?post=6248"}],"wp:featuredmedia":[{"embeddable":true,"href":"https:\/\/beautysba.co.uk\/lt\/wp-json\/wp\/v2\/media\/2673"}],"wp:attachment":[{"href":"https:\/\/beautysba.co.uk\/lt\/wp-json\/wp\/v2\/media?parent=6248"}],"wp:term":[{"taxonomy":"product_brand","embeddable":true,"href":"https:\/\/beautysba.co.uk\/lt\/wp-json\/wp\/v2\/product_brand?post=6248"},{"taxonomy":"product_cat","embeddable":true,"href":"https:\/\/beautysba.co.uk\/lt\/wp-json\/wp\/v2\/product_cat?post=6248"},{"taxonomy":"product_tag","embeddable":true,"href":"https:\/\/beautysba.co.uk\/lt\/wp-json\/wp\/v2\/product_tag?post=6248"}],"curies":[{"name":"wp","href":"https:\/\/api.w.org\/{rel}","templated":true}]}}