{"id":6252,"date":"2021-08-16T18:53:08","date_gmt":"2021-10-11T22:30:56","guid":{"rendered":"https:\/\/beautysba.co.uk\/product\/valomasis-micelinis-muss-veidui-matines-odos-ekspertas\/"},"modified":"2022-10-02T19:52:21","modified_gmt":"2022-10-02T19:52:21","slug":"valomasis-micelinis-putos-veidui-e","status":"publish","type":"product","link":"https:\/\/beautysba.co.uk\/lt\/produktas\/valomasis-micelinis-putos-veidui-e\/","title":{"rendered":"Valomasis micelinis MUSS veidui &#8220;Matin\u0117s odos ekspertas&#8221;"},"content":{"rendered":"<p>stebuklingos micel\u0117s, kurios paliks j\u016bs\u0173 odai \u0161vari\u0105, gaivi\u0105 ir patogi\u0105.<\/p>\n<p>Veikli\u0173j\u0173 med\u017eiag\u0173 kompleksas (Pore Reductyl, kivi\u0173 ekstraktas ir laukini\u0173 uog\u0173 derlius):<br \/>\n\u2022 kruop\u0161\u010diai valo od\u0105, pa\u0161alina \u012fvairius ne\u0161varumus ir makia\u017eo liku\u010dius<br \/>\n\u2022 gaivina ir dr\u0117kina od\u0105<br \/>\n\u2022 pripildo gyvybingumo<br \/>\n\u2022 padaro od\u0105 matin\u0119 aksomin\u0119<br \/>\n\u2022 akimirksniu sutraukia ir suma\u017eina i\u0161sipl\u0117tusi\u0173 por\u0173 skai\u010di\u0173<\/p>\n<p>T\u016bris: 175 ml<\/p>\n<p>Taikymas:<\/p>\n<p>Ryte arba vakare \u012fmasa\u017euokite putas \u012f dr\u0117gn\u0105 veid\u0105, nuplaukite \u0161iltu vandeniu. Tinka naudoti kasdien.<\/p>\n<p>Sudedamosios dalys: vanduo, kokobetainas, kokamidopropilamino oksidas, natrio laureto-11 karboksilatas, lauretas-10, glicerinas, PEG-7 glicerilo kokoaatas, PEG-40 hidrintas ricinos aliejus, tridecet-9, natrio kokolizotionatas, kvepal\u0173 kompozicija, EDTA dinatris (Actidia kiwi) , Tasmanijos Lanceolata (Tasmanijos pipir\u0173) vaisi\u0173 ekstraktas, Syzygium Leuhmanii (Rib\u00e9ry) vaisi\u0173 ekstraktas, Kunzea Pomifera (kunzea) vaisi\u0173 ekstraktas, Fomes Officinalis (sumed\u0117jusi\u0173 gryb\u0173) ekstraktas, benzilo alkoholis, metilchlorizotinilizotinonas, limontozolinonas<\/p>\n","protected":false},"excerpt":{"rendered":"<p>stebuklingos micel\u0117s, kurios paliks j\u016bs\u0173 odai \u0161vari\u0105, gaivi\u0105 ir patogi\u0105.<\/p>\n<p>Veikli\u0173j\u0173 med\u017eiag\u0173 kompleksas (Pore Reductyl, kivi\u0173 ekstraktas ir laukini\u0173 uog\u0173 derlius):<br \/>\n\u2022 kruop\u0161\u010diai valo od\u0105, pa\u0161alina \u012fvairius ne\u0161varumus ir makia\u017eo liku\u010dius<br \/>\n\u2022 gaivina ir dr\u0117kina od\u0105<br \/>\n\u2022 pripildo gyvybingumo<br \/>\n\u2022 padaro od\u0105 matin\u0119 aksomin\u0119<br \/>\n\u2022 akimirksniu sutraukia ir suma\u017eina i\u0161sipl\u0117tusi\u0173 por\u0173 skai\u010di\u0173<\/p>\n<p>T\u016bris: 175 ml<\/p>\n","protected":false},"featured_media":2185,"comment_status":"open","ping_status":"closed","template":"","meta":[],"product_brand":[],"product_cat":[125,131,127],"product_tag":[],"class_list":{"0":"post-6252","1":"product","2":"type-product","3":"status-publish","4":"has-post-thumbnail","6":"product_cat-ispardavimas","7":"product_cat-valomosios-putos","8":"product_cat-veidas","10":"first","11":"outofstock","12":"sale","13":"featured","14":"shipping-taxable","15":"purchasable","16":"product-type-simple"},"_links":{"self":[{"href":"https:\/\/beautysba.co.uk\/lt\/wp-json\/wp\/v2\/product\/6252","targetHints":{"allow":["GET"]}}],"collection":[{"href":"https:\/\/beautysba.co.uk\/lt\/wp-json\/wp\/v2\/product"}],"about":[{"href":"https:\/\/beautysba.co.uk\/lt\/wp-json\/wp\/v2\/types\/product"}],"replies":[{"embeddable":true,"href":"https:\/\/beautysba.co.uk\/lt\/wp-json\/wp\/v2\/comments?post=6252"}],"wp:featuredmedia":[{"embeddable":true,"href":"https:\/\/beautysba.co.uk\/lt\/wp-json\/wp\/v2\/media\/2185"}],"wp:attachment":[{"href":"https:\/\/beautysba.co.uk\/lt\/wp-json\/wp\/v2\/media?parent=6252"}],"wp:term":[{"taxonomy":"product_brand","embeddable":true,"href":"https:\/\/beautysba.co.uk\/lt\/wp-json\/wp\/v2\/product_brand?post=6252"},{"taxonomy":"product_cat","embeddable":true,"href":"https:\/\/beautysba.co.uk\/lt\/wp-json\/wp\/v2\/product_cat?post=6252"},{"taxonomy":"product_tag","embeddable":true,"href":"https:\/\/beautysba.co.uk\/lt\/wp-json\/wp\/v2\/product_tag?post=6252"}],"curies":[{"name":"wp","href":"https:\/\/api.w.org\/{rel}","templated":true}]}}