{"id":6269,"date":"2021-08-16T18:53:19","date_gmt":"2021-10-11T22:31:30","guid":{"rendered":"https:\/\/beautysba.co.uk\/product\/blakstienu-tusas-su-argano-aliejumi-dauginantis-blakstienu-efektas-luxury-juodas\/"},"modified":"2023-03-03T06:17:23","modified_gmt":"2023-03-03T06:17:23","slug":"tusas-su-argano-aliejumi-eff","status":"publish","type":"product","link":"https:\/\/beautysba.co.uk\/lt\/produktas\/tusas-su-argano-aliejumi-eff\/","title":{"rendered":"Blakstien\u0173 tu\u0161as su argano aliejumi Dauginantis blakstien\u0173 efektas \u201eLUXURY\u201c juodas"},"content":{"rendered":"<p>DAUGIAVYTINIS AKI\u0172 APSAUGOS POVEIKIS<\/p>\n<p>Naujovi\u0161ka Argan Oil blakstien\u0173 tu\u0161o formul\u0117 &#8211; giliai maitina ir stiprina kiekvien\u0105 blakstien\u0105, sukurdama karali\u0161k\u0105 apimt\u012f.<\/p>\n<p>Kremin\u0119 tu\u0161o tekst\u016br\u0105 steb\u0117tinai lengva tepti. Sukuria maksimal\u0173 blakstien\u0173 efekt\u0105 &#8211; padaugina blakstien\u0173 efekt\u0105.<\/p>\n<p>Silikoninis \u0161epet\u0117lis: Daugiasluoksniai \u0161epet\u0117lio \u0161eriai suteikia puiki\u0173 rezultat\u0173: trumpi \u0161ereliai suteikia maksimal\u0173 apimt\u012f, ilgi \u0161eriai atskiria blakstienas.<\/p>\n<p>I\u0161skirtin\u0117 formul\u0117 i\u0161lieka vis\u0105 dien\u0105.<\/p>\n<p>Atspalviai: juoda<\/p>\n<p>Makia\u017eo meistr\u0117s patarimai: nor\u0117dami suteikti blakstienoms daugiau apimties, pirmiausia ant blakstien\u0173 galiuk\u0173 u\u017etepkite \u0161iek tiek tu\u0161o, tada da\u017eykite blakstienas nuo \u0161akn\u0173. Nereikia laukti, kol i\u0161d\u017eius pirmasis tu\u0161o sluoksnis, nedelsdami prad\u0117kite da\u017eyti blakstienas per vis\u0105 ilg\u012f.<\/p>\n<p><em>Pagamintas i\u0161<\/em><em> <\/em><em>komponentai<\/em><em> CHROMAVIS<\/em><em> (Italija)<\/em><\/p>\n<p>T\u016bris: 12 ml<\/p>\n<p>Sudedamosios dalys: vanduo, sintetinis bi\u010di\u0173 va\u0161kas, parafinas, akacijos Senegalo (Senegalo akacijos) guma, stearino r\u016bg\u0161tis, trietanolaminas, palmitino r\u016bg\u0161tis, butilenglikolis, karnaubo va\u0161kas, glicerilo stearatas, polibutenas, VP \/ eikozeno kopolimeras, Rhylusetyl va\u0161ko s\u0117klos Arganija miristino r\u016bg\u0161tis, arachidono r\u016bg\u0161tis, beheno r\u016bg\u0161tis, oleino r\u016bg\u0161tis, fenoksietanolis, metilparabenas, propilparabenas, CI 77499<\/p>\n","protected":false},"excerpt":{"rendered":"<p>DAUGIAVYTINIS AKI\u0172 APSAUGOS POVEIKIS<\/p>\n<p>Naujovi\u0161ka Argan Oil blakstien\u0173 tu\u0161o formul\u0117 &#8211; giliai maitina ir stiprina kiekvien\u0105 blakstien\u0105, sukurdama karali\u0161k\u0105 apimt\u012f.<\/p>\n<p>Kremin\u0119 tu\u0161o tekst\u016br\u0105 steb\u0117tinai lengva tepti. Sukuria maksimal\u0173 blakstien\u0173 efekt\u0105 &#8211; padaugina blakstien\u0173 efekt\u0105.<\/p>\n<p>Silikoninis \u0161epet\u0117lis: Daugiasluoksniai \u0161epet\u0117lio \u0161eriai suteikia puiki\u0173 rezultat\u0173: trumpi \u0161ereliai suteikia maksimal\u0173 apimt\u012f, ilgi \u0161eriai atskiria blakstienas.<\/p>\n<p>I\u0161skirtin\u0117 formul\u0117 i\u0161lieka vis\u0105 dien\u0105.<\/p>\n","protected":false},"featured_media":2233,"comment_status":"open","ping_status":"closed","template":"","meta":[],"product_brand":[],"product_cat":[195,199],"product_tag":[],"class_list":{"0":"post-6269","1":"product","2":"type-product","3":"status-publish","4":"has-post-thumbnail","6":"product_cat-blakstienu-tusas","7":"product_cat-makiazas","9":"first","10":"outofstock","11":"shipping-taxable","12":"purchasable","13":"product-type-simple"},"_links":{"self":[{"href":"https:\/\/beautysba.co.uk\/lt\/wp-json\/wp\/v2\/product\/6269","targetHints":{"allow":["GET"]}}],"collection":[{"href":"https:\/\/beautysba.co.uk\/lt\/wp-json\/wp\/v2\/product"}],"about":[{"href":"https:\/\/beautysba.co.uk\/lt\/wp-json\/wp\/v2\/types\/product"}],"replies":[{"embeddable":true,"href":"https:\/\/beautysba.co.uk\/lt\/wp-json\/wp\/v2\/comments?post=6269"}],"wp:featuredmedia":[{"embeddable":true,"href":"https:\/\/beautysba.co.uk\/lt\/wp-json\/wp\/v2\/media\/2233"}],"wp:attachment":[{"href":"https:\/\/beautysba.co.uk\/lt\/wp-json\/wp\/v2\/media?parent=6269"}],"wp:term":[{"taxonomy":"product_brand","embeddable":true,"href":"https:\/\/beautysba.co.uk\/lt\/wp-json\/wp\/v2\/product_brand?post=6269"},{"taxonomy":"product_cat","embeddable":true,"href":"https:\/\/beautysba.co.uk\/lt\/wp-json\/wp\/v2\/product_cat?post=6269"},{"taxonomy":"product_tag","embeddable":true,"href":"https:\/\/beautysba.co.uk\/lt\/wp-json\/wp\/v2\/product_tag?post=6269"}],"curies":[{"name":"wp","href":"https:\/\/api.w.org\/{rel}","templated":true}]}}