{"id":6277,"date":"2021-08-16T18:53:19","date_gmt":"2021-10-11T22:31:37","guid":{"rendered":"https:\/\/beautysba.co.uk\/product\/momentinis-akiu-konturo-kremas\/"},"modified":"2022-02-19T10:47:23","modified_gmt":"2022-02-19T10:47:23","slug":"konturinis-kremas-akims-akimirksniu-ar","status":"publish","type":"product","link":"https:\/\/beautysba.co.uk\/lt\/produktas\/konturinis-kremas-akims-akimirksniu-ar\/","title":{"rendered":"Momentinis aki\u0173 kont\u016bro kremas"},"content":{"rendered":"<p>Momentinis k\u0117limo aki\u0173 kont\u016bro kremas gr\u0105\u017eina j\u016bs\u0173 akims gro\u017e\u012f ir i\u0161rai\u0161kingum\u0105.<\/p>\n<p>Veikli\u0173j\u0173 med\u017eiag\u0173 kompleksas (perl\u0173 ekstraktas, centel\u0117s ekstraktas, ry\u017ei\u0173 aliejus, perl\u0173 milteliai, Tens&#8217;Up \u2122) pa\u0161alina visus epidermio sen\u0117jimo po\u017eymius, ma\u017eina tamsius ratilus ir paburkimus po akimis, intensyviai \u0161viesina od\u0105 aplink akis, neprilygstamas lyginamasis, stangrinamasis ir ilgalaikis anti-sen\u0117jimo efektas.<\/p>\n<p><strong>Perl\u0173 ekstraktas<\/strong><strong>  <\/strong>dr\u0117kina od\u0105, lygina smulkias rauk\u0161leles, ma\u017eina melanino sintez\u0119, neleid\u017eia susidaryti am\u017eiaus d\u0117m\u0117ms, padeda atkurti sveik\u0105 odos \u0161vyt\u0117jim\u0105.<\/p>\n<p><strong>Perl\u0173 milteliai<\/strong><strong> <\/strong>l\u0117tina odos sen\u0117jimo proces\u0105, rauk\u0161l\u0117s tampa ma\u017eiau matomos, skaist\u0117ja ir suteikia jai spindesio.<\/p>\n<p><strong>De\u0161imtys<\/strong><strong> &#8216;<\/strong><strong> Auk\u0161tyn<\/strong><strong> \u2122<\/strong><strong> <\/strong>suteikia ry\u0161k\u0173 pak\u0117lim\u0105, turi ilgalaik\u012f odos sen\u0117jim\u0105 stabdant\u012f poveik\u012f, skatindamas kolageno sintez\u0119.<\/p>\n<p><strong>I\u0161trauka<\/strong><strong> <\/strong><strong>centella<\/strong><strong> <\/strong>pagerina kraujo mikrocirkuliacij\u0105 odoje, kovoja su laisvaisiais radikalais, pagreitina l\u0105steli\u0173 regeneracij\u0105, i\u0161lygina rauk\u0161les, suteikia odai stangri\u0105, gaivi\u0105 ir tonizuot\u0105 i\u0161vaizd\u0105.<\/p>\n<p><strong>Ry\u017ei\u0173 aliejus<\/strong><strong>  <\/strong>turi dr\u0117kinam\u0105j\u012f, regeneruojant\u012f ir mink\u0161tinant\u012f poveik\u012f, neleid\u017eia atsirasti rauk\u0161l\u0117ms ir skatina l\u0105steli\u0173 regeneracijos procesus.<\/p>\n<p>T\u016bris: 20 ml<\/p>\n<p>Naudojimas: kasdien ryte ir (arba) vakare lengvais glostomaisiais judesiais pir\u0161t\u0173 galiukais u\u017etepkite krem\u0105 ant srities aplink akis.<\/p>\n<p>Sudedamosios dalys: vanduo, cetilo alkoholis, glicerilo stearatas, PEG-75 stearatas, ctetet-20, stearet-20, glicerinas, trietilheksanoinas, beenilo alkoholis, etilheksilizononatas, \u0161aknies Cichorium Intybus (chicoria) oligosacharidai, cicoria spinimeticon dervos silicio dioksidas, butilenglikolis, natrio poliakrilatas, hidrintas polidecenas, tridecet-6, Oryza Sativa (ry\u017ei\u0173) aliejus, skvalanas, natrio chloridas, hidrolizuoti perlai, Centella Asiatica lap\u0173 ekstraktas (centella), fenoksietanolis, metilparabenas, izopropilo parabenas, Triticum vulgare (kvie\u010diai) gemal\u0173 aliejus, tokoferilacetatas, BHT, sintetinis fluoroflogopitas, titano dioksidas, ksantano derva, perl\u0173 milteliai, kvepal\u0173 kompozicija, citrinos r\u016bg\u0161tis, kvepal\u0173 kompozicija, 2-bromo-2-nitropropan-1,3-diolis, alfa-izometiliononas, citronelolis, linalolis , linalolis, limonenas<\/p>\n","protected":false},"excerpt":{"rendered":"<p>Momentinis k\u0117limo aki\u0173 kont\u016bro kremas gr\u0105\u017eina j\u016bs\u0173 akims gro\u017e\u012f ir i\u0161rai\u0161kingum\u0105.<\/p>\n<p>Veikli\u0173j\u0173 med\u017eiag\u0173 kompleksas (perl\u0173 ekstraktas, centel\u0117s ekstraktas, ry\u017ei\u0173 aliejus, perl\u0173 milteliai, Tens&#8217;Up \u2122) pa\u0161alina visus epidermio sen\u0117jimo po\u017eymius, ma\u017eina tamsius ratilus ir paburkimus po akimis, intensyviai \u0161viesina od\u0105 aplink akis, neprilygstamas lyginamasis, stangrinamasis ir ilgalaikis anti-sen\u0117jimo efektas.<\/p>\n","protected":false},"featured_media":2247,"comment_status":"open","ping_status":"closed","template":"","meta":[],"product_brand":[],"product_cat":[202,127],"product_tag":[],"class_list":{"0":"post-6277","1":"product","2":"type-product","3":"status-publish","4":"has-post-thumbnail","6":"product_cat-akiu-kremai","7":"product_cat-veidas","9":"first","10":"outofstock","11":"shipping-taxable","12":"purchasable","13":"product-type-simple"},"_links":{"self":[{"href":"https:\/\/beautysba.co.uk\/lt\/wp-json\/wp\/v2\/product\/6277","targetHints":{"allow":["GET"]}}],"collection":[{"href":"https:\/\/beautysba.co.uk\/lt\/wp-json\/wp\/v2\/product"}],"about":[{"href":"https:\/\/beautysba.co.uk\/lt\/wp-json\/wp\/v2\/types\/product"}],"replies":[{"embeddable":true,"href":"https:\/\/beautysba.co.uk\/lt\/wp-json\/wp\/v2\/comments?post=6277"}],"wp:featuredmedia":[{"embeddable":true,"href":"https:\/\/beautysba.co.uk\/lt\/wp-json\/wp\/v2\/media\/2247"}],"wp:attachment":[{"href":"https:\/\/beautysba.co.uk\/lt\/wp-json\/wp\/v2\/media?parent=6277"}],"wp:term":[{"taxonomy":"product_brand","embeddable":true,"href":"https:\/\/beautysba.co.uk\/lt\/wp-json\/wp\/v2\/product_brand?post=6277"},{"taxonomy":"product_cat","embeddable":true,"href":"https:\/\/beautysba.co.uk\/lt\/wp-json\/wp\/v2\/product_cat?post=6277"},{"taxonomy":"product_tag","embeddable":true,"href":"https:\/\/beautysba.co.uk\/lt\/wp-json\/wp\/v2\/product_tag?post=6277"}],"curies":[{"name":"wp","href":"https:\/\/api.w.org\/{rel}","templated":true}]}}