{"id":6311,"date":"2021-08-16T18:53:08","date_gmt":"2021-10-11T22:32:57","guid":{"rendered":"https:\/\/beautysba.co.uk\/product\/bb-kremas-veido-kompleksui-7-diena-1-spf-15-tonas-01-bb-kremas\/"},"modified":"2024-07-28T10:01:58","modified_gmt":"2024-07-28T10:01:58","slug":"cc-veido-kremo-kompleksas-7-diena","status":"publish","type":"product","link":"https:\/\/beautysba.co.uk\/lt\/produktas\/cc-veido-kremo-kompleksas-7-diena\/","title":{"rendered":"BB kremas veido kompleksui 7 diena 1 SPF 15 tonas 01 BB kremas"},"content":{"rendered":"<p>BB kremas yra modernus daugiafunkcinis kremas, kuriame puikiai dera prie\u017ei\u016bra:<\/p>\n<ul>\n<li>nepriekai\u0161tingai i\u0161lygina odos ton\u0105 ir pavir\u0161i\u0173;<\/li>\n<li>intensyviai dr\u0117kina;<\/li>\n<li>aktyviai maitina;<\/li>\n<li>i\u0161lygina rauk\u0161les;<\/li>\n<li>suteikia odai spindesio;<\/li>\n<li>apsaugo od\u0105 nuo saul\u0117s spinduli\u0173;<\/li>\n<li>nekomedogeninis<\/li>\n<\/ul>\n<p>&nbsp;<\/p>\n<p>T\u016bris: 30 ml<\/p>\n<p>Naudojimas: tepkite BB krem\u0105 ant \u0161varios veido, kaklo, dekolt\u0117 odos; tolygiai paskirstyti.<\/p>\n<p>Sudedamosios dalys: vanduo, ciklopentasiloksanas, cikloheksasiloksanas, gliceriltricaprilatas \/ kapratas, etilheksilmetoksicinnamatas, glicerinas, titano dioksidas, glicerilo stearatas, natrio dihidroksietilfosfatas, CI 77891 (titano dioksidas), CI 77492 (gele\u017eies oksidai), gele\u017eies oksidai),), feniltrimetikonas, kaprililmetikonas, vinilpirolidono ir amonio akriolidildimetil-taurino kopolimeras, fenoksietanolis, metilparabenas, etilparabenas, propilparabenas, betainas, ksantano derva, kvepal\u0173 kompozicija, 2-brom-butilen-2-nitropropilonas, silicis<\/p>\n","protected":false},"excerpt":{"rendered":"<p>BB kremas yra modernus daugiafunkcinis kremas, kuriame puikiai dera prie\u017ei\u016bra:<\/p>\n<ul>\n<li>nepriekai\u0161tingai i\u0161lygina odos ton\u0105 ir pavir\u0161i\u0173;<\/li>\n<li>intensyviai dr\u0117kina;<\/li>\n<li>aktyviai maitina;<\/li>\n<li>i\u0161lygina rauk\u0161les;<\/li>\n<li>suteikia odai spindesio;<\/li>\n<li>apsaugo od\u0105 nuo saul\u0117s spinduli\u0173;<\/li>\n<li>nekomedogeninis<\/li>\n<\/ul>\n<p>&nbsp;<\/p>\n","protected":false},"featured_media":2173,"comment_status":"open","ping_status":"closed","template":"","meta":[],"product_brand":[],"product_cat":[198,199],"product_tag":[],"class_list":{"0":"post-6311","1":"product","2":"type-product","3":"status-publish","4":"has-post-thumbnail","6":"product_cat-bb-kremai","7":"product_cat-makiazas","9":"first","10":"outofstock","11":"shipping-taxable","12":"purchasable","13":"product-type-simple"},"_links":{"self":[{"href":"https:\/\/beautysba.co.uk\/lt\/wp-json\/wp\/v2\/product\/6311","targetHints":{"allow":["GET"]}}],"collection":[{"href":"https:\/\/beautysba.co.uk\/lt\/wp-json\/wp\/v2\/product"}],"about":[{"href":"https:\/\/beautysba.co.uk\/lt\/wp-json\/wp\/v2\/types\/product"}],"replies":[{"embeddable":true,"href":"https:\/\/beautysba.co.uk\/lt\/wp-json\/wp\/v2\/comments?post=6311"}],"wp:featuredmedia":[{"embeddable":true,"href":"https:\/\/beautysba.co.uk\/lt\/wp-json\/wp\/v2\/media\/2173"}],"wp:attachment":[{"href":"https:\/\/beautysba.co.uk\/lt\/wp-json\/wp\/v2\/media?parent=6311"}],"wp:term":[{"taxonomy":"product_brand","embeddable":true,"href":"https:\/\/beautysba.co.uk\/lt\/wp-json\/wp\/v2\/product_brand?post=6311"},{"taxonomy":"product_cat","embeddable":true,"href":"https:\/\/beautysba.co.uk\/lt\/wp-json\/wp\/v2\/product_cat?post=6311"},{"taxonomy":"product_tag","embeddable":true,"href":"https:\/\/beautysba.co.uk\/lt\/wp-json\/wp\/v2\/product_tag?post=6311"}],"curies":[{"name":"wp","href":"https:\/\/api.w.org\/{rel}","templated":true}]}}