{"id":6335,"date":"2021-08-27T21:25:37","date_gmt":"2021-10-11T22:34:12","guid":{"rendered":"https:\/\/beautysba.co.uk\/product\/sampunas-skirtas-visu-tipu-plaukams-vitaminuoti-sveiki-plaukai-150-ml\/"},"modified":"2022-06-30T15:52:10","modified_gmt":"2022-06-30T15:52:10","slug":"sampunas-apimtis-visiems-plauku-tipams-vit","status":"publish","type":"product","link":"https:\/\/beautysba.co.uk\/lt\/produktas\/sampunas-apimtis-visiems-plauku-tipams-vit\/","title":{"rendered":"\u0160amp\u016bnas, skirtas vis\u0173 tip\u0173 plaukams, vitaminuoti sveiki plaukai (150 ml)"},"content":{"rendered":"<p>\u0160amp\u016bno t\u016bris \u0161velniai valo ir apgaubia plaukus, pakeldamas juos nuo pa\u010di\u0173 \u0161akn\u0173, suteikia stor\u0105 ir elasting\u0105 apimt\u012f, kuri i\u0161lieka vis\u0105 dien\u0105. Fikolagenas \u012fsiskverbia \u012f plauk\u0173 strukt\u016br\u0105, atkuria ir i\u0161lygina j\u0173 pavir\u0161i\u0173, tod\u0117l plaukai tampa stipr\u016bs ir \u017evilgantys. Bioaktyvios prinokusi\u0173 brukni\u0173 sultys, prisotintos vitaminais, mikroelementais ir mineralais, atgaivina ir akimirksniu paver\u010dia pavargusius ir nuobod\u017eius plaukus, pripildo j\u0173 gyvybin\u0117s j\u0117gos ir energijos, apsaugo nuo pa\u017eeidim\u0173 kar\u0161to formavimo metu. Vitamin\u0173 kompleksas stiprina \u0161aknis ir aktyviai dr\u0117kina, suteikia elastingumo, \u017evilgesio ir maksimalaus spindesio ploniems ir susilpn\u0117jusiems plaukams. Rezultatas: plaukai, kiek \u012fmanoma elastingesni ir apimtys nuo \u0161akn\u0173, pripildyti gyvyb\u0117s suteikian\u010dios galios!<\/p>\n<p>Aqua, Olea europaea (alyvuogi\u0173) G\u0117li\u0173 g\u0117li\u0173 vanduo, kokamidopropilbetainas, laurilo gliukozidas, kokos gliukozidas, natrio laureto-5 karboksilatas, juod\u0173j\u0173 serbent\u0173 aliejus, hidrolizuoto \u0161ilko peptidai (\u0161ilko amino r\u016bg\u0161tys)), Vaccinium Vitisidaea ekstraktas (paprastosios paprastosios aviet\u0117s) -2 Cocoate (i\u0161 palmi\u0173 aliejaus), retinilo palmitatas (vitaminas A), tokoferolis (vitaminas E), askorbo r\u016bg\u0161tis (vitaminas C), kvepalai, pieno r\u016bg\u0161tis, benzenkarboksir\u016bg\u0161tis, sorbo r\u016bg\u0161tis, dehidroacto r\u016bg\u0161tis, benzilo alkoholis, CI 14700.<\/p>\n","protected":false},"excerpt":{"rendered":"<p>\u0160amp\u016bno t\u016bris \u0161velniai valo ir apgaubia plaukus, pakeldamas juos nuo pa\u010di\u0173 \u0161akn\u0173, suteikia stor\u0105 ir elasting\u0105 apimt\u012f, kuri i\u0161lieka vis\u0105 dien\u0105. Fikolagenas \u012fsiskverbia \u012f plauk\u0173 strukt\u016br\u0105, atkuria ir i\u0161lygina j\u0173 pavir\u0161i\u0173, tod\u0117l plaukai tampa stipr\u016bs ir \u017evilgantys. Bioaktyvios prinokusi\u0173 brukni\u0173 sultys, prisotintos vitaminais, mikroelementais ir mineralais, atgaivina ir akimirksniu paver\u010dia pavargusius ir nuobod\u017eius plaukus, pripildo j\u0173 gyvybin\u0117s j\u0117gos ir energijos, apsaugo nuo pa\u017eeidim\u0173 kar\u0161to formavimo metu. Vitamin\u0173 kompleksas stiprina \u0161aknis ir aktyviai dr\u0117kina, suteikia elastingumo, \u017evilgesio ir maksimalaus spindesio ploniems ir susilpn\u0117jusiems plaukams. Rezultatas: plaukai, kiek \u012fmanoma elastingesni ir apimtys nuo \u0161akn\u0173, pripildyti gyvyb\u0117s suteikian\u010dios galios!<\/p>\n","protected":false},"featured_media":2531,"comment_status":"open","ping_status":"closed","template":"","meta":[],"product_brand":[],"product_cat":[211,216],"product_tag":[],"class_list":{"0":"post-6335","1":"product","2":"type-product","3":"status-publish","4":"has-post-thumbnail","6":"product_cat-hair-lt","7":"product_cat-sampunai","9":"first","10":"outofstock","11":"shipping-taxable","12":"purchasable","13":"product-type-simple"},"_links":{"self":[{"href":"https:\/\/beautysba.co.uk\/lt\/wp-json\/wp\/v2\/product\/6335","targetHints":{"allow":["GET"]}}],"collection":[{"href":"https:\/\/beautysba.co.uk\/lt\/wp-json\/wp\/v2\/product"}],"about":[{"href":"https:\/\/beautysba.co.uk\/lt\/wp-json\/wp\/v2\/types\/product"}],"replies":[{"embeddable":true,"href":"https:\/\/beautysba.co.uk\/lt\/wp-json\/wp\/v2\/comments?post=6335"}],"wp:featuredmedia":[{"embeddable":true,"href":"https:\/\/beautysba.co.uk\/lt\/wp-json\/wp\/v2\/media\/2531"}],"wp:attachment":[{"href":"https:\/\/beautysba.co.uk\/lt\/wp-json\/wp\/v2\/media?parent=6335"}],"wp:term":[{"taxonomy":"product_brand","embeddable":true,"href":"https:\/\/beautysba.co.uk\/lt\/wp-json\/wp\/v2\/product_brand?post=6335"},{"taxonomy":"product_cat","embeddable":true,"href":"https:\/\/beautysba.co.uk\/lt\/wp-json\/wp\/v2\/product_cat?post=6335"},{"taxonomy":"product_tag","embeddable":true,"href":"https:\/\/beautysba.co.uk\/lt\/wp-json\/wp\/v2\/product_tag?post=6335"}],"curies":[{"name":"wp","href":"https:\/\/api.w.org\/{rel}","templated":true}]}}