{"id":6368,"date":"2021-08-29T12:33:53","date_gmt":"2021-10-11T22:36:26","guid":{"rendered":"https:\/\/beautysba.co.uk\/product\/dieninis-meso-kremas-veidui-ir-kaklui-60-aktyvi-prieziura-brandziai-odai\/"},"modified":"2022-02-12T21:01:40","modified_gmt":"2022-02-12T21:01:40","slug":"dieninis-veido-ir-kaklo-mezo-kremas-60-aktyvus","status":"publish","type":"product","link":"https:\/\/beautysba.co.uk\/lt\/produktas\/dieninis-veido-ir-kaklo-mezo-kremas-60-aktyvus\/","title":{"rendered":"Dieninis MESO kremas veidui ir kaklui 60+ Aktyvi prie\u017ei\u016bra brand\u017eiai odai"},"content":{"rendered":"<p>Turtingas dieninis mezo kremas, specialiai sukurtas vyresn\u0117ms nei 60 met\u0173 odoms pri\u017ei\u016br\u0117ti.<\/p>\n<p>Specialiai parinkti labai veiksmingi komponentai, kurie turi sud\u0117ting\u0105 poveik\u012f veido odai:<\/p>\n<ul>\n<li>mink\u0161tina ir ma\u017eina rauk\u0161les<\/li>\n<li>giliai maitina ir dr\u0117kina<\/li>\n<li>suma\u017einti su am\u017eiumi susijusi\u0105 pigmentacij\u0105<\/li>\n<li>atkurti nat\u016bral\u0173 odos geb\u0117jim\u0105 gaminti kolagen\u0105 ir elastin\u0105<\/li>\n<li>atkurti odos stangrum\u0105 ir elastingum\u0105<\/li>\n<li>intensyviai stangrina ir kovoja su suglebusia oda<\/li>\n<li>atkurti ai\u0161k\u0173 veido kont\u016br\u0105<\/li>\n<\/ul>\n<p>Kryptin\u0117 hialurono r\u016bg\u0161tis \u012fsiskverbia \u012f giliuosius epidermio sluoksnius, suteikia matom\u0105 rauk\u0161li\u0173 i\u0161lyginimo efekt\u0105, i\u0161stumdama jas i\u0161 vidaus, ir turi pana\u0161\u0173 efekt\u0105 kaip salono mezoterapijos proced\u016bra.<\/p>\n<p>X50Antiaging skatina odos l\u0105steles atsinaujinti ir atjaun\u0117ti, efektyviai i\u0161lygina rauk\u0161les, padidina kolageno ir elastino sintez\u0119.<\/p>\n<p>LumiskinTM i\u0161lygina veido spalv\u0105, suma\u017eina su am\u017eiumi susijusi\u0105 pigmentacij\u0105, suteikia odai nat\u016bral\u0173 spindes\u012f ir nepriekai\u0161ting\u0105 i\u0161vaizd\u0105.<\/p>\n<p>\u201eTens&#8217;UpTM\u201c suteikia ry\u0161k\u0173 matom\u0105 k\u0117limo efekt\u0105, turi ilgalaik\u012f sen\u0117jim\u0105 stabdant\u012f poveik\u012f odai, pagerindamas kolageno sintez\u0119.<\/p>\n<p>Vitaminas E &#8211; \u201ejaunyst\u0117s vitaminas\u201c &#8211; aktyvina kolageno ir elastino sintez\u0119, atstato odos dr\u0117gm\u0119, pa\u0161alina sausum\u0105 ir pleiskanojim\u0105, sustiprina apsaugin\u012f barjer\u0105, apsaugo nuo \u017ealingo ultravioletin\u0117s spinduliuot\u0117s poveikio odos l\u0105stel\u0117ms.<\/p>\n<p>Persik\u0173 s\u0117kl\u0173 aliejus intensyviai dr\u0117kina ir mink\u0161tina od\u0105, atkuria jos apsaugines funkcijas.<\/p>\n<p>Alantoinas turi raminam\u0105j\u012f poveik\u012f, ma\u017eina odos sudirginim\u0105 ir paraudim\u0105.<\/p>\n<p>T\u016bris: 50 ml<\/p>\n<p>Naudojimas: dienos prad\u017eioje tepkite mezo krem\u0105 ant nuvalyto veido, kaklo ir dekolt\u0117.<\/p>\n<p>Sudedamosios dalys: vanduo, cetearilo alkoholis, polisorbatas 60, PEG-100 stearatas, cetearetas-25, etilheksilizononanoatas, izopropilo miristatas, glicerinas, hidrintas polidecenas, cetearilo alkoholis, betainas, Prunus Persica (persik\u0173) dervos s\u0117kl\u0173 aliejus, glikolio r\u016bg\u0161tis ir kopolimerin\u0117 r\u016bg\u0161tis, ksantano r\u016bg\u0161tis r\u016bg\u0161tinis polivinilo alkoholis, dekstranas, vario palmitoilhektapeptidas-14, heptapeptidas-15 palmitatas, gliceriltricaprilatas \/ kapratas, diacetilboldinas, \u0161aknies Cichorium Intybus (cikorija) oligosacharidai, Caesalpinia Spinosa guma, Caesalcoecalepinea Spinoza spin. silicio dioksidas, butilenglikolis, skvalanas, tokoferilacetatas, vinilpirolidono ir akriloildimetiltaurata kopolimeras, butilenglikolis, sorbitano lauratas, hidroksietil, acetil-dipeptidas-1 cetilo esteris, fenoksietanolis, metilparabenas, etilparabenas, propilparabenas, kvepal\u0173 kompozicija, iticum vulgare (kvie\u010diai), tokoferilacetatas, BHT, alantoinas, 2-bromo-2-nitropropan-1,3-diolis, alfa-izometiliononas, butilfenilmetilpropionas, citronelolis, limonenas, linalolis<\/p>\n","protected":false},"excerpt":{"rendered":"<p>Turtingas dieninis mezo kremas, specialiai sukurtas vyresn\u0117ms nei 60 met\u0173 odoms pri\u017ei\u016br\u0117ti.<\/p>\n<p>Specialiai parinkti labai veiksmingi komponentai, kurie turi sud\u0117ting\u0105 poveik\u012f veido odai:<\/p>\n<ul>\n<li>mink\u0161tina ir ma\u017eina rauk\u0161les<\/li>\n<li>giliai maitina ir dr\u0117kina<\/li>\n<li>suma\u017einti su am\u017eiumi susijusi\u0105 pigmentacij\u0105<\/li>\n<li>atkurti nat\u016bral\u0173 odos geb\u0117jim\u0105 gaminti kolagen\u0105 ir elastin\u0105<\/li>\n<li>atkurti odos stangrum\u0105 ir elastingum\u0105<\/li>\n<li>intensyviai stangrina ir kovoja su suglebusia oda<\/li>\n<li>atkurti ai\u0161k\u0173 veido kont\u016br\u0105<\/li>\n<\/ul>\n<p>&nbsp;<\/p>\n","protected":false},"featured_media":2655,"comment_status":"open","ping_status":"closed","template":"","meta":[],"product_brand":[],"product_cat":[133,127],"product_tag":[],"class_list":{"0":"post-6368","1":"product","2":"type-product","3":"status-publish","4":"has-post-thumbnail","6":"product_cat-dienos-kremai","7":"product_cat-veidas","9":"first","10":"outofstock","11":"shipping-taxable","12":"purchasable","13":"product-type-simple"},"_links":{"self":[{"href":"https:\/\/beautysba.co.uk\/lt\/wp-json\/wp\/v2\/product\/6368","targetHints":{"allow":["GET"]}}],"collection":[{"href":"https:\/\/beautysba.co.uk\/lt\/wp-json\/wp\/v2\/product"}],"about":[{"href":"https:\/\/beautysba.co.uk\/lt\/wp-json\/wp\/v2\/types\/product"}],"replies":[{"embeddable":true,"href":"https:\/\/beautysba.co.uk\/lt\/wp-json\/wp\/v2\/comments?post=6368"}],"wp:featuredmedia":[{"embeddable":true,"href":"https:\/\/beautysba.co.uk\/lt\/wp-json\/wp\/v2\/media\/2655"}],"wp:attachment":[{"href":"https:\/\/beautysba.co.uk\/lt\/wp-json\/wp\/v2\/media?parent=6368"}],"wp:term":[{"taxonomy":"product_brand","embeddable":true,"href":"https:\/\/beautysba.co.uk\/lt\/wp-json\/wp\/v2\/product_brand?post=6368"},{"taxonomy":"product_cat","embeddable":true,"href":"https:\/\/beautysba.co.uk\/lt\/wp-json\/wp\/v2\/product_cat?post=6368"},{"taxonomy":"product_tag","embeddable":true,"href":"https:\/\/beautysba.co.uk\/lt\/wp-json\/wp\/v2\/product_tag?post=6368"}],"curies":[{"name":"wp","href":"https:\/\/api.w.org\/{rel}","templated":true}]}}