{"id":6417,"date":"2021-08-27T12:41:31","date_gmt":"2021-10-11T22:39:04","guid":{"rendered":"https:\/\/beautysba.co.uk\/product\/dieninis-kremas-nuo-rauksliu-veidui-ir-kaklui-40\/"},"modified":"2024-06-16T18:26:32","modified_gmt":"2024-06-16T18:26:32","slug":"dieninis-kremas-nuo-rauksliu-veidui-ir-kaklui","status":"publish","type":"product","link":"https:\/\/beautysba.co.uk\/lt\/produktas\/dieninis-kremas-nuo-rauksliu-veidui-ir-kaklui\/","title":{"rendered":"Dieninis kremas nuo rauk\u0161li\u0173 veidui ir kaklui 40+"},"content":{"rendered":"<p>3D-RETINOL<\/p>\n<p>TSUBAKI ALIEJUS<\/p>\n<p>Gryb\u0173 kilim\u0117lis<\/p>\n<p>IMPERIALUS GINSENGAS<\/p>\n<p>Veikli\u0173j\u0173 med\u017eiag\u0173 kompleksas:<\/p>\n<p>&#8211; suteikia odai visavert\u0119 mityb\u0105 ir dr\u0117kinim\u0105<\/p>\n<p>&#8211; i\u0161lygina \u012fvairi\u0173 tip\u0173 rauk\u0161les: mimikos, pavir\u0161in\u0117s, gilios<\/p>\n<p>&#8211; suvienodina tonus\u0105, sustiprina ir pakelia od\u0105.<\/p>\n<p>Labai efektyvus dieninis kremas visi\u0161kai maitina ir dr\u0117kina od\u0105, i\u0161lygina veido spalv\u0105 ir pastebimai suma\u017eina \u012fvairi\u0173 tip\u0173 rauk\u0161les: mimikos, pavir\u0161in\u0117s ir gilios, suteikia odai glotnumo, \u0161ilkinumo ir elastingumo.<\/p>\n<p>3D -RETINOL &#8211; 3 aktyvios retinolio formos, veikian\u010dios keliomis kryptimis vienu metu:<\/p>\n<p>LPD vitaminas A &#8211; kapsuliuotas retinolis &#8211; pasi\u017eymi didele \u012fsiskverbimo j\u0117ga, ilg\u0105 laik\u0105 i\u0161laiko savo veiksmingum\u0105 ir pradeda veikti tiesiogiai, kai tepamas ant odos: atkuria kolageno pluo\u0161tus ir neleid\u017eia jiems sunaikinti, padidina odos tank\u012f ir i\u0161lygina net giliausias rauk\u0161les.<\/p>\n<p>\u201eVit-A-Like\u201c aktyvina kolageno sintez\u0119, pagreitina l\u0105steli\u0173 atsinaujinimo procesus, ma\u017eina rauk\u0161les, stiprina ir pakelia od\u0105, lygina jos pavir\u0161i\u0173.<\/p>\n<p>Vitaminas A atkuria apsaugines odos funkcijas, i\u0161lygina odos pavir\u0161i\u0173 ir pagerina veido spalv\u0105.<\/p>\n<p>TSUBAKI OIL yra senov\u0117s Azijos gro\u017eio paslaptis &#8211; gausu vitamin\u0173 A, B ir E, neso\u010di\u0173j\u0173 riebal\u0173, kolageno ir antioksidant\u0173, \u012fsiskverbia \u012f giliuosius odos sluoksnius, aktyviai maitina ir dr\u0117kina od\u0105, neleid\u017eia atsirasti rauk\u0161l\u0117ms ir didina odos tonus\u0105 .<\/p>\n<p>IMPERIAL GINSENG turi galing\u0105 atjauninant\u012f poveik\u012f odai, reguliuoja med\u017eiag\u0173 apykaitos procesus, padeda i\u0161lyginti rauk\u0161les ir neleid\u017eia joms atsirasti, gerina odos tonus\u0105, slopina laisv\u0173j\u0173 radikal\u0173, kurie pagreitina sen\u0117jimo procesus, veikim\u0105.<\/p>\n<p>Gryb\u0173 kilim\u0117lis (\u201eam\u017einos jaunyst\u0117s\u201c grybas) &#8211; brangiausias ir retiausias grybas Azijoje. Jis prisotintas kalio, magnio, folio r\u016bg\u0161ties, lecitino ir ergotioneino, turi antioksidacin\u012f poveik\u012f, efektyviai l\u0117tina sen\u0117jimo procesus, skaistina od\u0105 ir kovoja su pigmentacija.<\/p>\n<p>Tinka visiems odos tipams.<\/p>\n<p>Naudojimas: ryte lengvais masa\u017eo judesiais tepkite krem\u0105 ant nuvalytos odos.<\/p>\n<p>T\u016bris: 45 ml<\/p>\n<p>Liku\u010diai: vanduo, cetilo alkoholis, glicerilo stearatas, PEG-75 stearatas, ctetet-20, steareth-20, gliceriltricaprilatas \/ kapratas, ciklopentasiloksanas, cikloheksasiloksanas, glicerinas, propilheptilo kaprilatas, Makadamijos integriheksilmetono s\u0117kl\u0173 aliejus, steksimetimetas 2, steareth-21, Vigna Aconitifolia (mot pupeli\u0173) ekstraktas, natrio kokilglutamatas, dimetikono kry\u017eminis polimeras, natrio hialuronatas, tokoferilacetatas, sorbitolis, lecitinas, retinilo palmitato ekstraktas, ksantano kamelijos s\u0117kl\u0173 ekstraktas Polygonum Bistorta \u0161aknis (raudon\u0173j\u0173 \u017een\u0161eni\u0173 \u017eievel\u0117s) matsutaki), amonio akriolidildimetiltaurato ir vinilpirolidono kopolimeras, fenoksietanolis, metilparabenas, etilparabenas, propilparabenas, kvepal\u0173 kompozicija, Triticum-germ-vulgareum 2 nitropropan-1,3-diol, alfa-izometiliononas, benzil salicilatas, butilfenilmetilpropanolis hera niolis, heksilcinamalis, linalolis<\/p>\n<p>&nbsp;<\/p>\n","protected":false},"excerpt":{"rendered":"<p>Labai efektyvus dieninis kremas visi\u0161kai maitina ir dr\u0117kina od\u0105, i\u0161lygina veido spalv\u0105 ir pastebimai suma\u017eina \u012fvairi\u0173 tip\u0173 rauk\u0161les: mimikos, pavir\u0161in\u0117s ir gilios, suteikia odai glotnumo, \u0161ilkinumo ir elastingumo.<\/p>\n","protected":false},"featured_media":2441,"comment_status":"open","ping_status":"closed","template":"","meta":[],"product_brand":[],"product_cat":[133,127],"product_tag":[],"class_list":{"0":"post-6417","1":"product","2":"type-product","3":"status-publish","4":"has-post-thumbnail","6":"product_cat-dienos-kremai","7":"product_cat-veidas","9":"first","10":"outofstock","11":"shipping-taxable","12":"purchasable","13":"product-type-simple"},"_links":{"self":[{"href":"https:\/\/beautysba.co.uk\/lt\/wp-json\/wp\/v2\/product\/6417","targetHints":{"allow":["GET"]}}],"collection":[{"href":"https:\/\/beautysba.co.uk\/lt\/wp-json\/wp\/v2\/product"}],"about":[{"href":"https:\/\/beautysba.co.uk\/lt\/wp-json\/wp\/v2\/types\/product"}],"replies":[{"embeddable":true,"href":"https:\/\/beautysba.co.uk\/lt\/wp-json\/wp\/v2\/comments?post=6417"}],"wp:featuredmedia":[{"embeddable":true,"href":"https:\/\/beautysba.co.uk\/lt\/wp-json\/wp\/v2\/media\/2441"}],"wp:attachment":[{"href":"https:\/\/beautysba.co.uk\/lt\/wp-json\/wp\/v2\/media?parent=6417"}],"wp:term":[{"taxonomy":"product_brand","embeddable":true,"href":"https:\/\/beautysba.co.uk\/lt\/wp-json\/wp\/v2\/product_brand?post=6417"},{"taxonomy":"product_cat","embeddable":true,"href":"https:\/\/beautysba.co.uk\/lt\/wp-json\/wp\/v2\/product_cat?post=6417"},{"taxonomy":"product_tag","embeddable":true,"href":"https:\/\/beautysba.co.uk\/lt\/wp-json\/wp\/v2\/product_tag?post=6417"}],"curies":[{"name":"wp","href":"https:\/\/api.w.org\/{rel}","templated":true}]}}