{"id":6421,"date":"2021-08-26T22:14:49","date_gmt":"2021-10-11T22:39:19","guid":{"rendered":"https:\/\/beautysba.co.uk\/product\/maksimaliai-maitinantis-aliejinis-kremas-sausai-labai-sausai-ir-atopinei-odai\/"},"modified":"2023-03-22T17:35:11","modified_gmt":"2023-03-22T17:35:11","slug":"maksimaliai-maitinantis-aliejus-veido-kremas-d","status":"publish","type":"product","link":"https:\/\/beautysba.co.uk\/lt\/produktas\/maksimaliai-maitinantis-aliejus-veido-kremas-d\/","title":{"rendered":"Maksimaliai maitinantis aliejinis kremas sausai, labai sausai ir atopinei odai"},"content":{"rendered":"<p>20 gydom\u0173j\u0173 mineral\u0173<\/p>\n<p>omega fosfolipid\u0173 kompleksas<\/p>\n<p>&#8211; intensyviai maitina ir ramina, ma\u017eina lupim\u0105, nie\u017e\u0117jim\u0105 ir dirginim\u0105;<\/p>\n<p>&#8211; prisotina mineralais ir mikroelementais, turi gil\u0173 gydom\u0105j\u012f poveik\u012f;<\/p>\n<p>&#8211; apsaugo nuo neigiamo aplinkos poveikio.<\/p>\n<p>Naujoji formul\u0117s sud\u0117tis su padidintu itin maistingo \u0161velnaus taukmed\u017eio sviesto ir persik\u0173 aliejaus deriniu su b\u016btinosiomis omega 3-6-9 r\u016bg\u0161timis ir vertingais Negyvosios j\u016bros mineralais r\u016bpinasi oda-sausa, labai sausa, atopin\u0117 , taip pat nat\u016braliai jautrus, link\u0119s \u012f dehidratacij\u0105 ir lupim\u0105si.<\/p>\n<p>&nbsp;<\/p>\n<p>20 gydom\u0173j\u0173 Negyvosios j\u016bros mineral\u0173 turi gil\u0173 gydom\u0105j\u012f, regeneruojant\u012f ir stiprinant\u012f poveik\u012f, atkuria nat\u016brali\u0105 odos pusiausvyr\u0105.<\/p>\n<p>Omega-fosfolipid\u0173 kompleksas ne tik maitina od\u0105, gerina lipid\u0173 apvalkal\u0105, ma\u017eina nie\u017eul\u012f ir pleiskanojim\u0105, bet ir ma\u017eina odos jautrum\u0105 i\u0161oriniams dirgikliams.<\/p>\n<p>Skvalanas yra hipoalerginis komponentas, kuris d\u0117l savo nat\u016bralaus afiniteto odai maitina ir dr\u0117kina od\u0105 giliuose sluoksniuose, efektyviai atstato pa\u017eeistas strukt\u016brines epidermio jungtis, apsaugo nuo fotosen\u0117jimo ir laisv\u0173j\u0173 radikal\u0173.<\/p>\n<p>Glicerinas turi savyb\u0119 pritraukti dr\u0117gm\u0119 i\u0161 oro, tod\u0117l yra veiksmingas dr\u0117kiklis. Mink\u0161tina, apsaugo nuo sudirginimo ir u\u017edegimo ant odos.<\/p>\n<p>Alantoinas pasi\u017eymi puikiomis regeneruojan\u010diomis, mink\u0161tinan\u010diomis ir atjauninan\u010diomis savyb\u0117mis, veiksmingai ramina, suteikia mink\u0161tumo ir \u0161ilkini\u0161kumo.<\/p>\n<p>Bi\u010di\u0173 va\u0161kas suformuoja ploniausi\u0105 apsaugin\u012f odos ekran\u0105, kuris netrukdo odos kv\u0117pavimui, apsaugo nuo neigiamo aplinkos poveikio (v\u0117jo, temperat\u016bros poky\u010di\u0173, sauso oro ir pan.), Ma\u017eina sausum\u0105 ir pleiskanojim\u0105.<\/p>\n<p>Rezultatas: oda tampa pamaitinta, lygi, elastinga, pager\u0117ja jos apsauginis barjeras.<\/p>\n<p>T\u016bris: 75 ml<\/p>\n<p>Naudojimas: tepkite krem\u0105 ant nuvalytos veido odos ryte ir vakare. Poveikis sustipr\u0117ja kasdien naudojant.<\/p>\n<p>Sudedamosios dalys: vanduo, etilheksilizononatoatas, hidrintas polidecenas, Butyrospermum parkii (shea) aliejus, diizostearoilpoligliceril-3 dimero dilinoleatas, glicerinas, skvalanas, PPG-15 stearilo esteris, sorbitolis, lecitinas, Zelandijos s\u0117kl\u0173 sviestas (muskuso ro\u017e\u0117), Helianthus anketa aliejus, Rosmarinus Officinalis (rozmarin\u0173) lap\u0173 ekstraktas, Prunus Persica (persik\u0173) s\u0117kl\u0173 aliejus, dimetikonas, gliceriltricaprilatas \/ kapratas, magnio sulfatas, sintetinis bi\u010di\u0173 va\u0161kas, hidrintas ricinos aliejus, alantoino j\u016bros, fenoksietanolis, metilparabenas, etilparabenas, propilparabenas, izopropilo miristatas vulgare (kvie\u010di\u0173) gemal\u0173 aliejus, tokoferilacetatas, BHT, 2-bromo-2-nitropropan-1,3-diolis<\/p>\n","protected":false},"excerpt":{"rendered":"<p>&#8211; intensyviai maitina ir ramina, ma\u017eina lupim\u0105, nie\u017e\u0117jim\u0105 ir dirginim\u0105;<\/p>\n<p>&#8211; prisotina mineralais ir mikroelementais, turi gil\u0173 gydom\u0105j\u012f poveik\u012f;<\/p>\n<p>&#8211; apsaugo nuo neigiamo aplinkos poveikio.<\/p>\n","protected":false},"featured_media":2421,"comment_status":"open","ping_status":"closed","template":"","meta":[],"product_brand":[],"product_cat":[133,127],"product_tag":[],"class_list":{"0":"post-6421","1":"product","2":"type-product","3":"status-publish","4":"has-post-thumbnail","6":"product_cat-dienos-kremai","7":"product_cat-veidas","9":"first","10":"outofstock","11":"shipping-taxable","12":"purchasable","13":"product-type-simple"},"_links":{"self":[{"href":"https:\/\/beautysba.co.uk\/lt\/wp-json\/wp\/v2\/product\/6421","targetHints":{"allow":["GET"]}}],"collection":[{"href":"https:\/\/beautysba.co.uk\/lt\/wp-json\/wp\/v2\/product"}],"about":[{"href":"https:\/\/beautysba.co.uk\/lt\/wp-json\/wp\/v2\/types\/product"}],"replies":[{"embeddable":true,"href":"https:\/\/beautysba.co.uk\/lt\/wp-json\/wp\/v2\/comments?post=6421"}],"wp:featuredmedia":[{"embeddable":true,"href":"https:\/\/beautysba.co.uk\/lt\/wp-json\/wp\/v2\/media\/2421"}],"wp:attachment":[{"href":"https:\/\/beautysba.co.uk\/lt\/wp-json\/wp\/v2\/media?parent=6421"}],"wp:term":[{"taxonomy":"product_brand","embeddable":true,"href":"https:\/\/beautysba.co.uk\/lt\/wp-json\/wp\/v2\/product_brand?post=6421"},{"taxonomy":"product_cat","embeddable":true,"href":"https:\/\/beautysba.co.uk\/lt\/wp-json\/wp\/v2\/product_cat?post=6421"},{"taxonomy":"product_tag","embeddable":true,"href":"https:\/\/beautysba.co.uk\/lt\/wp-json\/wp\/v2\/product_tag?post=6421"}],"curies":[{"name":"wp","href":"https:\/\/api.w.org\/{rel}","templated":true}]}}