{"id":6425,"date":"2021-08-27T12:34:44","date_gmt":"2021-10-11T22:39:26","guid":{"rendered":"https:\/\/beautysba.co.uk\/product\/naktinis-kremas-lifting-nourishment-veidui-kaklui-ir-dekolte\/"},"modified":"2021-10-11T22:39:26","modified_gmt":"2021-10-11T22:39:26","slug":"naktinis-kremas-liftingas-mityba-veidui","status":"publish","type":"product","link":"https:\/\/beautysba.co.uk\/lt\/produktas\/naktinis-kremas-liftingas-mityba-veidui\/","title":{"rendered":"Naktinis kremas \u201eLifting Nourishment\u201c veidui, kaklui ir dekolt\u0117"},"content":{"rendered":"<p><strong>Naktinis kremas \u201eLifting Nourishment\u201c veidui, kaklui ir dekolt\u0117<\/strong> paver\u010dia od\u0105 miegant, suteikia jai pails\u0117jusi\u0105 i\u0161vaizd\u0105.<\/p>\n<p>Veikli\u0173j\u0173 med\u017eiag\u0173 kompleksas:<\/p>\n<ul>\n<li>apsaugo odos l\u0105steles nuo kasdienio streso (laisvieji radikalai, sunkieji metalai, ultravioletin\u0117 spinduliuot\u0117, emocinis stresas)<\/li>\n<li>akivaizd\u017eiai suma\u017eina i\u0161rai\u0161kos linijas ir gilias rauk\u0161les<\/li>\n<li>paleid\u017eia nat\u016bralius atsigavimo ir atjauninimo mechanizmus, atkuria odos elastingum\u0105, tank\u012f ir stangrum\u0105<\/li>\n<li>maitina od\u0105 stebuklingu aliej\u0173 kompleksu, atkuria jos \u0161velnum\u0105 ir \u0161ilkini\u0161kum\u0105<\/li>\n<li>i\u0161lygina ir pagerina veido ton\u0105<\/li>\n<\/ul>\n<p><strong>Kofermentas<\/strong><strong> Q<\/strong><strong> de\u0161imt<\/strong><strong> <\/strong>u\u017etikrina energijos apykait\u0105 odos l\u0105stel\u0117se, apr\u016bpina jas jaunatvi\u0161ka energija ir stabdo sen\u0117jimo procesus: suma\u017eina rauk\u0161li\u0173 gyl\u012f, atkuria odos lygum\u0105 ir elastingum\u0105.<\/p>\n<p><strong>Fermentacija<\/strong><strong> Alyva<\/strong><strong> Kompleksas<\/strong><strong> &#8211;<\/strong><strong> <\/strong>fermentuot\u0173 aliej\u0173 kompleksas, kuris \u012fvairina j\u016bs\u0173 od\u0105: maitina, dr\u0117kina, atkuria epidermio barjer\u0105.<\/p>\n<p><strong>\u012eMON\u0116<\/strong><strong> &#8211;<\/strong><strong> <\/strong>sud\u0117tingas lipidas, l\u0117tina odos sen\u0117jim\u0105, skatina gyvybin\u0119 l\u0105steli\u0173 veikl\u0105, stangrina ir atjaunina veido, kaklo ir dekolt\u0117 od\u0105, pagerindamas jos i\u0161vaizd\u0105.<\/p>\n<p><strong>Sald\u017ei\u0173j\u0173 migdol\u0173 aliejus<\/strong><strong> <\/strong>prisotina od\u0105 vitaminais ir mikroelementais, giliai maitina ir dr\u0117kina od\u0105, apsaugo j\u0105 nuo sausumo ir stangrumo.<\/p>\n<p>T\u016bris: 50 ml<\/p>\n<p>Naudojimas: vakare masa\u017eo linijomis tepkite krem\u0105 ant nuvalytos veido, kaklo ir dekolt\u0117 odos.<\/p>\n<p>Sudedamosios dalys: vanduo, bi\u010di\u0173 va\u0161kas, stearilo heptanoatas, cetearilo etilheksanoatas, cetilo palmitatas, stearilo alkoholis, stearetas-7, stearetas-10, stearilo kapilatas, miristilo alkoholis, dimetikonas, izopropilo miristatas, vazelino-oksilateksterilfenil, etilheksilsilfonilsulfatas ) Aliejus, Candida Bombicola \/ gliukoz\u0117 \/ metilrapidato fermentas, Olea Europaea vaisi\u0173 aliejus (alyvuog\u0117s), Helianthus Annuus (saul\u0117gr\u0105\u017e\u0173) s\u0117kl\u0173 aliejus, Argania Spinosa (Argan) s\u0117kl\u0173 aliejus, Angelica Gigel \u0161akn\u0173 ekstraktas) \u0161akn\u0173 ekstraktas Lithospermum Erythororhizon, \u0161akn\u0173 ekstraktas Glycysisrrhiza saldymedis), stearilo, oktadecilo, vinilpirolidono kopolimeras akriloildimetiltaurata amonio glitseriltrikaprilatas \/ kapratas, geranilgeranilizopropanolio oligosacharid\u0173 \u0161aknis Cichorium Intybus (cikorija), guma Caesalpinia Spinosa (Brazilijos mediena), gliukonoksanolitas abenas, propilparabenas, akacijos Senegalo (Senegalo akacijos) guma, hidrolizuota rizobio guma, lanolinas, izopropilo miristatas, Triticum vulgare (kvie\u010di\u0173) gemal\u0173 aliejus, tokoferilacetatas, BGT, kvepal\u0173 sud\u0117tis, parfumerija, lipid\u0173 sorbito r\u016bg\u0161tis, lecitino r\u016bg\u0161tis, lecitinas r\u016bg\u0161tis glicerinas, sorbitolis, lecitinas, natrio askorbilfosfatas, ksantano derva, 2-brom-2-nitropropan-1,3-diolis, geraniolis, limonenas, heksilcinamalis, butilfenilmetilpropionas, linalolis, linalolis<\/p>\n","protected":false},"excerpt":{"rendered":"<p><strong>Naktinis kremas \u201eLifting Nourishment\u201c veidui, kaklui ir dekolt\u0117<\/strong> paver\u010dia od\u0105 miegant, suteikia jai pails\u0117jusi\u0105 i\u0161vaizd\u0105.<\/p>\n","protected":false},"featured_media":2431,"comment_status":"open","ping_status":"closed","template":"","meta":[],"product_brand":[],"product_cat":[209,127],"product_tag":[],"class_list":{"0":"post-6425","1":"product","2":"type-product","3":"status-publish","4":"has-post-thumbnail","6":"product_cat-naktiniai-kremai","7":"product_cat-veidas","9":"first","10":"outofstock","11":"shipping-taxable","12":"purchasable","13":"product-type-simple"},"_links":{"self":[{"href":"https:\/\/beautysba.co.uk\/lt\/wp-json\/wp\/v2\/product\/6425","targetHints":{"allow":["GET"]}}],"collection":[{"href":"https:\/\/beautysba.co.uk\/lt\/wp-json\/wp\/v2\/product"}],"about":[{"href":"https:\/\/beautysba.co.uk\/lt\/wp-json\/wp\/v2\/types\/product"}],"replies":[{"embeddable":true,"href":"https:\/\/beautysba.co.uk\/lt\/wp-json\/wp\/v2\/comments?post=6425"}],"wp:featuredmedia":[{"embeddable":true,"href":"https:\/\/beautysba.co.uk\/lt\/wp-json\/wp\/v2\/media\/2431"}],"wp:attachment":[{"href":"https:\/\/beautysba.co.uk\/lt\/wp-json\/wp\/v2\/media?parent=6425"}],"wp:term":[{"taxonomy":"product_brand","embeddable":true,"href":"https:\/\/beautysba.co.uk\/lt\/wp-json\/wp\/v2\/product_brand?post=6425"},{"taxonomy":"product_cat","embeddable":true,"href":"https:\/\/beautysba.co.uk\/lt\/wp-json\/wp\/v2\/product_cat?post=6425"},{"taxonomy":"product_tag","embeddable":true,"href":"https:\/\/beautysba.co.uk\/lt\/wp-json\/wp\/v2\/product_tag?post=6425"}],"curies":[{"name":"wp","href":"https:\/\/api.w.org\/{rel}","templated":true}]}}