{"id":6427,"date":"2021-08-16T18:53:08","date_gmt":"2021-10-11T22:39:29","guid":{"rendered":"https:\/\/beautysba.co.uk\/product\/anti-paraudimo-kauke-cream-su-antibakteriniu-poveikiu\/"},"modified":"2022-03-29T22:25:20","modified_gmt":"2022-03-29T22:25:20","slug":"korektorius-kremas-korektorius-nuo-spalvos","status":"publish","type":"product","link":"https:\/\/beautysba.co.uk\/lt\/produktas\/korektorius-kremas-korektorius-nuo-spalvos\/","title":{"rendered":"Anti-paraudimo kauk\u0117 CREAM su antibakteriniu poveikiu"},"content":{"rendered":"<p>\u201c- maskuoja paraudim\u0105 ir ma\u017eina u\u017edegim\u0105<\/p>\n<p>&#8211; suteikia odai nat\u016bral\u0173 sveik\u0105 ton\u0105<\/p>\n<p>&#8211; ramina sudirgusi\u0105 od\u0105<\/p>\n<p>&#8211; pa\u0161alina diskomforto jausm\u0105<\/p>\n<p>Korekcinis kremas puikiai neutralizuoja paraudim\u0105, padeda pasl\u0117pti u\u017edegim\u0105, ma\u017eas raudonas d\u0117mes ir kraujagysli\u0173 tinkl\u0105. Antibakterinis kompleksas ma\u017eina u\u017edegim\u0105, ramina ir neleid\u017eia vystytis bakterijoms. Nesausina odos. Tirpstanti korektoriaus tekst\u016bra leid\u017eia lengvai ir tolygiai paskirstyti produkt\u0105 ant odos.<\/p>\n<p>\u017dalieji pigmentai puikiai maskuoja paraudim\u0105 ir suteikia odai nat\u016brali\u0105, sveik\u0105 veido spalv\u0105.<\/p>\n<p>Veikliosios med\u017eiagos: antibakterinis Normo-Sebum kompleksas, \u017eali pigmentai<\/p>\n<p>T\u016bris: 20 ml<\/p>\n<p>Taikymas:<\/p>\n<p>maskuojam\u0105j\u012f krem\u0105 patepkite ta\u0161kais ant paraudim\u0173, \u0161velniai sumai\u0161ykite. Netobulum\u0173 maskavim\u0105 galite u\u017ebaigti pagrindu ar pudra.<\/p>\n<p>Sudedamosios dalys: vanduo, cetilo alkoholis, glicerilo stearatas, PEG-75 stearatas, ctetet-20, steareth-20, ciklopentasiloksanas, cikloheksasiloksanas, etilheksilo stearatas, glicerinas, CI 77891 (titano dioksidas), aliuminio oksidas, silicio dioksidas, kapiletiloksimetilvinilimetilinas, , aliuminio oksidas, trietoksikaprililsilanas, natrio hidroksietil-akrilatas \/ akriloil-dimetil-taurato kopolimeras, kvepal\u0173 kompozicija, fenoksietanolis, metilparabenas, etilparabenas, propilparabenas, metilpropandiolis, izoizorbato r\u016bg\u0161tis, spermolavinas, 2-bromo-2-nitropropan-1,3-diolis, citrinas<\/p>\n","protected":false},"excerpt":{"rendered":"<p>\u201c- maskuoja paraudim\u0105 ir ma\u017eina u\u017edegim\u0105<\/p>\n<p>&#8211; suteikia odai nat\u016brali\u0105 sveik\u0105 veido spalv\u0105<\/p>\n<p>&#8211; ramina sudirgusi\u0105 od\u0105<\/p>\n<p>&#8211; pa\u0161alina diskomforto jausm\u0105<\/p>\n<p>Korekcinis kremas puikiai neutralizuoja paraudim\u0105, padeda pasl\u0117pti u\u017edegim\u0105, ma\u017eas raudonas d\u0117mes ir kraujagysli\u0173 tinkl\u0105. Antibakterinis kompleksas ma\u017eina u\u017edegim\u0105, ramina ir neleid\u017eia vystytis bakterijoms. Nesausina odos. Tirpstanti korektoriaus tekst\u016bra leid\u017eia lengvai ir tolygiai paskirstyti produkt\u0105 ant odos.<\/p>\n<p>\u017dalieji pigmentai puikiai maskuoja paraudim\u0105 ir suteikia odai nat\u016brali\u0105, sveik\u0105 veido spalv\u0105.<\/p>\n<p>Veikliosios med\u017eiagos: antibakterinis Normo-Sebum kompleksas, \u017eali pigmentai<\/p>\n<p>T\u016bris: 20 ml<\/p>\n","protected":false},"featured_media":2193,"comment_status":"open","ping_status":"closed","template":"","meta":[],"product_brand":[],"product_cat":[133,128,127],"product_tag":[],"class_list":{"0":"post-6427","1":"product","2":"type-product","3":"status-publish","4":"has-post-thumbnail","6":"product_cat-dienos-kremai","7":"product_cat-spuogu-demiu-gydymas","8":"product_cat-veidas","10":"first","11":"outofstock","12":"shipping-taxable","13":"purchasable","14":"product-type-simple"},"_links":{"self":[{"href":"https:\/\/beautysba.co.uk\/lt\/wp-json\/wp\/v2\/product\/6427","targetHints":{"allow":["GET"]}}],"collection":[{"href":"https:\/\/beautysba.co.uk\/lt\/wp-json\/wp\/v2\/product"}],"about":[{"href":"https:\/\/beautysba.co.uk\/lt\/wp-json\/wp\/v2\/types\/product"}],"replies":[{"embeddable":true,"href":"https:\/\/beautysba.co.uk\/lt\/wp-json\/wp\/v2\/comments?post=6427"}],"wp:featuredmedia":[{"embeddable":true,"href":"https:\/\/beautysba.co.uk\/lt\/wp-json\/wp\/v2\/media\/2193"}],"wp:attachment":[{"href":"https:\/\/beautysba.co.uk\/lt\/wp-json\/wp\/v2\/media?parent=6427"}],"wp:term":[{"taxonomy":"product_brand","embeddable":true,"href":"https:\/\/beautysba.co.uk\/lt\/wp-json\/wp\/v2\/product_brand?post=6427"},{"taxonomy":"product_cat","embeddable":true,"href":"https:\/\/beautysba.co.uk\/lt\/wp-json\/wp\/v2\/product_cat?post=6427"},{"taxonomy":"product_tag","embeddable":true,"href":"https:\/\/beautysba.co.uk\/lt\/wp-json\/wp\/v2\/product_tag?post=6427"}],"curies":[{"name":"wp","href":"https:\/\/api.w.org\/{rel}","templated":true}]}}