{"id":6428,"date":"2021-08-27T12:36:03","date_gmt":"2021-10-11T22:39:31","guid":{"rendered":"https:\/\/beautysba.co.uk\/product\/termo-kauke-veidui-ir-kaklui-termoliftingas\/"},"modified":"2021-10-11T22:39:31","modified_gmt":"2021-10-11T22:39:31","slug":"termomaskas-veidui-ir-kaklui-efektas-ter","status":"publish","type":"product","link":"https:\/\/beautysba.co.uk\/lt\/produktas\/termomaskas-veidui-ir-kaklui-efektas-ter\/","title":{"rendered":"Termo kauk\u0117 veidui ir kaklui &#8220;Termoliftingas&#8221;"},"content":{"rendered":"<p><strong>Termo kauk\u0117<\/strong><strong> <\/strong><strong>veidui ir kaklui &#8220;Efektas<\/strong><strong> <\/strong><strong>termoliftingas &#8220;<\/strong> &#8211; unikalus produktas (savaime \u0161ildanti kauk\u0117), skirtas intensyviai j\u016bs\u0173 odos prie\u017ei\u016brai ir transformacijai.<\/p>\n<p>U\u017etepus ant odos, termin\u0117 kauk\u0117 sukelia malonios \u0161ilumos jausm\u0105, giliai \u012fsiskverbia \u012f veikli\u0105sias med\u017eiagas, kurios skatina veido kont\u016bro atjauninimo, pak\u0117limo ir modeliavimo procesus.<\/p>\n<p>Veikli\u0173j\u0173 med\u017eiag\u0173 kompleksas (vitaminas C, kofermentas Q10, fermento aliejaus kompleksas, \u201eJuvinity\u201c):<\/p>\n<ul>\n<li>veiksmingai kovoja su sen\u0117jimo procesu<\/li>\n<li>modeliuoja veido kont\u016br\u0105<\/li>\n<li>pastebimai suma\u017eina \u201eantr\u0105j\u012f\u201c smakr\u0105<\/li>\n<li>apsaugo nuo gili\u0173 rauk\u0161li\u0173 susidarymo<\/li>\n<li>padeda atkurti nat\u016bral\u0173 glotnum\u0105, stangrum\u0105 ir spinduliuojan\u010di\u0105 spalv\u0105<\/li>\n<\/ul>\n<ul>\n<li>T\u016bris: 75 ml<\/li>\n<li>\n \t<\/li>\n<li>Naudojimas: termo kauk\u0119 tepkite ant nuvalytos veido ir kaklo odos, i\u0161skyrus srit\u012f aplink akis ir l\u016bpas, mirkykite 15-20 minu\u010di\u0173, tada nuplaukite vandeniu.<br \/>\n\u012eSP\u0116JIMAS: galimas odos dilg\u010diojimas ir laikinas paraudimas. Jei jau\u010diat\u0117s nepatogiai, nedelsdami nuplaukite vandeniu.<\/li>\n<li>Sudedamosios dalys: vanduo, vazelino aliejus, cetilo alkoholis, glicerilo stearatas, PEG-75 stearatas, ctetet-20, stearet-20, glicerinas, etilheksilo stearatas, dekilcocoatas, beenilo alkoholis, gliceriltricaprilatas \/ kapratas, Prunimetus Dulicum aliejus-PEG-18 metilo esteris i\u0161 dimetilsilano, natrio poliakrilato, hidrinto polideceno, trideceto-6, sintetinio bi\u010di\u0173 va\u0161ko, Candida bombicola \/ gliukoz\u0117s \/ metilo rapsidato fermento, Olea Europaea (alyvuogi\u0173) vaisi\u0173 aliejaus, Helianthus Annuus (saul\u0117gr\u0105\u017e\u0173) s\u0117kl\u0173 aliejaus, Argania Spinosa s\u0117kl\u0173 aliejaus (Argano), Angelica Gigas (kor\u0117jie\u010di\u0173 Angelica) \u0161aknies ekstraktas, Lithospermum Erythororhizon \u0161akn\u0173 ekstraktas, Glycyrrhiza Uralensis (saldymedis) \u0161akn\u0173 ekstraktas, Cichorium Intybus (cikorijos) \u0161aknies oligosacharidai, Caesalpinezaloxyconeratic Gum, metilparabenas, etilparabenas, propilparacilo vanilinas , izopropilo miristatas, Triticum vulgare (kvie\u010di\u0173) gemal\u0173 aliejus, tokoferilacetatas, BHT, kvepal\u0173 kompozicija, kvepal\u0173 kompozicija, lecitinas, sorbitolis, ksantano derva, lipoin\u0117 r\u016bg\u0161tis, ubikinonas, glicerinas, sorbitolis, lecitinas, natrio askorbilfosfatas, ksantano 2-bromohidroponikas 1,3- diolis, linalolis, linalolis<\/li>\n<\/ul>\n","protected":false},"excerpt":{"rendered":"<p><strong>Termo kauk\u0117<\/strong><strong> <\/strong><strong>veidui ir kaklui &#8220;Efektas<\/strong><strong> <\/strong><strong>termoliftingas &#8220;<\/strong> &#8211; unikalus produktas (savaime \u0161ildanti kauk\u0117), skirtas intensyviai j\u016bs\u0173 odos prie\u017ei\u016brai ir transformacijai.<\/p>\n<p>U\u017etepus ant odos, termin\u0117 kauk\u0117 sukelia malonios \u0161ilumos jausm\u0105, giliai \u012fsiskverbia \u012f veikli\u0105sias med\u017eiagas, kurios skatina veido kont\u016bro atjauninimo, pak\u0117limo ir modeliavimo procesus.<\/p>\n","protected":false},"featured_media":2433,"comment_status":"open","ping_status":"closed","template":"","meta":[],"product_brand":[],"product_cat":[125,127,204],"product_tag":[],"class_list":{"0":"post-6428","1":"product","2":"type-product","3":"status-publish","4":"has-post-thumbnail","6":"product_cat-ispardavimas","7":"product_cat-veidas","8":"product_cat-veido-kaukes","10":"first","11":"outofstock","12":"sale","13":"shipping-taxable","14":"purchasable","15":"product-type-simple"},"_links":{"self":[{"href":"https:\/\/beautysba.co.uk\/lt\/wp-json\/wp\/v2\/product\/6428","targetHints":{"allow":["GET"]}}],"collection":[{"href":"https:\/\/beautysba.co.uk\/lt\/wp-json\/wp\/v2\/product"}],"about":[{"href":"https:\/\/beautysba.co.uk\/lt\/wp-json\/wp\/v2\/types\/product"}],"replies":[{"embeddable":true,"href":"https:\/\/beautysba.co.uk\/lt\/wp-json\/wp\/v2\/comments?post=6428"}],"wp:featuredmedia":[{"embeddable":true,"href":"https:\/\/beautysba.co.uk\/lt\/wp-json\/wp\/v2\/media\/2433"}],"wp:attachment":[{"href":"https:\/\/beautysba.co.uk\/lt\/wp-json\/wp\/v2\/media?parent=6428"}],"wp:term":[{"taxonomy":"product_brand","embeddable":true,"href":"https:\/\/beautysba.co.uk\/lt\/wp-json\/wp\/v2\/product_brand?post=6428"},{"taxonomy":"product_cat","embeddable":true,"href":"https:\/\/beautysba.co.uk\/lt\/wp-json\/wp\/v2\/product_cat?post=6428"},{"taxonomy":"product_tag","embeddable":true,"href":"https:\/\/beautysba.co.uk\/lt\/wp-json\/wp\/v2\/product_tag?post=6428"}],"curies":[{"name":"wp","href":"https:\/\/api.w.org\/{rel}","templated":true}]}}