{"id":6430,"date":"2021-08-27T12:56:00","date_gmt":"2021-10-11T22:39:34","guid":{"rendered":"https:\/\/beautysba.co.uk\/product\/naktinis-veido-kremas-meso-cream-complex-50\/"},"modified":"2022-06-19T23:15:23","modified_gmt":"2022-06-19T23:15:23","slug":"mezo-kremo-nakties-veido-kompleksas","status":"publish","type":"product","link":"https:\/\/beautysba.co.uk\/lt\/produktas\/mezo-kremo-nakties-veido-kompleksas\/","title":{"rendered":"Naktinis veido kremas \u201eMeso Cream Complex\u201c 50+"},"content":{"rendered":"<p>tinka odai 50+<\/p>\n<p>Naktinis mezo kremas turi aktyv\u0173 kompleksin\u012f poveik\u012f odai miego metu: veiksmingai i\u0161lygina \u201egro\u017eio trikampio\u201c rauk\u0161les, pagreitina l\u0105steli\u0173 atsinaujinim\u0105 ir pagerina odos strukt\u016br\u0105, aktyviai maitina od\u0105 ir atkuria optimal\u0173 vandens balans\u0105, pagerina kolageno, elastino sintez\u0119. ir hialurono r\u016bg\u0161tis.<\/p>\n<p>Matrigenics.14G aktyvuoja 14 gen\u0173, dalyvaujan\u010di\u0173 kolageno, elastino ir hialurono r\u016bg\u0161ties sintez\u0117je, atkuria \u201egro\u017eio trikamp\u012f\u201c, i\u0161lygina kaktos rauk\u0161les, nasolabialines rauk\u0161les, rauk\u0161les aplink l\u016bpas.<\/p>\n<p>Kryptin\u0117 hialurono r\u016bg\u0161tis \u012fsiskverbia \u012f giliuosius epidermio sluoksnius, suteikia matom\u0105 rauk\u0161li\u0173 i\u0161lyginimo efekt\u0105, i\u0161stumdama jas i\u0161 vidaus, o poveikis yra pana\u0161us \u012f salono mezoterapijos proced\u016br\u0105.<\/p>\n<p>Aminor\u016bg\u0161\u010di\u0173 (taurino, glicino, arginino) kokteilis u\u017epildo odos l\u0105steles energija ir gyvybingumu, skatina l\u0105steli\u0173 regeneracij\u0105.<\/p>\n<p>Avokad\u0173 aliejus puikiai maitina od\u0105 ir aktyviai j\u0105 dr\u0117kina, pagreitina odos l\u0105steli\u0173 atsinaujinimo proces\u0105.<\/p>\n<p>Kakavos sviestas mink\u0161tina od\u0105 ir turi tonizuojant\u012f poveik\u012f.<\/p>\n<p>\u012eSP\u0116JIMAS: aktyvi formul\u0117 &#8211; galimas dilg\u010diojimas.<\/p>\n<p>T\u016bris: 50 ml<\/p>\n<p>Sudedamosios dalys: vanduo, glicerinas, propilheptilkaprilatas, cetearilo alkoholis, polisorbatas 60, etilheksilpalmitatas, Undaria pinnatifida ekstraktas (Wakame), sacharoz\u0117s palmitatas, tokoferido acetatas, glicerilo linoleatas, natrio hialuronatas, Persejos granuliuotas benzoatas, kakavos sviestas, glikozolato sviestas, PEG-18 dimetilsiliano metilo esteris, cetearilo alkoholis, Euphrasia Officinalis ekstraktas (aki\u0173 \u0161viesa), Melissa Officinalis (citrin\u0173 balzamo) lap\u0173 ekstraktas, Magnolia Biondii pumpur\u0173 \/ \u017eied\u0173 ekstraktas, kopolimero kopolimero lecitinas, lecitinas \/ natrio akriloilo dimetil-tauritas, izopropilo miristatas kvie\u010di\u0173) gemal\u0173 aliejus, tokoferilacetatas, BHT, metilparabenas, kvepal\u0173 sud\u0117tis, glicinas, taurinas, propilparabenas, arginino hidrochloridas, 2-bromo-2-nitropropan-1,3-diometilbutilfenilmetilpropionas,<\/p>\n","protected":false},"excerpt":{"rendered":"<p>tinka odai 50+<\/p>\n<p>Naktinis mezo kremas turi aktyv\u0173 kompleksin\u012f poveik\u012f odai miego metu: veiksmingai i\u0161lygina \u201egro\u017eio trikampio\u201c rauk\u0161les, pagreitina l\u0105steli\u0173 atsinaujinim\u0105 ir pagerina odos strukt\u016br\u0105, aktyviai maitina od\u0105 ir atkuria optimal\u0173 vandens balans\u0105, pagerina kolageno, elastino sintez\u0119. ir hialurono r\u016bg\u0161tis.<\/p>\n","protected":false},"featured_media":2459,"comment_status":"open","ping_status":"closed","template":"","meta":[],"product_brand":[],"product_cat":[209,127],"product_tag":[],"class_list":{"0":"post-6430","1":"product","2":"type-product","3":"status-publish","4":"has-post-thumbnail","6":"product_cat-naktiniai-kremai","7":"product_cat-veidas","9":"first","10":"outofstock","11":"shipping-taxable","12":"purchasable","13":"product-type-simple"},"_links":{"self":[{"href":"https:\/\/beautysba.co.uk\/lt\/wp-json\/wp\/v2\/product\/6430","targetHints":{"allow":["GET"]}}],"collection":[{"href":"https:\/\/beautysba.co.uk\/lt\/wp-json\/wp\/v2\/product"}],"about":[{"href":"https:\/\/beautysba.co.uk\/lt\/wp-json\/wp\/v2\/types\/product"}],"replies":[{"embeddable":true,"href":"https:\/\/beautysba.co.uk\/lt\/wp-json\/wp\/v2\/comments?post=6430"}],"wp:featuredmedia":[{"embeddable":true,"href":"https:\/\/beautysba.co.uk\/lt\/wp-json\/wp\/v2\/media\/2459"}],"wp:attachment":[{"href":"https:\/\/beautysba.co.uk\/lt\/wp-json\/wp\/v2\/media?parent=6430"}],"wp:term":[{"taxonomy":"product_brand","embeddable":true,"href":"https:\/\/beautysba.co.uk\/lt\/wp-json\/wp\/v2\/product_brand?post=6430"},{"taxonomy":"product_cat","embeddable":true,"href":"https:\/\/beautysba.co.uk\/lt\/wp-json\/wp\/v2\/product_cat?post=6430"},{"taxonomy":"product_tag","embeddable":true,"href":"https:\/\/beautysba.co.uk\/lt\/wp-json\/wp\/v2\/product_tag?post=6430"}],"curies":[{"name":"wp","href":"https:\/\/api.w.org\/{rel}","templated":true}]}}