{"id":6433,"date":"2021-08-27T12:54:47","date_gmt":"2021-10-11T22:39:44","guid":{"rendered":"https:\/\/beautysba.co.uk\/product\/dienos-mesocream-veidui-kompleksinis-atjauninimas-50\/"},"modified":"2022-06-19T23:15:23","modified_gmt":"2022-06-19T23:15:23","slug":"mezo-kremo-dienos-veidui-kompleksas","status":"publish","type":"product","link":"https:\/\/beautysba.co.uk\/lt\/produktas\/mezo-kremo-dienos-veidui-kompleksas\/","title":{"rendered":"Dienos MesoCREAM veidui kompleksinis atjauninimas 50+"},"content":{"rendered":"<p>tinka odai 50+<\/p>\n<p>Dieninis mezo kremas turi sud\u0117ting\u0105 poveik\u012f veido odai: efektyviai i\u0161lygina rauk\u0161les \u201egro\u017eio trikampio\u201c srityje, suteikia k\u0117limo efekt\u0105, giliai dr\u0117kina, sustiprina kolageno, elastino ir hialurono r\u016bg\u0161ties sintez\u0119, pagerina veido spalva.<\/p>\n<p>Matrigenics.14G aktyvuoja 14 gen\u0173, dalyvaujan\u010di\u0173 kolageno, elastino ir hialurono r\u016bg\u0161ties sintez\u0117je, atkuria \u201egro\u017eio trikamp\u012f\u201c, i\u0161lygina kaktos rauk\u0161les, nasolabialines rauk\u0161les, rauk\u0161les aplink l\u016bpas.<\/p>\n<p>\u201ePolylift\u00ae\u201c suteikia k\u0117limo efekt\u0105, suteikia odai elastingumo, i\u0161lygina mikroreljef\u0105 ir ma\u017eina rauk\u0161les.<\/p>\n<p>Kryptin\u0117 hialurono r\u016bg\u0161tis \u012fsiskverbia \u012f giliuosius epidermio sluoksnius, suteikia matom\u0105 rauk\u0161li\u0173 i\u0161lyginimo efekt\u0105, i\u0161stumdama jas i\u0161 vidaus, o poveikis yra pana\u0161us \u012f salono mezoterapijos proced\u016br\u0105.<\/p>\n<p>Aminor\u016bg\u0161\u010di\u0173 (taurino, glicino, arginino) kokteilis u\u017epildo odos l\u0105steles energija ir gyvybingumu, skatina l\u0105steli\u0173 regeneracij\u0105.<\/p>\n<p>\u012eSP\u0116JIMAS: aktyvi formul\u0117 &#8211; galimas dilg\u010diojimas.<\/p>\n<p>T\u016bris: 50 ml<\/p>\n<p>Sudedamosios dalys: kaprililmetikonas, gliceriltrikaprilatas \/ kapratas, hidrintas polidecenas, cetearilo alkoholis, polisorbatas 60, cetilo alkoholis, izostearilo izostearatas, cetilo kalio fosfatas, cetilo behenatas, beenilo r\u016bg\u0161tis, Undarijos pinecetalio r\u016bg\u0161ties ekstraktas, toksinacetalatas, natrio palatilalatas -3 Persea Gratissima (avokad\u0173) aliejus, Prunus Amygdalus Dulcis (sald\u017ei\u0173j\u0173 migdol\u0173) s\u0117kl\u0173 ekstraktas, dimetikono-vinilo dimetikono kry\u017eminis polimeras, silicio dioksidas, Euphrasia Officinalis ekstraktas (aki\u0173 \u0161viesaus ekstrakto), Melissa Officinalis lap\u0173 ekstraktas, Melissa Officinalis lap\u0173 ekstrakto \u017eiedai Magnolia Biondii (magnitholia) , dimetikonas, izopropilo miristatas, Triticum vulgare (kvie\u010di\u0173) gemal\u0173 aliejus, tokoferilacetatas, BHT, hidroksietil-akrilatas \/ akriolidildimetilatarato natrio kopolimeras, metilparabenas, kvepal\u0173 kompozicija, glicino hidrochloridas, hidroksiparabeno bromo-2-nitropropanas-1,3-diolis, alfa -izometiliononas, bu Tylphenylmethylpropional, Citronellol, Limonene, Linalol<\/p>\n","protected":false},"excerpt":{"rendered":"<p>tinka odai 50+<\/p>\n<p>Dieninis mezo kremas turi sud\u0117ting\u0105 poveik\u012f veido odai: efektyviai i\u0161lygina rauk\u0161les \u201egro\u017eio trikampio\u201c srityje, suteikia k\u0117limo efekt\u0105, giliai dr\u0117kina, sustiprina kolageno, elastino ir hialurono r\u016bg\u0161ties sintez\u0119, pagerina veido spalva.<\/p>\n","protected":false},"featured_media":2457,"comment_status":"open","ping_status":"closed","template":"","meta":[],"product_brand":[],"product_cat":[133,127],"product_tag":[],"class_list":{"0":"post-6433","1":"product","2":"type-product","3":"status-publish","4":"has-post-thumbnail","6":"product_cat-dienos-kremai","7":"product_cat-veidas","9":"first","10":"outofstock","11":"shipping-taxable","12":"purchasable","13":"product-type-simple"},"_links":{"self":[{"href":"https:\/\/beautysba.co.uk\/lt\/wp-json\/wp\/v2\/product\/6433","targetHints":{"allow":["GET"]}}],"collection":[{"href":"https:\/\/beautysba.co.uk\/lt\/wp-json\/wp\/v2\/product"}],"about":[{"href":"https:\/\/beautysba.co.uk\/lt\/wp-json\/wp\/v2\/types\/product"}],"replies":[{"embeddable":true,"href":"https:\/\/beautysba.co.uk\/lt\/wp-json\/wp\/v2\/comments?post=6433"}],"wp:featuredmedia":[{"embeddable":true,"href":"https:\/\/beautysba.co.uk\/lt\/wp-json\/wp\/v2\/media\/2457"}],"wp:attachment":[{"href":"https:\/\/beautysba.co.uk\/lt\/wp-json\/wp\/v2\/media?parent=6433"}],"wp:term":[{"taxonomy":"product_brand","embeddable":true,"href":"https:\/\/beautysba.co.uk\/lt\/wp-json\/wp\/v2\/product_brand?post=6433"},{"taxonomy":"product_cat","embeddable":true,"href":"https:\/\/beautysba.co.uk\/lt\/wp-json\/wp\/v2\/product_cat?post=6433"},{"taxonomy":"product_tag","embeddable":true,"href":"https:\/\/beautysba.co.uk\/lt\/wp-json\/wp\/v2\/product_tag?post=6433"}],"curies":[{"name":"wp","href":"https:\/\/api.w.org\/{rel}","templated":true}]}}