{"id":6439,"date":"2021-08-16T18:53:08","date_gmt":"2021-10-11T22:39:52","guid":{"rendered":"https:\/\/beautysba.co.uk\/product\/greitai-veikiantys-spuogai-breaker-suspension\/"},"modified":"2022-06-19T21:59:22","modified_gmt":"2022-06-19T21:59:22","slug":"greitai-veikiancios-srutos","status":"publish","type":"product","link":"https:\/\/beautysba.co.uk\/lt\/produktas\/greitai-veikiancios-srutos\/","title":{"rendered":"Greitai veikiantys spuogai BREAKER Suspension"},"content":{"rendered":"<p>\u201c- akimirksniu blokuoja bakterij\u0173 augim\u0105<\/p>\n<p>&#8211; mal\u0161ina u\u017edegim\u0105, d\u017ei\u016bsta ir gydo<\/p>\n<p>&#8211; apsaugo nuo pasikartojan\u010di\u0173 u\u017edegim\u0173<\/p>\n<p>&#8211; apsaugo nuo spuog\u0173 atsiradimo<\/p>\n<p>\u201eChatterbox\u201c yra pirmoji pagalba greitai ir efektyviai atsikratyti spuog\u0173. Veikli\u0173j\u0173 med\u017eiag\u0173 kompleksas akimirksniu blokuoja bakterij\u0173 dauginim\u0105si ir pradeda problemini\u0173 odos sri\u010di\u0173 atstatymo proces\u0105: greitai pa\u0161alina u\u017edegim\u0105 ir paraudim\u0105, i\u0161sausina, skatina gijim\u0105, normalizuoja riebal\u0173 i\u0161siskyrim\u0105, apsaugo nuo pakartotinio u\u017edegimo ir spuog\u0173 rand\u0173 atsiradimo. ir d\u0117m\u0117s.<\/p>\n<p>Veikliosios med\u017eiagos: antibakterinis Normo-Sebum kompleksas, salicilo r\u016bg\u0161tis, cinko oksidas.<\/p>\n<p>T\u016bris: 50 ml<\/p>\n<p>Taikymas:<\/p>\n<p>Prie\u0161 naudojim\u0105 gerai suplakite. Nuval\u0119 od\u0105, suspensij\u0105 vietoje u\u017etepkite ant u\u017edegimo vietos. Negalima skalauti.<\/p>\n<p>Sudedamosios dalys: vanduo, etanolis, cinko oksidas, PEG-40 hidrintas aliejus, tridecet-9, salicilo r\u016bg\u0161tis, metilpropandiolis, polisorbatas 80, leptospermonas, isleptozpermonas, flavesonas, Salix Alba \u017eiev\u0117s ekstraktas (gluosnis), fenoksietanolis, metilparabenas, etilparabeno sud\u0117tis, glicerinas, alantoinas, 2-bromas-2-nitropropan-1,3-diolis, citronelolis, linalolis<\/p>\n","protected":false},"excerpt":{"rendered":"<p>\u201c- akimirksniu blokuoja bakterij\u0173 augim\u0105<\/p>\n<p>&#8211; mal\u0161ina u\u017edegim\u0105, d\u017ei\u016bsta ir gydo<\/p>\n<p>&#8211; apsaugo nuo pasikartojan\u010di\u0173 u\u017edegim\u0173<\/p>\n<p>&#8211; apsaugo nuo spuog\u0173 atsiradimo<\/p>\n<p>\u201eChatterbox\u201c yra pirmoji pagalba greitai ir efektyviai atsikratyti spuog\u0173. Veikli\u0173j\u0173 med\u017eiag\u0173 kompleksas akimirksniu blokuoja bakterij\u0173 dauginim\u0105si ir pradeda problemini\u0173 odos sri\u010di\u0173 atstatymo proces\u0105: greitai pa\u0161alina u\u017edegim\u0105 ir paraudim\u0105, i\u0161sausina, skatina gijim\u0105, normalizuoja riebal\u0173 i\u0161siskyrim\u0105, apsaugo nuo pakartotinio u\u017edegimo ir spuog\u0173 rand\u0173 atsiradimo. ir d\u0117m\u0117s.<\/p>\n<p>Veikliosios med\u017eiagos: antibakterinis Normo-Sebum kompleksas, salicilo r\u016bg\u0161tis, cinko oksidas.<\/p>\n<p>T\u016bris: 50 ml<\/p>\n","protected":false},"featured_media":2195,"comment_status":"open","ping_status":"closed","template":"","meta":[],"product_brand":[],"product_cat":[128,127],"product_tag":[],"class_list":{"0":"post-6439","1":"product","2":"type-product","3":"status-publish","4":"has-post-thumbnail","6":"product_cat-spuogu-demiu-gydymas","7":"product_cat-veidas","9":"first","10":"outofstock","11":"shipping-taxable","12":"purchasable","13":"product-type-simple"},"_links":{"self":[{"href":"https:\/\/beautysba.co.uk\/lt\/wp-json\/wp\/v2\/product\/6439","targetHints":{"allow":["GET"]}}],"collection":[{"href":"https:\/\/beautysba.co.uk\/lt\/wp-json\/wp\/v2\/product"}],"about":[{"href":"https:\/\/beautysba.co.uk\/lt\/wp-json\/wp\/v2\/types\/product"}],"replies":[{"embeddable":true,"href":"https:\/\/beautysba.co.uk\/lt\/wp-json\/wp\/v2\/comments?post=6439"}],"wp:featuredmedia":[{"embeddable":true,"href":"https:\/\/beautysba.co.uk\/lt\/wp-json\/wp\/v2\/media\/2195"}],"wp:attachment":[{"href":"https:\/\/beautysba.co.uk\/lt\/wp-json\/wp\/v2\/media?parent=6439"}],"wp:term":[{"taxonomy":"product_brand","embeddable":true,"href":"https:\/\/beautysba.co.uk\/lt\/wp-json\/wp\/v2\/product_brand?post=6439"},{"taxonomy":"product_cat","embeddable":true,"href":"https:\/\/beautysba.co.uk\/lt\/wp-json\/wp\/v2\/product_cat?post=6439"},{"taxonomy":"product_tag","embeddable":true,"href":"https:\/\/beautysba.co.uk\/lt\/wp-json\/wp\/v2\/product_tag?post=6439"}],"curies":[{"name":"wp","href":"https:\/\/api.w.org\/{rel}","templated":true}]}}