{"id":6464,"date":"2021-08-27T20:18:44","date_gmt":"2021-10-11T22:40:58","guid":{"rendered":"https:\/\/beautysba.co.uk\/product\/kuno-sveitiklis-anticeliulitinis-astrus-sildantis-fitness-model-serija\/"},"modified":"2022-07-19T09:49:37","modified_gmt":"2022-07-19T09:49:37","slug":"kuno-sveitiklis-anticeliulitinis-astrus","status":"publish","type":"product","link":"https:\/\/beautysba.co.uk\/lt\/produktas\/kuno-sveitiklis-anticeliulitinis-astrus\/","title":{"rendered":"K\u016bno \u0161veitiklis Anticeliulitinis, a\u0161trus, \u0161ildantis \u201eFitness Model\u201c serija"},"content":{"rendered":"<p>A\u0161trus \u0161ildantis \u0161veitiklis &#8211; naujov\u0117 kovojant su celiulitu, padeda akivaizd\u017eiai i\u0161lyginti \u201eapelsino \u017eievel\u0119\u201c ir suteikia greit\u0105 matom\u0105 rezultat\u0105. Reguliarus \u0161ildan\u010dio \u0161veitiklio naudojimas stimuliuoja l\u0105steli\u0173 metabolizm\u0105 pana\u0161iai kaip ir 35 minu\u010di\u0173 treniruot\u0117. Imbiero \u0161aknies ir kavos mikrogranuli\u0173 derinys turi masa\u017ein\u012f ir \u0161ildant\u012f poveik\u012f, paruo\u0161ia od\u0105 giliam veikli\u0173j\u0173 med\u017eiag\u0173 suvokimui. Alfa lipo r\u016bg\u0161tis pagreitina gliukoz\u0117s metabolizm\u0105 l\u0105stel\u0117se ir sukelia intensyvaus riebal\u0173 deginimo procesus d\u0117l unikali\u0173 biochemini\u0173 chitozano savybi\u0173, kurios prasiskverbia \u012f giliuosius epidermio sluoksnius ir sustiprina aktyvi\u0173 komponent\u0173 poveik\u012f. Sicilijos raudona oran\u017ein\u0117 spalva turi limfodrena\u017ein\u012f efekt\u0105 ir pa\u0161alina sustingus\u012f skys\u010dio pertekli\u0173, sukurdama momentin\u012f sugrie\u017etinimo efekt\u0105. Kardamonas yra labai veiksminga nat\u016brali priemon\u0117 nuo celiulito, kuri i\u0161lygina od\u0105 ir atkuria jos elastingum\u0105.<\/p>\n<p>250 ml<\/p>\n<p>Nedidelis kiekis \u0161veitiklio Aktyviais masa\u017eo judesiais tepkite dr\u0117gn\u0105 k\u016bno od\u0105, nuplaukite \u0161iltu vandeniu. Tinka naudoti kasdien. Prie\u0161 naudojim\u0105 atlikite jautrumo test\u0105. Nenaudoti ant pa\u017eeistos ir (arba) u\u017edegusios odos. Venkite s\u0105ly\u010dio su gleivin\u0117mis. Patekus ant gleivin\u0117s, nuplaukite vandeniu.<\/p>\n<p>Sacharoz\u0117 (cukranendri\u0173 cukrus), Butyrospermum Parkii sviestas (taukmed\u017eio sviestas), Prunus Amygdalus Dulcis aliejus (migdol\u0173 aliejus), Lycium Barbarum vaisi\u0173 ekstraktas (Goji uog\u0173 ekstraktas), Aqua, Vitis Vinifera s\u0117kl\u0173 milteliai (vynuogi\u0173 s\u0117kl\u0173 milteliai), glicerinas, ksantas, citrusas Aurantij\u0173 g\u0117li\u0173 aliejus, citrusini\u0173 vaisi\u0173 aurantium Dulcis aliejus (raudon\u0173j\u0173 apelsin\u0173 aliejus), Coffea Arabica s\u0117kl\u0173 milteliai (kavos milteliai), Zingiber Officinale ekstraktas (imbiero ekstraktas), Elettaria Cardamomum s\u0117kl\u0173 ekstraktas (kardamono ekstraktas), Chitanozanas (Chitanozanas), tioktin\u0117 r\u016bg\u0161tis, parfumatas, Natrio benzoatas, kalio sorbatas, sorbo r\u016bg\u0161tis, CI 75125.<\/p>\n","protected":false},"excerpt":{"rendered":"<p>A\u0161trus \u0161ildantis \u0161veitiklis &#8211; naujov\u0117 kovojant su celiulitu, padeda akivaizd\u017eiai i\u0161lyginti \u201eapelsino \u017eievel\u0119\u201c ir suteikia greit\u0105 matom\u0105 rezultat\u0105. Reguliarus \u0161ildan\u010dio \u0161veitiklio naudojimas stimuliuoja l\u0105steli\u0173 metabolizm\u0105 pana\u0161iai kaip ir 35 minu\u010di\u0173 treniruot\u0117. Imbiero \u0161aknies ir kavos mikrogranuli\u0173 derinys turi masa\u017ein\u012f ir \u0161ildant\u012f poveik\u012f, paruo\u0161ia od\u0105 giliam veikli\u0173j\u0173 med\u017eiag\u0173 suvokimui. Alfa lipo r\u016bg\u0161tis pagreitina gliukoz\u0117s metabolizm\u0105 l\u0105stel\u0117se ir sukelia intensyvaus riebal\u0173 deginimo procesus d\u0117l unikali\u0173 biochemini\u0173 chitozano savybi\u0173, kurios prasiskverbia \u012f giliuosius epidermio sluoksnius ir sustiprina aktyvi\u0173 komponent\u0173 poveik\u012f. Sicilijos raudona oran\u017ein\u0117 spalva turi limfodrena\u017ein\u012f efekt\u0105 ir pa\u0161alina sustingus\u012f skys\u010dio pertekli\u0173, sukurdama momentin\u012f sugrie\u017etinimo efekt\u0105. Kardamonas yra labai veiksminga nat\u016brali priemon\u0117 nuo celiulito, kuri i\u0161lygina od\u0105 ir atkuria jos elastingum\u0105.<\/p>\n","protected":false},"featured_media":2503,"comment_status":"open","ping_status":"closed","template":"","meta":[],"product_brand":[],"product_cat":[120,125,119],"product_tag":[],"class_list":{"0":"post-6464","1":"product","2":"type-product","3":"status-publish","4":"has-post-thumbnail","6":"product_cat-anticeliulitines-priemones","7":"product_cat-ispardavimas","8":"product_cat-kuno-produktai","10":"first","11":"outofstock","12":"sale","13":"shipping-taxable","14":"purchasable","15":"product-type-simple"},"_links":{"self":[{"href":"https:\/\/beautysba.co.uk\/lt\/wp-json\/wp\/v2\/product\/6464","targetHints":{"allow":["GET"]}}],"collection":[{"href":"https:\/\/beautysba.co.uk\/lt\/wp-json\/wp\/v2\/product"}],"about":[{"href":"https:\/\/beautysba.co.uk\/lt\/wp-json\/wp\/v2\/types\/product"}],"replies":[{"embeddable":true,"href":"https:\/\/beautysba.co.uk\/lt\/wp-json\/wp\/v2\/comments?post=6464"}],"wp:featuredmedia":[{"embeddable":true,"href":"https:\/\/beautysba.co.uk\/lt\/wp-json\/wp\/v2\/media\/2503"}],"wp:attachment":[{"href":"https:\/\/beautysba.co.uk\/lt\/wp-json\/wp\/v2\/media?parent=6464"}],"wp:term":[{"taxonomy":"product_brand","embeddable":true,"href":"https:\/\/beautysba.co.uk\/lt\/wp-json\/wp\/v2\/product_brand?post=6464"},{"taxonomy":"product_cat","embeddable":true,"href":"https:\/\/beautysba.co.uk\/lt\/wp-json\/wp\/v2\/product_cat?post=6464"},{"taxonomy":"product_tag","embeddable":true,"href":"https:\/\/beautysba.co.uk\/lt\/wp-json\/wp\/v2\/product_tag?post=6464"}],"curies":[{"name":"wp","href":"https:\/\/api.w.org\/{rel}","templated":true}]}}