{"id":6473,"date":"2021-08-27T21:24:31","date_gmt":"2021-10-11T22:41:34","guid":{"rendered":"https:\/\/beautysba.co.uk\/product\/sampunas-serumas-nuo-plauku-slinkimo-aktyvios-biometrines-serijos-sveiki-plaukai-150-ml\/"},"modified":"2022-05-08T14:50:07","modified_gmt":"2022-05-08T14:50:07","slug":"sampunas-serumas-nuo-plauku-slinkimo","status":"publish","type":"product","link":"https:\/\/beautysba.co.uk\/lt\/produktas\/sampunas-serumas-nuo-plauku-slinkimo\/","title":{"rendered":"\u0160amp\u016bnas-serumas nuo plauk\u0173 slinkimo Aktyvios biometrin\u0117s serijos sveiki plaukai (150 ml)"},"content":{"rendered":"<p>\u0160amp\u016bnas-serumas \u0161velniai valo, akimirksniu stiprina \u0161aknis ir plaukus, apsaugo nuo plauk\u0173 slinkimo. Laukini\u0173 \u010desnak\u0173 baltymai pagerina mikrocirkuliacij\u0105 ir pa\u017eadina neveikian\u010dius plauk\u0173 folikulus, stimuliuoja ir pagreitina sveik\u0173, stipri\u0173 plauk\u0173 augim\u0105. Taurinas veiksmingai stiprina \u0161aknis, pripildo plaukus j\u0117ga ir energija, stabdo plauk\u0173 slinkim\u0105. Ekologi\u0161kas varnal\u0117\u0161\u0173 aliejus maitina giliausius sluoksnius, prailgina plauk\u0173 gyvavimo cikl\u0105, apsaugo nuo plauk\u0173 slinkimo, daro plaukus mink\u0161tus ir paklusnius, suteikia jiems gyvybingumo ir sodrumo. Asi\u016bklio ekstraktas tonizuoja galvos od\u0105, turi imunostimuliuojan\u010di\u0105 veikl\u0105, skatina sveik\u0173, stor\u0173 ir gra\u017ei\u0173 plauk\u0173 augim\u0105. Rezultatas: sveiki, stori, stipr\u016bs ir \u017evilgantys plaukai, kupini j\u0117g\u0173 ir energijos!<\/p>\n<p>&nbsp;<\/p>\n<p>\u201eAqua\u201c, \u201eSalvia officinalis\u201c g\u0117li\u0173 vanduo (\u201eSage Infusion\u201c), kokamidopropilbetainas, laurilo gliukozidas, kokos gliukozidas, natrio laureto-5 karboksilatas, \u201eSimmondsia Chinensis\u201c (simondsij\u0173) s\u0117kl\u0173 aliejus (simondsij\u0173 aliejus), \u201eTaurin Allium Sativum\u201c (laukiniai baltymai)), \u201eOrganic Arctium Lappa\u201c \u0160akn\u0173 (varnal\u0117\u0161\u0173) aliejus, Equisetum Arvense ekstraktas (asi\u016bklio ekstraktas), glicerinas, glicereto-2 kokatas (i\u0161 palmi\u0173 aliejaus), kvepalai, pieno r\u016bg\u0161tis, benzenkarboksir\u016bg\u0161tis, sorbo r\u016bg\u0161tis, dehidroacto r\u016bg\u0161tis, benzilo alkoholis, CI 10020.<\/p>\n","protected":false},"excerpt":{"rendered":"<p>\u0160amp\u016bnas-serumas \u0161velniai valo, akimirksniu stiprina \u0161aknis ir plaukus, apsaugo nuo plauk\u0173 slinkimo. Laukini\u0173 \u010desnak\u0173 baltymai pagerina mikrocirkuliacij\u0105 ir pa\u017eadina neveikian\u010dius plauk\u0173 folikulus, stimuliuoja ir pagreitina sveik\u0173, stipri\u0173 plauk\u0173 augim\u0105. Taurinas veiksmingai stiprina \u0161aknis, pripildo plaukus j\u0117ga ir energija, stabdo plauk\u0173 slinkim\u0105. Ekologi\u0161kas varnal\u0117\u0161\u0173 aliejus maitina giliausius sluoksnius, prailgina plauk\u0173 gyvavimo cikl\u0105, apsaugo nuo plauk\u0173 slinkimo, daro plaukus mink\u0161tus ir paklusnius, suteikia jiems gyvybingumo ir sodrumo. Asi\u016bklio ekstraktas tonizuoja galvos od\u0105, turi imunostimuliuojan\u010di\u0105 veikl\u0105, skatina sveik\u0173, stor\u0173 ir gra\u017ei\u0173 plauk\u0173 augim\u0105. Rezultatas: sveiki, stori, stipr\u016bs ir \u017evilgantys plaukai, kupini j\u0117g\u0173 ir energijos!<\/p>\n","protected":false},"featured_media":2529,"comment_status":"open","ping_status":"closed","template":"","meta":[],"product_brand":[],"product_cat":[211,216],"product_tag":[],"class_list":{"0":"post-6473","1":"product","2":"type-product","3":"status-publish","4":"has-post-thumbnail","6":"product_cat-hair-lt","7":"product_cat-sampunai","9":"first","10":"outofstock","11":"shipping-taxable","12":"purchasable","13":"product-type-simple"},"_links":{"self":[{"href":"https:\/\/beautysba.co.uk\/lt\/wp-json\/wp\/v2\/product\/6473","targetHints":{"allow":["GET"]}}],"collection":[{"href":"https:\/\/beautysba.co.uk\/lt\/wp-json\/wp\/v2\/product"}],"about":[{"href":"https:\/\/beautysba.co.uk\/lt\/wp-json\/wp\/v2\/types\/product"}],"replies":[{"embeddable":true,"href":"https:\/\/beautysba.co.uk\/lt\/wp-json\/wp\/v2\/comments?post=6473"}],"wp:featuredmedia":[{"embeddable":true,"href":"https:\/\/beautysba.co.uk\/lt\/wp-json\/wp\/v2\/media\/2529"}],"wp:attachment":[{"href":"https:\/\/beautysba.co.uk\/lt\/wp-json\/wp\/v2\/media?parent=6473"}],"wp:term":[{"taxonomy":"product_brand","embeddable":true,"href":"https:\/\/beautysba.co.uk\/lt\/wp-json\/wp\/v2\/product_brand?post=6473"},{"taxonomy":"product_cat","embeddable":true,"href":"https:\/\/beautysba.co.uk\/lt\/wp-json\/wp\/v2\/product_cat?post=6473"},{"taxonomy":"product_tag","embeddable":true,"href":"https:\/\/beautysba.co.uk\/lt\/wp-json\/wp\/v2\/product_tag?post=6473"}],"curies":[{"name":"wp","href":"https:\/\/api.w.org\/{rel}","templated":true}]}}