{"id":6482,"date":"2021-08-27T20:24:21","date_gmt":"2021-10-11T22:42:19","guid":{"rendered":"https:\/\/beautysba.co.uk\/product\/anticeliulitinis-kuno-gelis\/"},"modified":"2022-02-18T11:05:09","modified_gmt":"2022-02-18T11:05:09","slug":"anticeliulitinis-kuno-gelis","status":"publish","type":"product","link":"https:\/\/beautysba.co.uk\/lt\/produktas\/anticeliulitinis-kuno-gelis\/","title":{"rendered":"Anticeliulitinis k\u016bno gelis"},"content":{"rendered":"<p>Anticeliulitinis k\u016bno gelis yra 2 \u017dINGSNIS gro\u017eiui ir lieknumui!<\/p>\n<p>Gelis pasi\u017eymi vidutini\u0161kai \u0161ildan\u010diu poveikiu, i\u0161lygina odos pavir\u0161i\u0173, suteikia odai atspalvio ir elastingumo, padeda suma\u017einti strijas.<\/p>\n<p>Sud\u0117tyje yra 100% nat\u016bralaus anticeliulitinio fitokomplekso &#8211; i\u0161lygina odos pavir\u0161i\u0173, suteikia odai atspalvio ir elastingumo, padeda suma\u017einti strijas.<\/p>\n<p>Efektyvumas \u012frodytas!<\/p>\n<ul>\n<li>* Produkte yra 100% nat\u016bralus anticeliulitinis fitokompleksas, kurio sudedamosios dalys yra pa\u017eym\u0117tos *<\/li>\n<\/ul>\n<h2>REZULTATAS<\/h2>\n<ul>\n<li>I\u0161lygina odos pavir\u0161i\u0173<\/li>\n<li>Suteikia odai elastingumo ir atspalvio<\/li>\n<li>Padeda suma\u017einti strij\u0173 atsiradim\u0105<\/li>\n<li>I\u0161 karto: limfodrena\u017einis efektas<\/li>\n<li>PO 7 DIEN\u0172: celiulito po\u017eymiai yra ma\u017eiau pastebimi<\/li>\n<\/ul>\n<h2>SUD\u0116TIS<\/h2>\n<p>100% nat\u016bralus anticeliulitinis fitokompleksas; \u201eAqua\u201c; Glicerinas *; PEG-12; Niacinamidas; Aesculus Hippocastanum (arkli\u0173 ka\u0161ton\u0173) \u017eiev\u0117s ekstraktas * Ginkmed\u017eio lap\u0173 ekstraktas * Urtica Dioica (dilg\u0117li\u0173) lap\u0173 milteliai *; Chamomilla Recutita (Matricaria) \u017eied\u0173 ekstraktas *; Achillea Millefolium ekstraktas *; Hypericum Perforatum g\u0117li\u0173 \/ lap\u0173 \/ stieb\u0173 ekstraktas *; Chelidonium Majus ekstraktas * (vaistini\u0173 \u017eoleli\u0173, dilg\u0117li\u0173, ramun\u0117li\u0173, krauja\u017eoli\u0173, jona\u017eoli\u0173, ugnia\u017eol\u0117s nuoviras); Kofeinas; Hordeum Distichon (mie\u017ei\u0173) ekstraktas *; Fomes Officinalis (gryb\u0173) ekstraktas *; Alantoinas; Vanililo butilo eteris; Dimetilsulfonas; Akrilatai \/ C10-30 alkilo akrilato kry\u017eminis polimeras; Alkoholis (rektifikuotas etilo alkoholis i\u0161 maisto \u017ealiav\u0173); Beta-sitosterolis; Kaprilo glikolis; Citrinos r\u016bg\u0161tis; Dipalmitoilo hidroksiprolinas; Dinatrio EDTA; Escin; Etilparabenas; Gliukoz\u0117; Pieno r\u016bg\u0161tis; Lecitinas; Linolo r\u016bg\u0161tis; Manitolis; Metilparabenas; Kvepalai (sud\u0117tyje yra eterini\u0173 aliej\u0173 *, apelsin\u0173, kedr\u0173, pelyno, \u0161alavij\u0173, any\u017ei\u0173, raudon\u0117li\u0173, tuj\u0173, m\u0117t\u0173, ylang, bazilik\u0173, kadagi\u0173); PEG-40 hidrintas ricinos aliejus; Fenoksietanolis; Kalio sorbatas; Propilenglikolis; PVP; Natrio askorbatas; Natrio benzoatas; Treoninas; Tokoferolis; Trietanolaminas; Limonene; Linalool.<\/p>\n","protected":false},"excerpt":{"rendered":"<h2>REZULTATAS<\/h2>\n<ul>\n<li>I\u0161lygina odos pavir\u0161i\u0173<\/li>\n<li>Suteikia odai elastingumo ir atspalvio<\/li>\n<li>Padeda suma\u017einti strij\u0173 atsiradim\u0105<\/li>\n<li>I\u0161 karto: limfodrena\u017einis efektas<\/li>\n<li>PO 7 DIEN\u0172: celiulito po\u017eymiai yra ma\u017eiau pastebimi<\/li>\n<\/ul>\n","protected":false},"featured_media":2507,"comment_status":"open","ping_status":"closed","template":"","meta":[],"product_brand":[],"product_cat":[120,119],"product_tag":[],"class_list":{"0":"post-6482","1":"product","2":"type-product","3":"status-publish","4":"has-post-thumbnail","6":"product_cat-anticeliulitines-priemones","7":"product_cat-kuno-produktai","9":"first","10":"outofstock","11":"shipping-taxable","12":"purchasable","13":"product-type-simple"},"_links":{"self":[{"href":"https:\/\/beautysba.co.uk\/lt\/wp-json\/wp\/v2\/product\/6482","targetHints":{"allow":["GET"]}}],"collection":[{"href":"https:\/\/beautysba.co.uk\/lt\/wp-json\/wp\/v2\/product"}],"about":[{"href":"https:\/\/beautysba.co.uk\/lt\/wp-json\/wp\/v2\/types\/product"}],"replies":[{"embeddable":true,"href":"https:\/\/beautysba.co.uk\/lt\/wp-json\/wp\/v2\/comments?post=6482"}],"wp:featuredmedia":[{"embeddable":true,"href":"https:\/\/beautysba.co.uk\/lt\/wp-json\/wp\/v2\/media\/2507"}],"wp:attachment":[{"href":"https:\/\/beautysba.co.uk\/lt\/wp-json\/wp\/v2\/media?parent=6482"}],"wp:term":[{"taxonomy":"product_brand","embeddable":true,"href":"https:\/\/beautysba.co.uk\/lt\/wp-json\/wp\/v2\/product_brand?post=6482"},{"taxonomy":"product_cat","embeddable":true,"href":"https:\/\/beautysba.co.uk\/lt\/wp-json\/wp\/v2\/product_cat?post=6482"},{"taxonomy":"product_tag","embeddable":true,"href":"https:\/\/beautysba.co.uk\/lt\/wp-json\/wp\/v2\/product_tag?post=6482"}],"curies":[{"name":"wp","href":"https:\/\/api.w.org\/{rel}","templated":true}]}}