{"id":6490,"date":"2021-08-27T12:37:14","date_gmt":"2021-10-11T22:43:09","guid":{"rendered":"https:\/\/beautysba.co.uk\/product\/stiprinamasis-akiu-konturo-rauksliu-uzpildymo-kremas\/"},"modified":"2022-02-19T10:47:23","modified_gmt":"2022-02-19T10:47:23","slug":"stangrinamasis-kremas-uzpildas-uzpildas-m","status":"publish","type":"product","link":"https:\/\/beautysba.co.uk\/lt\/produktas\/stangrinamasis-kremas-uzpildas-uzpildas-m\/","title":{"rendered":"Stiprinamasis aki\u0173 kont\u016bro rauk\u0161li\u0173 u\u017epildymo kremas"},"content":{"rendered":"<p><strong>Stiprinamasis aki\u0173 kont\u016bro rauk\u0161li\u0173 u\u017epildymo kremas<\/strong> &#8211; j\u016bs\u0173 idealus kompanionas kovojant su su am\u017eiumi susijusiais odos poky\u010diais aplink akis ir suteikian\u010diam i\u0161vaizdai jaunatvi\u0161ko \u0161vyt\u0117jimo.<\/p>\n<p>Veikli\u0173j\u0173 med\u017eiag\u0173 kompleksas:<\/p>\n<ul>\n<li>i\u0161lygina od\u0105 aplink akis ir atkuria jos tank\u012f<\/li>\n<li>i\u0161lygina smulki\u0173 rauk\u0161li\u0173 tinklel\u012f<\/li>\n<li>suma\u017eina rauk\u0161li\u0173 skai\u010di\u0173 ir gyl\u012f, turi stangrinam\u0105j\u012f ir k\u0117limo efekt\u0105<\/li>\n<li>pa\u0161alina tamsius ratilus po akimis ir suteikia i\u0161rai\u0161kingumo<\/li>\n<li>pastebimai padidina stangrum\u0105 ir elastingum\u0105<\/li>\n<li>giliai maitina subtili\u0105 od\u0105 aplink akis<\/li>\n<li>apsaugo nuo UV spinduli\u0173<\/li>\n<\/ul>\n<p><strong>Kofermentas<\/strong><strong> Q<\/strong><strong> de\u0161imt<\/strong><strong> <\/strong>u\u017etikrina energijos apykait\u0105 odos l\u0105stel\u0117se, apr\u016bpina jas jaunatvi\u0161ka energija ir stabdo sen\u0117jimo procesus: suma\u017eina rauk\u0161li\u0173 gyl\u012f, atkuria odos lygum\u0105 ir elastingum\u0105.<\/p>\n<p><strong>Fermentacija<\/strong><strong> Alyva<\/strong><strong> Kompleksas<\/strong><strong> &#8211;<\/strong><strong> <\/strong>fermentuot\u0173 aliej\u0173 kompleksas, kuris \u012fvairina j\u016bs\u0173 od\u0105: maitina, dr\u0117kina, atkuria epidermio barjer\u0105.<\/p>\n<p><strong>LENGVUMAS<\/strong> sukuria matom\u0105 kosmetinio sugrie\u017etinimo efekt\u0105: i\u0161lygina od\u0105 aki\u0173 kampu\u010diuose, suma\u017eina rauk\u0161li\u0173 gyl\u012f, daro od\u0105 lygi\u0105 ir elasting\u0105.<\/p>\n<p><strong>Vitamino C &#8211;<\/strong><strong> <\/strong>galingas<strong> <\/strong>nat\u016bralus antioksidantas, apsaugo od\u0105 nuo su am\u017eiumi susijusi\u0173 poky\u010di\u0173, fotosen\u0117jimo, laisv\u0173j\u0173 radikal\u0173.<\/p>\n<p>T\u016bris: 20 ml<\/p>\n<p>Naudojimas: kasdien ryte ir (arba) vakare pir\u0161t\u0173 galiukais tepkite nedidel\u012f kiek\u012f u\u017epildo kremo paaki\u0173 srityje \u0161velniais glostomaisiais judesiais.<\/p>\n<p>Sudedamosios dalys: vanduo, izododekanas, diizostearoilpoligliceril-3 dimero dilinoleatas, hidrintas polidecenas, etilheksilpalmitatas, PPG-15 stearilo eteris, glicerinas, izopropilo miristatas, aliejus Prunus Amygdalus Dulcone, sulfonintas aliejus, Amygdalineus Dulcone Dulcone Bombicola \/ gliukoz\u0117s \/ metilrapidato fermentas, Olea Europaea (alyvuogi\u0173) vaisi\u0173 aliejus, Helianthus Annuus (saul\u0117gr\u0105\u017e\u0173) s\u0117kl\u0173 aliejus, Argania Spinosa (Argan) s\u0117kl\u0173 aliejus, Angelica Gigas \u0161akn\u0173 ekstraktas (kor\u0117jie\u010di\u0173 Angelica Lorhizit), Glycyrrhiza Uralensis (saldymed\u017eio) \u0161aknies ekstraktas, ekstraktas , palmitoiltripeptidas-38, fenoksietanolis, metilparabenas, etilparabenas, propilparabenas, akacijos Senegalo (Senegalo akacijos) guma, hidrolizuota rizobito r\u016bg\u0161ties guma, lipidin\u0117 r\u016bg\u0161tin\u0117 kompozicija glicerinas, sorbitolis, lecitinas, natrio askorbilfosfatas, ksantano derva, izopropilo miristatas, Triticum vulgare (kvie\u010di\u0173) gemal\u0173 aliejus, tokoferilacetatas, BHT, ciklopentasiloksanas, dimetikono kry\u017eminis polimeras, kvepal\u0173 sud\u0117tis, 2-bromo-2-nitropropan-1,3-diolis, lialfenilfenilfenilis<\/p>\n","protected":false},"excerpt":{"rendered":"<p><strong>Stiprinamasis aki\u0173 kont\u016bro rauk\u0161li\u0173 u\u017epildymo kremas<\/strong> &#8211; j\u016bs\u0173 idealus kompanionas kovojant su su am\u017eiumi susijusiais odos poky\u010diais aplink akis ir suteikian\u010diam i\u0161vaizdai jaunatvi\u0161ko \u0161vyt\u0117jimo.<\/p>\n","protected":false},"featured_media":2435,"comment_status":"open","ping_status":"closed","template":"","meta":[],"product_brand":[],"product_cat":[202,127],"product_tag":[],"class_list":{"0":"post-6490","1":"product","2":"type-product","3":"status-publish","4":"has-post-thumbnail","6":"product_cat-akiu-kremai","7":"product_cat-veidas","9":"first","10":"outofstock","11":"shipping-taxable","12":"purchasable","13":"product-type-simple"},"_links":{"self":[{"href":"https:\/\/beautysba.co.uk\/lt\/wp-json\/wp\/v2\/product\/6490","targetHints":{"allow":["GET"]}}],"collection":[{"href":"https:\/\/beautysba.co.uk\/lt\/wp-json\/wp\/v2\/product"}],"about":[{"href":"https:\/\/beautysba.co.uk\/lt\/wp-json\/wp\/v2\/types\/product"}],"replies":[{"embeddable":true,"href":"https:\/\/beautysba.co.uk\/lt\/wp-json\/wp\/v2\/comments?post=6490"}],"wp:featuredmedia":[{"embeddable":true,"href":"https:\/\/beautysba.co.uk\/lt\/wp-json\/wp\/v2\/media\/2435"}],"wp:attachment":[{"href":"https:\/\/beautysba.co.uk\/lt\/wp-json\/wp\/v2\/media?parent=6490"}],"wp:term":[{"taxonomy":"product_brand","embeddable":true,"href":"https:\/\/beautysba.co.uk\/lt\/wp-json\/wp\/v2\/product_brand?post=6490"},{"taxonomy":"product_cat","embeddable":true,"href":"https:\/\/beautysba.co.uk\/lt\/wp-json\/wp\/v2\/product_cat?post=6490"},{"taxonomy":"product_tag","embeddable":true,"href":"https:\/\/beautysba.co.uk\/lt\/wp-json\/wp\/v2\/product_tag?post=6490"}],"curies":[{"name":"wp","href":"https:\/\/api.w.org\/{rel}","templated":true}]}}