{"id":6504,"date":"2021-08-16T18:53:09","date_gmt":"2021-10-11T23:07:57","guid":{"rendered":"https:\/\/beautysba.co.uk\/product\/balinamasis-naktinis-kremas-veidui-nuo-strazdanu-ir-amziaus-demiu-naudojant-protingo-odos-apsvietimo-technologija\/"},"modified":"2022-06-21T06:32:53","modified_gmt":"2022-06-21T06:32:53","slug":"kremas-naktinis-balinimas-veido-pro","status":"publish","type":"product","link":"https:\/\/beautysba.co.uk\/lt\/produktas\/kremas-naktinis-balinimas-veido-pro\/","title":{"rendered":"Balinamasis naktinis kremas veidui nuo strazdan\u0173 ir am\u017eiaus d\u0117mi\u0173, naudojant \u201eprotingo\u201c odos ap\u0161vietimo technologij\u0105"},"content":{"rendered":"<p>Dabar, nor\u0117dami pa\u0161viesinti tamsias d\u0117mes ir strazdanas, prie\u0161 mieg\u0105 tiesiog patepkite naktin\u012f balinam\u0105j\u012f krem\u0105. Naktinis kremas aktyviai balina strazdanas ir am\u017eiaus d\u0117mes ant odos miego metu, kai oda yra ramioje b\u016bsenoje ir yra labiausiai jautri veikli\u0173j\u0173 med\u017eiag\u0173 poveikiui. Kremas padeda suma\u017einti melanino sintez\u0119, suma\u017einti am\u017eiaus d\u0117mi\u0173 atsiradim\u0105 ir balinti od\u0105. Nat\u016bralus me\u0161kauogi\u0173 augal\u0173 ekstraktas sustiprina balinimo efekt\u0105 ir dr\u0117kina od\u0105.<\/p>\n<p>T\u016bris: 50 ml<\/p>\n<p>Sudedamosios dalys: vanduo, cetilo alkoholis, glicerilo stearatas, PEG-75 stearatas, cetet-20, steareth-20, skystas vazelinas, gliceriltricaprilatas \/ kapratas, manitolis, natrio gliukonatas, citrinos r\u016bg\u0161tis, natrio citratas, Walteria Indica lap\u0173 ekstraktas (Valteria), dekstrinas, ferulo r\u016bg\u0161tis, dimetikonas, kaprililmetikonas, izopropilo palmitatas, cetearilo alkoholis, Arctostaphylos Uva-Ursi lap\u0173 ekstraktas (me\u0161kauog\u0117), diacetilboldinas, sezamo indicum aliejus (sezamas), skvalanas, sintetinis bi\u010di\u0173 va\u0161kas, butopirospermerolisteriumo , Triticum vulgare (kvie\u010di\u0173) gemal\u0173 aliejus, tokoferilacetatas, BHT, metilparabenas, alantoinas, kvepal\u0173 kompozicija, propilparabenas, ksantano derva-2-nitil-2-bropromilas, geraniolis, heksilcinamalis, linalolis.<\/p>\n","protected":false},"excerpt":{"rendered":"<p>Dabar, nor\u0117dami pa\u0161viesinti tamsias d\u0117mes ir strazdanas, prie\u0161 mieg\u0105 tiesiog patepkite naktin\u012f balinam\u0105j\u012f krem\u0105. Naktinis kremas aktyviai balina strazdanas ir am\u017eiaus d\u0117mes ant odos miego metu, kai oda yra ramioje b\u016bsenoje ir yra labiausiai jautri veikli\u0173j\u0173 med\u017eiag\u0173 poveikiui. Kremas padeda suma\u017einti melanino sintez\u0119, suma\u017einti am\u017eiaus d\u0117mi\u0173 atsiradim\u0105 ir balinti od\u0105. Nat\u016bralus me\u0161kauogi\u0173 augal\u0173 ekstraktas sustiprina balinimo efekt\u0105 ir dr\u0117kina od\u0105.<\/p>\n<p>T\u016bris: 50 ml<\/p>\n<p>&nbsp;<\/p>\n","protected":false},"featured_media":2217,"comment_status":"open","ping_status":"closed","template":"","meta":[],"product_brand":[],"product_cat":[209,127],"product_tag":[],"class_list":{"0":"post-6504","1":"product","2":"type-product","3":"status-publish","4":"has-post-thumbnail","6":"product_cat-naktiniai-kremai","7":"product_cat-veidas","9":"first","10":"outofstock","11":"featured","12":"shipping-taxable","13":"purchasable","14":"product-type-simple"},"_links":{"self":[{"href":"https:\/\/beautysba.co.uk\/lt\/wp-json\/wp\/v2\/product\/6504","targetHints":{"allow":["GET"]}}],"collection":[{"href":"https:\/\/beautysba.co.uk\/lt\/wp-json\/wp\/v2\/product"}],"about":[{"href":"https:\/\/beautysba.co.uk\/lt\/wp-json\/wp\/v2\/types\/product"}],"replies":[{"embeddable":true,"href":"https:\/\/beautysba.co.uk\/lt\/wp-json\/wp\/v2\/comments?post=6504"}],"wp:featuredmedia":[{"embeddable":true,"href":"https:\/\/beautysba.co.uk\/lt\/wp-json\/wp\/v2\/media\/2217"}],"wp:attachment":[{"href":"https:\/\/beautysba.co.uk\/lt\/wp-json\/wp\/v2\/media?parent=6504"}],"wp:term":[{"taxonomy":"product_brand","embeddable":true,"href":"https:\/\/beautysba.co.uk\/lt\/wp-json\/wp\/v2\/product_brand?post=6504"},{"taxonomy":"product_cat","embeddable":true,"href":"https:\/\/beautysba.co.uk\/lt\/wp-json\/wp\/v2\/product_cat?post=6504"},{"taxonomy":"product_tag","embeddable":true,"href":"https:\/\/beautysba.co.uk\/lt\/wp-json\/wp\/v2\/product_tag?post=6504"}],"curies":[{"name":"wp","href":"https:\/\/api.w.org\/{rel}","templated":true}]}}