{"id":6557,"date":"2021-09-10T20:12:48","date_gmt":"2021-09-10T20:12:48","guid":{"rendered":"https:\/\/beautysba.co.uk\/product\/%d0%bc%d0%b0%d1%81%d0%ba%d0%b0-%d0%ba%d0%be%d0%bd%d0%b4%d0%b8%d1%86%d0%b8%d0%be%d0%bd%d0%b5%d1%80-%d0%be%d1%82-%d0%b2%d1%8b%d0%bf%d0%b0%d0%b4%d0%b5%d0%bd%d0%b8%d1%8f-%d0%b2%d0%be%d0%bb%d0%be%d1%81\/"},"modified":"2022-01-17T21:21:52","modified_gmt":"2022-01-17T21:21:52","slug":"plauku-slinkimo-kauke-kondicionierius","status":"publish","type":"product","link":"https:\/\/beautysba.co.uk\/lt\/produktas\/plauku-slinkimo-kauke-kondicionierius\/","title":{"rendered":"Kauk\u0117 nuo plauk\u0173 slinkimo &#8220;Varnal\u0117\u0161a&#8221;, 250 ml"},"content":{"rendered":"<p>D\u0117l Three Asset formul\u0117s, kuri\u0105 sudaro varnal\u0117\u0161\u0173 aliejus, varnal\u0117\u0161\u0173 \u0161akn\u0173 ekstraktas ir apyni\u0173 spurgai, kondicionieriaus kauk\u0117 aktyviai veikia trimis kryptimis. Atkuria pa\u017eeistus plaukus, maitina nusilpusias \u0161aknis ir skatina plauk\u0173 augim\u0105. Special\u016bs kondicionuojantys ingredientai suteikia blizgesio, spalvos spindesio, apimties ir lengvo i\u0161\u0161ukavimo. Kondicionieri\u0173 kauk\u0119 naudokite kartu su kitais Burdock serijos produktais ir greitai pasieksite laukiam\u0105 rezultat\u0105.<\/p>\n<p><b>Naudojimas:<\/b> tolygiai paskirstykite kondicionieri\u0173 ant \u0161vari\u0173, dr\u0117gn\u0173 plauk\u0173, palikite 5-10 minu\u010di\u0173, tada nuplaukite vandeniu. Rekomenduojamas kasdieniniam naudojimui.<\/p>\n<p><b>Sud\u0117tis:<\/b> <span id=\"g5fp94_5\" class=\"g5fp94\">vandens<\/span> , cetearilo <span id=\"g5fp94_4\" class=\"g5fp94\">alkoholis<\/span> , dipalmitoiletilo hidroksietilmonio metosulfatas, cetearetas-20, dimetikonas, behentrimonio chloridas, arctum Majus ekstraktas, humuso lupulus ekstraktas, aliejini\u0173 agurk\u0173 ekstraktas, <span id=\"g5fp94_3\" class=\"g5fp94\">metizolio<\/span> hidrochlorido ekstraktas, <span id=\"g5fp94_2\" class=\"g5fp94\">hidrochlorido<\/span> <span id=\"g5fp94_1\" class=\"g5fp94\">hidrochloridas<\/span> , dilg\u0117lin\u0117s diochlorido ekstraktas.<\/p>\n","protected":false},"excerpt":{"rendered":"<p>D\u0117l Three Asset formul\u0117s, kuri\u0105 sudaro varnal\u0117\u0161\u0173 aliejus, varnal\u0117\u0161\u0173 \u0161akn\u0173 ekstraktas ir apyni\u0173 spurgai, kondicionieriaus kauk\u0117 aktyviai veikia trimis kryptimis. Atkuria pa\u017eeistus plaukus, maitina nusilpusias \u0161aknis ir skatina plauk\u0173 augim\u0105. Special\u016bs kondicionuojantys ingredientai suteikia blizgesio, spalvos spindesio, apimties ir lengvo i\u0161\u0161ukavimo. Kondicionieri\u0173 kauk\u0119 naudokite kartu su kitais Burdock serijos produktais ir greitai pasieksite laukiam\u0105 rezultat\u0105.<\/p>\n","protected":false},"featured_media":3283,"comment_status":"open","ping_status":"closed","template":"","meta":[],"product_brand":[],"product_cat":[211,212,214],"product_tag":[],"class_list":{"0":"post-6557","1":"product","2":"type-product","3":"status-publish","4":"has-post-thumbnail","6":"product_cat-hair-lt","7":"product_cat-kondicionieriai-balzamai","8":"product_cat-plauku-kaukes","10":"first","11":"outofstock","12":"shipping-taxable","13":"purchasable","14":"product-type-simple"},"_links":{"self":[{"href":"https:\/\/beautysba.co.uk\/lt\/wp-json\/wp\/v2\/product\/6557","targetHints":{"allow":["GET"]}}],"collection":[{"href":"https:\/\/beautysba.co.uk\/lt\/wp-json\/wp\/v2\/product"}],"about":[{"href":"https:\/\/beautysba.co.uk\/lt\/wp-json\/wp\/v2\/types\/product"}],"replies":[{"embeddable":true,"href":"https:\/\/beautysba.co.uk\/lt\/wp-json\/wp\/v2\/comments?post=6557"}],"wp:featuredmedia":[{"embeddable":true,"href":"https:\/\/beautysba.co.uk\/lt\/wp-json\/wp\/v2\/media\/3283"}],"wp:attachment":[{"href":"https:\/\/beautysba.co.uk\/lt\/wp-json\/wp\/v2\/media?parent=6557"}],"wp:term":[{"taxonomy":"product_brand","embeddable":true,"href":"https:\/\/beautysba.co.uk\/lt\/wp-json\/wp\/v2\/product_brand?post=6557"},{"taxonomy":"product_cat","embeddable":true,"href":"https:\/\/beautysba.co.uk\/lt\/wp-json\/wp\/v2\/product_cat?post=6557"},{"taxonomy":"product_tag","embeddable":true,"href":"https:\/\/beautysba.co.uk\/lt\/wp-json\/wp\/v2\/product_tag?post=6557"}],"curies":[{"name":"wp","href":"https:\/\/api.w.org\/{rel}","templated":true}]}}