{"id":6598,"date":"2021-08-27T21:28:04","date_gmt":"2021-08-27T21:28:04","guid":{"rendered":"https:\/\/beautysba.co.uk\/product\/%d1%88%d0%b0%d0%bc%d0%bf%d1%83%d0%bd%d1%8c-%d0%b2%d0%be%d1%81%d1%81%d1%82%d0%b0%d0%bd%d0%be%d0%b2%d0%b8%d1%82%d0%b5%d0%bb%d1%8c-%d0%b4%d0%bb%d1%8f-%d0%bf%d0%be%d0%b2%d1%80%d0%b5%d0%b6%d0%b4%d0%b5\/"},"modified":"2022-11-18T21:01:02","modified_gmt":"2022-11-18T21:01:02","slug":"sampunas-pataisymas-gedimams","status":"publish","type":"product","link":"https:\/\/beautysba.co.uk\/lt\/produktas\/sampunas-pataisymas-gedimams\/","title":{"rendered":"Atgaivinantis \u0161amp\u016bnas pa\u017eeistiems ir da\u017eytiems plaukams Intensyvi atgaivinanti serija Healthy Hair (150ml)"},"content":{"rendered":"<p>Intensyvus atgaivinantis \u0161amp\u016bnas-restauratorius \u0161velniai valo, visi\u0161kai atkuria plaukus po ilgalaik\u0117s ir agresyvios \u017ealos, giliai \u012fsiskverbia \u012f strukt\u016br\u0105, maitina, stiprina ir transformuoja plaukus. \u0160ilko aminor\u016bg\u0161tys u\u017epildo visas pa\u017eeistas vietas, suteikdamos plaukams naujo stiprumo, \u0161ilko \u0161velnumo, nat\u016bralaus glotnumo, blizgesio ir elastingumo. Ekologi\u0161kas lin\u0173 s\u0117men\u0173 aliejus giliai ir intensyviai maitina, palikdamas plaukus tvirtus ir elastingus, i\u0161saugo da\u017eyt\u0173 plauk\u0173 spalv\u0105. Bi\u010di\u0173 propolis atstato, suteikia maksimali\u0105 j\u0117g\u0105, ma\u017eina trapum\u0105, gr\u0105\u017eina plauk\u0173 gyvybingum\u0105 ir nat\u016bral\u0173 gro\u017e\u012f. Rezultatas: visi\u0161kai atstatyti plaukai su \u0161ilko glotnumu ir sveiku blizgesiu!<\/p>\n<p>Aqua, Olea europaea (alyvuogi\u0173) g\u0117li\u0173 g\u0117li\u0173 vanduo, kokamidopropilo betainas, laurilo gliukozidas, kokoso gliukozidas, natrio lauret-5 karboksilatas, hidrolizuoti \u0161ilko peptidai, ekologi\u0161kas s\u0117men\u0173 aliejus, organinis s\u0117men\u0173 aliejus, glicerolio-2 kokoatas, propolis (i\u0161 ekstrakto palmi\u0173 aliejaus). Kvepalai, pieno r\u016bg\u0161tis, benzenkarboksir\u016bg\u0161tis, sorbo r\u016bg\u0161tis, dehidroacto r\u016bg\u0161tis, benzilo alkoholis, CI 15985<\/p>\n","protected":false},"excerpt":{"rendered":"<p>Intensyvus atgaivinantis \u0161amp\u016bnas-restauratorius \u0161velniai valo, visi\u0161kai atkuria plaukus po ilgalaik\u0117s ir agresyvios \u017ealos, giliai \u012fsiskverbia \u012f strukt\u016br\u0105, maitina, stiprina ir transformuoja plaukus. \u0160ilko aminor\u016bg\u0161tys u\u017epildo visas pa\u017eeistas vietas, suteikdamos plaukams naujo stiprumo, \u0161ilko \u0161velnumo, nat\u016bralaus glotnumo, blizgesio ir elastingumo. Ekologi\u0161kas lin\u0173 s\u0117men\u0173 aliejus giliai ir intensyviai maitina, palikdamas plaukus tvirtus ir elastingus, i\u0161saugo da\u017eyt\u0173 plauk\u0173 spalv\u0105. Bi\u010di\u0173 propolis atstato, suteikia maksimali\u0105 j\u0117g\u0105, ma\u017eina trapum\u0105, gr\u0105\u017eina plauk\u0173 gyvybingum\u0105 ir nat\u016bral\u0173 gro\u017e\u012f. Rezultatas: visi\u0161kai atstatyti plaukai su \u0161ilko glotnumu ir sveiku blizgesiu!Aqua, Olea europaea (alyvuogi\u0173) g\u0117li\u0173 vanduo, kokamidopropilo betainas, laurilo gliukozidas, kokoso gliukozidas, natrio lauret-5 karboksilatas, hidrolizuoti \u0161ilko peptidai (aminor\u016bg\u0161tys), aliejus, organinis s\u0117men\u0173 aliejus. Glicerinas, glicereto-2 kokoatas (i\u0161 palmi\u0173 aliejaus), propolio ekstraktas, kvepalai, pieno r\u016bg\u0161tis, benzenkarboksir\u016bg\u0161tis, sorbo r\u016bg\u0161tis, dehidroacto r\u016bg\u0161tis, benzilo alkoholis, CI 15985<\/p>\n","protected":false},"featured_media":2535,"comment_status":"open","ping_status":"closed","template":"","meta":[],"product_brand":[],"product_cat":[211,216],"product_tag":[],"class_list":{"0":"post-6598","1":"product","2":"type-product","3":"status-publish","4":"has-post-thumbnail","6":"product_cat-hair-lt","7":"product_cat-sampunai","9":"first","10":"outofstock","11":"shipping-taxable","12":"purchasable","13":"product-type-simple"},"_links":{"self":[{"href":"https:\/\/beautysba.co.uk\/lt\/wp-json\/wp\/v2\/product\/6598","targetHints":{"allow":["GET"]}}],"collection":[{"href":"https:\/\/beautysba.co.uk\/lt\/wp-json\/wp\/v2\/product"}],"about":[{"href":"https:\/\/beautysba.co.uk\/lt\/wp-json\/wp\/v2\/types\/product"}],"replies":[{"embeddable":true,"href":"https:\/\/beautysba.co.uk\/lt\/wp-json\/wp\/v2\/comments?post=6598"}],"wp:featuredmedia":[{"embeddable":true,"href":"https:\/\/beautysba.co.uk\/lt\/wp-json\/wp\/v2\/media\/2535"}],"wp:attachment":[{"href":"https:\/\/beautysba.co.uk\/lt\/wp-json\/wp\/v2\/media?parent=6598"}],"wp:term":[{"taxonomy":"product_brand","embeddable":true,"href":"https:\/\/beautysba.co.uk\/lt\/wp-json\/wp\/v2\/product_brand?post=6598"},{"taxonomy":"product_cat","embeddable":true,"href":"https:\/\/beautysba.co.uk\/lt\/wp-json\/wp\/v2\/product_cat?post=6598"},{"taxonomy":"product_tag","embeddable":true,"href":"https:\/\/beautysba.co.uk\/lt\/wp-json\/wp\/v2\/product_tag?post=6598"}],"curies":[{"name":"wp","href":"https:\/\/api.w.org\/{rel}","templated":true}]}}