{"id":6600,"date":"2021-08-27T13:18:23","date_gmt":"2021-08-27T13:18:23","guid":{"rendered":"https:\/\/beautysba.co.uk\/product\/%d0%ba%d1%80%d0%b5%d0%bc-%d0%bc%d0%b0%d1%81%d0%bb%d0%be-%d0%b4%d0%bb%d1%8f-%d1%80%d1%83%d0%ba-%d0%b8-%d1%82%d0%b5%d0%bb%d0%b0-%d0%bc%d0%b0%d0%ba%d1%81%d0%b8%d0%bc%d0%b0%d0%bb%d1%8c%d0%bd%d0%be-%d0%bf\/"},"modified":"2021-12-17T15:19:08","modified_gmt":"2021-12-17T15:19:08","slug":"grietineles-sviesto-rankoms-ir-kunui-maksimaliai-p","status":"publish","type":"product","link":"https:\/\/beautysba.co.uk\/lt\/produktas\/grietineles-sviesto-rankoms-ir-kunui-maksimaliai-p\/","title":{"rendered":"Kremas-sviestas rankoms ir k\u016bnui maksimaliai maitinantis sausai, labai sausai ir atopinei odai"},"content":{"rendered":"<p><b>Negyvosios j\u016bros mineralai<\/b><\/p>\n<p><b>omega lipid\u0173 kompleksas<\/b><\/p>\n<p>&#8211; suteikia odai papildomos mitybos;<\/p>\n<p>&#8211; intensyviai mink\u0161tina, dr\u0117kina ir ramina;<\/p>\n<div>&#8211; skatina \u012ftr\u016bkim\u0173 gijim\u0105, neleid\u017eia jiems atsirasti;<\/div>\n<div><\/div>\n<div>&#8211; atkuria odos vandens ir lipid\u0173 pusiausvyr\u0105.<\/div>\n<p>&nbsp;<\/p>\n<p>Idealiai tinka itin maitinan\u010diai, regeneruojan\u010diai, dr\u0117kinan\u010diai ir raminamai sausai, labai sausai, atopinei odai, taip pat odai, kuri neigiamai reaguoja \u012f \u012fvairius i\u0161orinius veiksnius (\u0161alt\u012f, v\u0117j\u0105, sausum\u0105 ir kt.).<\/p>\n<div>Gydomoji <b>20 Negyvosios j\u016bros mineral\u0173<\/b> esencija pasi\u017eymi galingu gydomuoju poveikiu: padidina apsaugines odos savybes, tonizuoja ir stiprina, gerina odos tankum\u0105 ir elastingum\u0105.<\/div>\n<div><\/div>\n<p><b>Omega r\u016bg\u0161tys<\/b> \u201eu\u017ebaigia\u201c suardytas lipidines jungtis, padeda atkurti odos kolageno-elastino matric\u0105, kad b\u016bt\u0173 i\u0161vengta prie\u0161laikinio sen\u0117jimo, skatinamas \u012ftr\u016bkim\u0173 gijimas ir u\u017ekertamas kelias j\u0173 atsiradimui.<\/p>\n<p><b>Vertingi sezamo, babassu, kakavos ir kokoso aliejai<\/b> giliai maitina l\u0105steles vitaminais, antioksidantais ir amino r\u016bg\u0161timis, efektyviai mink\u0161tina ir lygina od\u0105, ma\u017eina odos reaktyvum\u0105, polink\u012f dirginti ir paraudim\u0105.<\/p>\n<p><b>Nat\u016bralus dr\u0117kinamasis kremas Hydrovance ir sorbitolis<\/b> papildo ir sustiprina vienas kito veikim\u0105: akimirksniu gr\u0105\u017eina komforto jausm\u0105, ma\u017eina tempimo ir sausumo jausm\u0105, giliai dr\u0117kina od\u0105.<\/p>\n<p><b>Betainas<\/b> padidina odos tank\u012f, suteikia satininio glotnumo ir \u0161ilkingumo.<\/p>\n<p>D\u0117l puikaus <b>suderinamumo<\/b> su oda lanolinas \u0161velniai \u012fsijungia \u012f lipid\u0173 sluoksn\u012f, skatina mikropa\u017eeidim\u0173 gijim\u0105, atkuria odos elastingum\u0105 ir stangrum\u0105.<\/p>\n<div>\n<p><b>Rezultatas<\/b> : suma\u017e\u0117ja odos reaktyvumas, padid\u0117ja jos apsaugin\u0117s savyb\u0117s. Oda tampa \u0161velni, \u0161velni ir \u0161ilkin\u0117. <b>T\u016bris:<\/b> 150 ml<\/p>\n<p><b>Naudojimas:<\/b> tepkite produkt\u0105 ant \u0161varios odos, masa\u017euokite, kol visi\u0161kai \u012fsigers.<\/p>\n<p><b>Sud\u0117tis:<\/b> vanduo, cetearilo alkoholis, polisorbatas 60, lanolinas, petrolatumas, kokos\u0173 nucifer\u0173 aliejus (kokosas), glicerilo stearatas, Theobroma kakavos aliejus (kakava), sorbitolis, izodecilo neopentanoatas, izopropilo miristatas, ceteareth-25, metiloksiuretamo, fenetolas etilparabenas, propilparabenas, Orbignya Oleifera (babassu) s\u0117kl\u0173 aliejus, kvepal\u0173 sud\u0117tis, amonio akriloildimetiltaurato ir vinilpirolidono kopolimeras, Negyvosios j\u016bros druska, Triticum vulgare (kvie\u010di\u0173) gemal\u0173 aliejus, Bgaherylacetatas (kvie\u010di\u0173), lecoferilo acetatas, acetoacetatas. ksantano derva, Rosa Moschata (muskuso ro\u017ei\u0173) s\u0117kl\u0173 aliejus, Helianthus Annuus (saul\u0117gr\u0105\u017e\u0173) s\u0117kl\u0173 aliejus, Rosmarinus Officinalis (rozmarino) lap\u0173 ekstraktas, 2-bromo-2-nitropropan-1,3-diolis<\/p>\n<\/div>\n","protected":false},"excerpt":{"rendered":"<p>Idealiai tinka itin maitinan\u010diai, regeneruojan\u010diai, dr\u0117kinan\u010diai ir raminamai sausai, labai sausai, atopinei odai, taip pat odai, kuri neigiamai reaguoja \u012f \u012fvairius i\u0161orinius veiksnius (\u0161alt\u012f, v\u0117j\u0105, sausum\u0105 ir kt.).<\/p>\n","protected":false},"featured_media":2477,"comment_status":"open","ping_status":"closed","template":"","meta":[],"product_brand":[],"product_cat":[121,119,124],"product_tag":[],"class_list":{"0":"post-6600","1":"product","2":"type-product","3":"status-publish","4":"has-post-thumbnail","6":"product_cat-kuno-kremai-aliejai","7":"product_cat-kuno-produktai","8":"product_cat-ranku-prieziura","10":"first","11":"outofstock","12":"shipping-taxable","13":"purchasable","14":"product-type-simple"},"_links":{"self":[{"href":"https:\/\/beautysba.co.uk\/lt\/wp-json\/wp\/v2\/product\/6600","targetHints":{"allow":["GET"]}}],"collection":[{"href":"https:\/\/beautysba.co.uk\/lt\/wp-json\/wp\/v2\/product"}],"about":[{"href":"https:\/\/beautysba.co.uk\/lt\/wp-json\/wp\/v2\/types\/product"}],"replies":[{"embeddable":true,"href":"https:\/\/beautysba.co.uk\/lt\/wp-json\/wp\/v2\/comments?post=6600"}],"wp:featuredmedia":[{"embeddable":true,"href":"https:\/\/beautysba.co.uk\/lt\/wp-json\/wp\/v2\/media\/2477"}],"wp:attachment":[{"href":"https:\/\/beautysba.co.uk\/lt\/wp-json\/wp\/v2\/media?parent=6600"}],"wp:term":[{"taxonomy":"product_brand","embeddable":true,"href":"https:\/\/beautysba.co.uk\/lt\/wp-json\/wp\/v2\/product_brand?post=6600"},{"taxonomy":"product_cat","embeddable":true,"href":"https:\/\/beautysba.co.uk\/lt\/wp-json\/wp\/v2\/product_cat?post=6600"},{"taxonomy":"product_tag","embeddable":true,"href":"https:\/\/beautysba.co.uk\/lt\/wp-json\/wp\/v2\/product_tag?post=6600"}],"curies":[{"name":"wp","href":"https:\/\/api.w.org\/{rel}","templated":true}]}}