{"id":6602,"date":"2021-08-26T21:46:34","date_gmt":"2021-08-26T21:46:34","guid":{"rendered":"https:\/\/beautysba.co.uk\/product\/%d0%be%d1%82%d0%b1%d0%b5%d0%bb%d0%b8%d0%b2%d0%b0%d1%8e%d1%89%d0%b0%d1%8f-%d0%bc%d0%b0%d1%81%d0%ba%d0%b0-%d0%bf%d1%80%d0%be%d1%82%d0%b8%d0%b2-%d0%b2%d0%b5%d1%81%d0%bd%d1%83%d1%88%d0%b5%d0%ba-%d0%b8\/"},"modified":"2022-04-28T09:33:50","modified_gmt":"2022-04-28T09:33:50","slug":"balinimo-kauke-nuo-strazdanu-ir","status":"publish","type":"product","link":"https:\/\/beautysba.co.uk\/lt\/produktas\/balinimo-kauke-nuo-strazdanu-ir\/","title":{"rendered":"Balinanti kauk\u0117 nuo strazdan\u0173 ir am\u017eiaus d\u0117mi\u0173 su i\u0161mani\u0105ja odos \u0161viesinimo technologija"},"content":{"rendered":"<p>Balinanti kauk\u0117 i\u0161lygina veido spalv\u0105 ir suteikia odai sveik\u0105 i\u0161vaizd\u0105, pa\u0161viesina senatvines d\u0117mes ir strazdanas, kurios atsiranda d\u0117l ultravioletini\u0173 spinduli\u0173 poveikio ir neigiamos aplinkos veiksni\u0173, provokuojan\u010di\u0173 pigmentacij\u0105. Kauk\u0117 efektyviai i\u0161valo poras, pa\u0161alina negyvas l\u0105steles, pa\u0161alina kenksmingas med\u017eiagas, gerina odos elastingum\u0105 ir i\u0161vaizd\u0105, veikia raminan\u010diai ir stimuliuojan\u010diai. Kauk\u0117s komponentai nukreipti \u012f tas sritis, kurias reikia pa\u0161viesinti. Reguliarus balinamosios kauk\u0117s naudojimas padeda suma\u017einti melanino sintez\u0119 ir suma\u017einti am\u017eiaus d\u0117mi\u0173 atsiradim\u0105.<\/p>\n<p><b>T\u016bris:<\/b>100 ml<\/p>\n<div class=\"product-tab\">\n<div class=\"tab-content\">\n<div id=\"product2\" class=\"tab-pane fade active in\" role=\"tabpanel\">\n<p><b>Sud\u0117tis:<\/b> vanduo, skystas petrolatumas, cetilo alkoholis, glicerilo stearatas, PEG-75 stearatas, cettet-20, steareth-20, ry\u017ei\u0173 miltai, kaolinas, cetearilo alkoholis, Prunus Persica (persik\u0173) s\u0117kl\u0173 aliejus, dimetikonas, Arctostaphylos Uva-Ursitol lap\u0173 ekstraktas , natrio gliukonatas, citrin\u0173 r\u016bg\u0161tis, natrio citratas, Walteria Indica lap\u0173 ekstraktas (Valteria), dekstrinas, ferulo r\u016bg\u0161tis, titano dioksidas, glicerilo trikaprilatas \/ kapratas, diacetilboldinas, metilparabenas, kvepal\u0173 kompozicija, akriloildimetilparatilo eterino kopolimeras-2-am. -1,3-diolis, butilfenilmetilpropionalis, limonenas, heksilcinamalas, linalolis.<\/p>\n<\/div>\n<\/div>\n<\/div>\n","protected":false},"excerpt":{"rendered":"<p>Balinanti kauk\u0117 i\u0161lygina veido spalv\u0105 ir suteikia odai sveik\u0105 i\u0161vaizd\u0105, pa\u0161viesina senatvines d\u0117mes ir strazdanas, kurios atsiranda d\u0117l ultravioletini\u0173 spinduli\u0173 poveikio ir neigiamos aplinkos veiksni\u0173, provokuojan\u010di\u0173 pigmentacij\u0105. Kauk\u0117 efektyviai i\u0161valo poras, pa\u0161alina negyvas l\u0105steles, pa\u0161alina kenksmingas med\u017eiagas, gerina odos elastingum\u0105 ir i\u0161vaizd\u0105, veikia raminan\u010diai ir stimuliuojan\u010diai. Kauk\u0117s komponentai nukreipti \u012f tas sritis, kurias reikia pa\u0161viesinti. Reguliarus balinamosios kauk\u0117s naudojimas padeda suma\u017einti melanino sintez\u0119 ir suma\u017einti am\u017eiaus d\u0117mi\u0173 atsiradim\u0105.<\/p>\n","protected":false},"featured_media":2399,"comment_status":"open","ping_status":"closed","template":"","meta":[],"product_brand":[],"product_cat":[127,204],"product_tag":[],"class_list":{"0":"post-6602","1":"product","2":"type-product","3":"status-publish","4":"has-post-thumbnail","6":"product_cat-veidas","7":"product_cat-veido-kaukes","9":"first","10":"outofstock","11":"shipping-taxable","12":"purchasable","13":"product-type-simple"},"_links":{"self":[{"href":"https:\/\/beautysba.co.uk\/lt\/wp-json\/wp\/v2\/product\/6602","targetHints":{"allow":["GET"]}}],"collection":[{"href":"https:\/\/beautysba.co.uk\/lt\/wp-json\/wp\/v2\/product"}],"about":[{"href":"https:\/\/beautysba.co.uk\/lt\/wp-json\/wp\/v2\/types\/product"}],"replies":[{"embeddable":true,"href":"https:\/\/beautysba.co.uk\/lt\/wp-json\/wp\/v2\/comments?post=6602"}],"wp:featuredmedia":[{"embeddable":true,"href":"https:\/\/beautysba.co.uk\/lt\/wp-json\/wp\/v2\/media\/2399"}],"wp:attachment":[{"href":"https:\/\/beautysba.co.uk\/lt\/wp-json\/wp\/v2\/media?parent=6602"}],"wp:term":[{"taxonomy":"product_brand","embeddable":true,"href":"https:\/\/beautysba.co.uk\/lt\/wp-json\/wp\/v2\/product_brand?post=6602"},{"taxonomy":"product_cat","embeddable":true,"href":"https:\/\/beautysba.co.uk\/lt\/wp-json\/wp\/v2\/product_cat?post=6602"},{"taxonomy":"product_tag","embeddable":true,"href":"https:\/\/beautysba.co.uk\/lt\/wp-json\/wp\/v2\/product_tag?post=6602"}],"curies":[{"name":"wp","href":"https:\/\/api.w.org\/{rel}","templated":true}]}}