{"id":6624,"date":"2021-11-26T16:15:51","date_gmt":"2021-11-26T16:15:51","guid":{"rendered":"https:\/\/beautysba.co.uk\/?post_type=product&#038;p=6624"},"modified":"2022-05-30T07:01:10","modified_gmt":"2022-05-30T07:01:10","slug":"uzpildymas-plauku-lakas-dr-sante-kolagenas-plauku-apimties-didinimas-150-ml","status":"publish","type":"product","link":"https:\/\/beautysba.co.uk\/lt\/produktas\/uzpildymas-plauku-lakas-dr-sante-kolagenas-plauku-apimties-didinimas-150-ml\/","title":{"rendered":"U\u017epildomas plauk\u0173 lakas Dr. Sante Collagen Hair Volume Boost 150 ml"},"content":{"rendered":"<p>Kolagenas yra regeneruojantis sen\u0117jim\u0105 stabdantis komponentas, skirtas pri\u017ei\u016br\u0117ti silpnus, i\u0161ret\u0117jusius, sausus, l\u016b\u017ein\u0117jan\u010dius plaukus, neturin\u010dius apimties ir tvirtumo. I\u0161laiko reikiam\u0105 dr\u0117gm\u0117s lyg\u012f, padaro plaukus \u0161ilkinius, elastingus ir lankstus, sukuria apsaug\u0105 nuo pa\u017eeidim\u0173.<br \/>\nU\u017epildomas plauk\u0173 lakas su kolagenu apsaugo plaukus nuo pa\u017eeidim\u0173 ir i\u0161saus\u0117jimo, suteikia blizgesio. Akacijos augalo kolagenas tankina plaukus i\u0161 vidaus, o i\u0161or\u0117je sukuria dr\u0117gm\u0119 sulaikant\u012f sluoksn\u012f. Plaukai \u012fgauna ne\u012ftik\u0117tin\u0105 lankstum\u0105, formuojant ma\u017eiau traumuojam\u0173, kiekvieno plauko dydis padid\u0117ja, \u017evyneliai i\u0161silygina. Plaukai \u012fgauna ir vizualin\u0117s apimties, ir sruog\u0173 lengvumo poj\u016bt\u012f. Sud\u0117tyje n\u0117ra silikon\u0173.<\/p>\n<p>Sud\u0117tis<\/p>\n<p>Vanduo, pentilenglikolis, akacijos seyal dervos ekstraktas, glicerinas, cetrimonio chloridas, polikvaternis-44, polikvaternium-16, polisorbatas 20, kvepalai, kalio sorbatas, citrin\u0173 r\u016bg\u0161tis, kaprilhidroksamo r\u016bg\u0161tis, fenoksilo izomerolis, gerronolis, cicilo etanolis.<\/p>\n","protected":false},"excerpt":{"rendered":"<p>Kolagenas yra regeneruojantis sen\u0117jim\u0105 stabdantis komponentas, skirtas pri\u017ei\u016br\u0117ti silpnus, i\u0161ret\u0117jusius, sausus, l\u016b\u017ein\u0117jan\u010dius plaukus, neturin\u010dius apimties ir tvirtumo. I\u0161laiko reikiam\u0105 dr\u0117gm\u0117s lyg\u012f, padaro plaukus \u0161ilkinius, elastingus ir lankstus, sukuria apsaug\u0105 nuo pa\u017eeidim\u0173.<br \/>\nU\u017epildomas plauk\u0173 lakas su kolagenu apsaugo plaukus nuo pa\u017eeidim\u0173 ir i\u0161saus\u0117jimo, suteikia blizgesio. Akacijos augalo kolagenas tankina plaukus i\u0161 vidaus, o i\u0161or\u0117je sukuria dr\u0117gm\u0119 sulaikant\u012f sluoksn\u012f. Plaukai \u012fgauna ne\u012ftik\u0117tin\u0105 lankstum\u0105, formuojant ma\u017eiau traumuojam\u0173, kiekvieno plauko dydis padid\u0117ja, \u017evyneliai i\u0161silygina. Plaukai \u012fgauna ir vizualin\u0117s apimties, ir sruog\u0173 lengvumo poj\u016bt\u012f. Sud\u0117tyje n\u0117ra silikon\u0173.<\/p>\n","protected":false},"featured_media":6622,"comment_status":"open","ping_status":"closed","template":"","meta":[],"product_brand":[],"product_cat":[215,211],"product_tag":[],"class_list":{"0":"post-6624","1":"product","2":"type-product","3":"status-publish","4":"has-post-thumbnail","6":"product_cat-aliejai-serumai","7":"product_cat-hair-lt","9":"first","10":"outofstock","11":"shipping-taxable","12":"purchasable","13":"product-type-simple"},"_links":{"self":[{"href":"https:\/\/beautysba.co.uk\/lt\/wp-json\/wp\/v2\/product\/6624","targetHints":{"allow":["GET"]}}],"collection":[{"href":"https:\/\/beautysba.co.uk\/lt\/wp-json\/wp\/v2\/product"}],"about":[{"href":"https:\/\/beautysba.co.uk\/lt\/wp-json\/wp\/v2\/types\/product"}],"replies":[{"embeddable":true,"href":"https:\/\/beautysba.co.uk\/lt\/wp-json\/wp\/v2\/comments?post=6624"}],"wp:featuredmedia":[{"embeddable":true,"href":"https:\/\/beautysba.co.uk\/lt\/wp-json\/wp\/v2\/media\/6622"}],"wp:attachment":[{"href":"https:\/\/beautysba.co.uk\/lt\/wp-json\/wp\/v2\/media?parent=6624"}],"wp:term":[{"taxonomy":"product_brand","embeddable":true,"href":"https:\/\/beautysba.co.uk\/lt\/wp-json\/wp\/v2\/product_brand?post=6624"},{"taxonomy":"product_cat","embeddable":true,"href":"https:\/\/beautysba.co.uk\/lt\/wp-json\/wp\/v2\/product_cat?post=6624"},{"taxonomy":"product_tag","embeddable":true,"href":"https:\/\/beautysba.co.uk\/lt\/wp-json\/wp\/v2\/product_tag?post=6624"}],"curies":[{"name":"wp","href":"https:\/\/api.w.org\/{rel}","templated":true}]}}