{"id":6628,"date":"2021-11-26T16:17:52","date_gmt":"2021-11-26T16:17:52","guid":{"rendered":"https:\/\/beautysba.co.uk\/?post_type=product&#038;p=6628"},"modified":"2023-08-29T06:52:27","modified_gmt":"2023-08-29T06:52:27","slug":"uzpildas-plaukams-dr-sante-kolagenas-plauku-apimties-didinimas-100-ml","status":"publish","type":"product","link":"https:\/\/beautysba.co.uk\/lt\/produktas\/uzpildas-plaukams-dr-sante-kolagenas-plauku-apimties-didinimas-100-ml\/","title":{"rendered":"Plauk\u0173 u\u017epildas Dr. Sante Collagen Hair Volume boost 100 ml"},"content":{"rendered":"<p>Kolagenas yra regeneruojantis sen\u0117jim\u0105 stabdantis komponentas, skirtas pri\u017ei\u016br\u0117ti silpnus, i\u0161ret\u0117jusius, sausus, l\u016b\u017ein\u0117jan\u010dius plaukus, neturin\u010dius apimties ir tvirtumo. I\u0161laiko reikiam\u0105 dr\u0117gm\u0117s lyg\u012f, padaro plaukus \u0161ilkinius, elastingus ir lankstus, sukuria apsaug\u0105 nuo pa\u017eeidim\u0173.<br \/>\nPlauk\u0173 u\u017epildas su kolagenu akimirksniu regeneruoja ir putlina plaukus, suteikia blizgesio. Akacijos augalo kolagenas daro plaukus elastingus ir atsparius i\u0161or\u0117s veiksniams. Pantenolis sulaiko dr\u0117gm\u0119 plauko viduje, sandarina strukt\u016br\u0105 ir atstato \u017eal\u0105. Gali b\u016bti naudojama kaip termo kauk\u0117 arba greitoji kauk\u0117. Reikalingas skalavimas. Po u\u017etepimo plaukai tampa \u0161ilkiniai iki pat galiuk\u0173. Neapsunkina ir nesulipina sruog\u0173.<\/p>\n<p>Taikymo b\u016bdas<\/p>\n<p>1. Terminis atk\u016brimas: tolygiai paskirstykite u\u017epild\u0105 ant \u0161vari\u0173, dr\u0117gn\u0173 plauk\u0173 per vis\u0105 ilg\u012f, neliesdami galvos odos ir plauk\u0173 \u0161akn\u0173. U\u017ed\u0117kite plastikin\u012f dangtel\u012f arba termin\u012f dangtel\u012f, 3\u20135 minutes pa\u0161ildykite galv\u0105 plauk\u0173 d\u017eiovintuvu. Palikite produkt\u0105 dar 30 minu\u010di\u0173, apvyniokite galv\u0105 rank\u0161luos\u010diu, kad poveikis b\u016bt\u0173 maksimalus.<br \/>\nTada nuplaukite \u0161iltu tekan\u010diu vandeniu.<br \/>\n2. Greitas regeneravimas: sumai\u0161ykite u\u017epild\u0105 santykiu 1: 1 su \u0161altu vandeniu, mai\u0161ykite, kol gausite tir\u0161tos kremin\u0117s konsistencijos.<br \/>\nNenaudokite metalini\u0173 ind\u0173 \/ ind\u0173. Priemon\u0119 tepkite ant \u0161vari\u0173, dr\u0117gn\u0173 plauk\u0173, neliesdami galvos odos ir plauk\u0173 \u0161akn\u0173.<br \/>\nTolygiai paskirstykite per vis\u0105 ilg\u012f ir palikite 10-15 minu\u010di\u0173, tada nuplaukite \u0161iltu tekan\u010diu vandeniu.<\/p>\n<p>Sud\u0117tis<\/p>\n<p>Alkoholis, propilenglikolis, miristilo alkoholis, glicerinas, cetrimonio chloridas, pantenolis, PEG-12 dimetikonas, akacijos seyal dervos ekstraktas, kalio sorbatas, kvepalai, vanduo, citrin\u0173 r\u016bg\u0161tis, benzilo salicilatas, linalolis, alfa citometilas, linalolis<\/p>\n","protected":false},"excerpt":{"rendered":"<p>Kolagenas yra regeneruojantis sen\u0117jim\u0105 stabdantis komponentas, skirtas pri\u017ei\u016br\u0117ti silpnus, i\u0161ret\u0117jusius, sausus, l\u016b\u017ein\u0117jan\u010dius plaukus, neturin\u010dius apimties ir tvirtumo. I\u0161laiko reikiam\u0105 dr\u0117gm\u0117s lyg\u012f, padaro plaukus \u0161ilkinius, elastingus ir lankstus, sukuria apsaug\u0105 nuo pa\u017eeidim\u0173.<br \/>\nPlauk\u0173 u\u017epildas su kolagenu akimirksniu regeneruoja ir putlina plaukus, suteikia blizgesio. Akacijos augalo kolagenas daro plaukus elastingus ir atsparius i\u0161or\u0117s veiksniams. Pantenolis sulaiko dr\u0117gm\u0119 plauko viduje, sandarina strukt\u016br\u0105 ir atstato \u017eal\u0105. Gali b\u016bti naudojama kaip termo kauk\u0117 arba greitoji kauk\u0117. Reikalingas skalavimas. Po u\u017etepimo plaukai tampa \u0161ilkiniai iki pat galiuk\u0173. Neapsunkina ir nesulipina sruog\u0173.<\/p>\n","protected":false},"featured_media":6631,"comment_status":"open","ping_status":"closed","template":"","meta":[],"product_brand":[],"product_cat":[215,211],"product_tag":[],"class_list":{"0":"post-6628","1":"product","2":"type-product","3":"status-publish","4":"has-post-thumbnail","6":"product_cat-aliejai-serumai","7":"product_cat-hair-lt","9":"first","10":"outofstock","11":"shipping-taxable","12":"purchasable","13":"product-type-simple"},"_links":{"self":[{"href":"https:\/\/beautysba.co.uk\/lt\/wp-json\/wp\/v2\/product\/6628","targetHints":{"allow":["GET"]}}],"collection":[{"href":"https:\/\/beautysba.co.uk\/lt\/wp-json\/wp\/v2\/product"}],"about":[{"href":"https:\/\/beautysba.co.uk\/lt\/wp-json\/wp\/v2\/types\/product"}],"replies":[{"embeddable":true,"href":"https:\/\/beautysba.co.uk\/lt\/wp-json\/wp\/v2\/comments?post=6628"}],"wp:featuredmedia":[{"embeddable":true,"href":"https:\/\/beautysba.co.uk\/lt\/wp-json\/wp\/v2\/media\/6631"}],"wp:attachment":[{"href":"https:\/\/beautysba.co.uk\/lt\/wp-json\/wp\/v2\/media?parent=6628"}],"wp:term":[{"taxonomy":"product_brand","embeddable":true,"href":"https:\/\/beautysba.co.uk\/lt\/wp-json\/wp\/v2\/product_brand?post=6628"},{"taxonomy":"product_cat","embeddable":true,"href":"https:\/\/beautysba.co.uk\/lt\/wp-json\/wp\/v2\/product_cat?post=6628"},{"taxonomy":"product_tag","embeddable":true,"href":"https:\/\/beautysba.co.uk\/lt\/wp-json\/wp\/v2\/product_tag?post=6628"}],"curies":[{"name":"wp","href":"https:\/\/api.w.org\/{rel}","templated":true}]}}