{"id":6702,"date":"2021-12-30T21:17:03","date_gmt":"2021-12-30T21:17:03","guid":{"rendered":"https:\/\/beautysba.co.uk\/?post_type=product&#038;p=6702"},"modified":"2026-04-24T09:08:34","modified_gmt":"2026-04-24T09:08:34","slug":"dantu-pasta-misko-balzamas-sveikatai","status":"publish","type":"product","link":"https:\/\/beautysba.co.uk\/lt\/produktas\/dantu-pasta-misko-balzamas-sveikatai\/","title":{"rendered":"Dant\u0173 pasta &#8211; Mi\u0161ko balzamas, danten\u0173 sveikatai su propoliu, 75 ml"},"content":{"rendered":"<p>Skatina intensyv\u0173 danten\u0173 maitinim\u0105 ir pasi\u017eymi imunoaktyviu poveikiu, ma\u017eina danten\u0173 problem\u0173 atsiradimo rizik\u0105 \u2022 Sud\u0117tyje yra spygliuo\u010di\u0173 komplekso (pagal k\u0117nio, sak\u0173, kadagio ekstraktus) su \u017eoleli\u0173 nuoviru, propolio ir jona\u017eoli\u0173 ekstraktais \u2022 Turi sodr\u0173 spygliuo\u010di\u0173 skon\u012f \u2022 Reguliariai naudojant suma\u017eina danten\u0173 u\u017edegim\u0105 iki 94 % \u2022 Palaiko burnos mikrofloros pusiausvyr\u0105 \u2022 Rekomenduoja odontologai esant u\u017edegimams, kraujavimui ar bendram danten\u0173 nusilpimui<\/p>\n<p>Profilaktin\u0117 dant\u0173 pasta Mi\u0161ko balzamas su \u017eoleli\u0173 nuoviru su propoliu skatina intensyvi\u0105 mityb\u0105 ir stiprina dantenas. Jis turi imunoaktyv\u0173 poveik\u012f ir padvigubina burnos ertm\u0117s imuniteto darb\u0105, suma\u017eindamas danten\u0173 problem\u0173 atsiradimo rizik\u0105*.<\/p>\n<p>&nbsp;<\/p>\n<p>&nbsp;<\/p>\n","protected":false},"excerpt":{"rendered":"<p>Kai skauda dantenas po protezais arba protezas trina dantenas, naudokite past\u0105 Forest Balsam su propoliu ir jona\u017eol\u0117mis. Skausmas i\u0161nyksta jau po pirmo panaudojimo!<\/p>\n","protected":false},"featured_media":6699,"comment_status":"open","ping_status":"closed","template":"","meta":[],"product_brand":[],"product_cat":[189,191],"product_tag":[],"class_list":{"0":"post-6702","1":"product","2":"type-product","3":"status-publish","4":"has-post-thumbnail","6":"product_cat-dantu-prieziura","7":"product_cat-tualeto-reikmenys","9":"first","10":"instock","11":"shipping-taxable","12":"purchasable","13":"product-type-simple"},"_links":{"self":[{"href":"https:\/\/beautysba.co.uk\/lt\/wp-json\/wp\/v2\/product\/6702","targetHints":{"allow":["GET"]}}],"collection":[{"href":"https:\/\/beautysba.co.uk\/lt\/wp-json\/wp\/v2\/product"}],"about":[{"href":"https:\/\/beautysba.co.uk\/lt\/wp-json\/wp\/v2\/types\/product"}],"replies":[{"embeddable":true,"href":"https:\/\/beautysba.co.uk\/lt\/wp-json\/wp\/v2\/comments?post=6702"}],"wp:featuredmedia":[{"embeddable":true,"href":"https:\/\/beautysba.co.uk\/lt\/wp-json\/wp\/v2\/media\/6699"}],"wp:attachment":[{"href":"https:\/\/beautysba.co.uk\/lt\/wp-json\/wp\/v2\/media?parent=6702"}],"wp:term":[{"taxonomy":"product_brand","embeddable":true,"href":"https:\/\/beautysba.co.uk\/lt\/wp-json\/wp\/v2\/product_brand?post=6702"},{"taxonomy":"product_cat","embeddable":true,"href":"https:\/\/beautysba.co.uk\/lt\/wp-json\/wp\/v2\/product_cat?post=6702"},{"taxonomy":"product_tag","embeddable":true,"href":"https:\/\/beautysba.co.uk\/lt\/wp-json\/wp\/v2\/product_tag?post=6702"}],"curies":[{"name":"wp","href":"https:\/\/api.w.org\/{rel}","templated":true}]}}