{"id":6716,"date":"2021-12-30T21:41:50","date_gmt":"2021-12-30T21:41:50","guid":{"rendered":"https:\/\/beautysba.co.uk\/?post_type=product&#038;p=6716"},"modified":"2026-04-24T09:08:47","modified_gmt":"2026-04-24T09:08:47","slug":"ranku-kremas-namai-gydytojas-kolagenas","status":"publish","type":"product","link":"https:\/\/beautysba.co.uk\/lt\/produktas\/ranku-kremas-namai-gydytojas-kolagenas\/","title":{"rendered":"Home Doctor Collagen rank\u0173 kremas 42 ml"},"content":{"rendered":"<p>Atkuria elastingum\u0105 ir dr\u0117kinim\u0105, efektyviai maitina. Aktyviai palaiko jaunatvi\u0161k\u0105 rank\u0173 odos i\u0161vaizd\u0105.<\/p>\n<p>Sud\u0117tis (INCI)<\/p>\n<p>Vanduo, parafino skystis, glicerilo stearatas, kokos\u0173 nucifera aliejus, stearino r\u016bg\u0161tis, palmitino r\u016bg\u0161tis, hidrolizuotas kolagenas, hidrolizuotas elastinas, alantoinas, glicerinas, cetilarilo alkoholis, akrilatai \/ C10-30 alkilo akrilatas, natrio akrilato glikolis, natrio r\u016bg\u0161tis , Etilheksilglicerinas<\/p>\n","protected":false},"excerpt":{"rendered":"<p>Atkuria elastingum\u0105 ir dr\u0117kinim\u0105, efektyviai maitina. Aktyviai palaiko jaunatvi\u0161k\u0105 rank\u0173 odos i\u0161vaizd\u0105. Sud\u0117tis (INCI) Vanduo, parafino skystis, glicerilo stearatas, kokos\u0173 nucifera aliejus, stearino r\u016bg\u0161tis, palmitino r\u016bg\u0161tis, hidrolizuotas kolagenas, hidrolizuotas elastinas, alantoinas, glicerinas, cetilarilo alkoholis, akrilatai \/ C10-30 alkilo akrilatas, natrio akrilato glikolis, natrio r\u016bg\u0161tis , Etilheksilglicerinas<\/p>\n","protected":false},"featured_media":6714,"comment_status":"open","ping_status":"closed","template":"","meta":[],"product_brand":[],"product_cat":[119,124],"product_tag":[],"class_list":{"0":"post-6716","1":"product","2":"type-product","3":"status-publish","4":"has-post-thumbnail","6":"product_cat-kuno-produktai","7":"product_cat-ranku-prieziura","9":"first","10":"instock","11":"shipping-taxable","12":"purchasable","13":"product-type-simple"},"_links":{"self":[{"href":"https:\/\/beautysba.co.uk\/lt\/wp-json\/wp\/v2\/product\/6716","targetHints":{"allow":["GET"]}}],"collection":[{"href":"https:\/\/beautysba.co.uk\/lt\/wp-json\/wp\/v2\/product"}],"about":[{"href":"https:\/\/beautysba.co.uk\/lt\/wp-json\/wp\/v2\/types\/product"}],"replies":[{"embeddable":true,"href":"https:\/\/beautysba.co.uk\/lt\/wp-json\/wp\/v2\/comments?post=6716"}],"wp:featuredmedia":[{"embeddable":true,"href":"https:\/\/beautysba.co.uk\/lt\/wp-json\/wp\/v2\/media\/6714"}],"wp:attachment":[{"href":"https:\/\/beautysba.co.uk\/lt\/wp-json\/wp\/v2\/media?parent=6716"}],"wp:term":[{"taxonomy":"product_brand","embeddable":true,"href":"https:\/\/beautysba.co.uk\/lt\/wp-json\/wp\/v2\/product_brand?post=6716"},{"taxonomy":"product_cat","embeddable":true,"href":"https:\/\/beautysba.co.uk\/lt\/wp-json\/wp\/v2\/product_cat?post=6716"},{"taxonomy":"product_tag","embeddable":true,"href":"https:\/\/beautysba.co.uk\/lt\/wp-json\/wp\/v2\/product_tag?post=6716"}],"curies":[{"name":"wp","href":"https:\/\/api.w.org\/{rel}","templated":true}]}}